{"id":43693,"date":"2024-01-31T13:04:52","date_gmt":"2024-01-31T13:04:52","guid":{"rendered":"https:\/\/e.kosmolat.eu\/product\/spkrug-krems-balzams-celgaliem-ar-ingveru-kaneli-un-hondroitinu-50-g\/"},"modified":"2026-04-23T09:17:39","modified_gmt":"2026-04-23T09:17:39","slug":"spkrug-krems-balzams-celgaliem-ar-ingveru-kaneli-un-hondroitinu-50-g","status":"publish","type":"product","link":"https:\/\/e.kosmolat.eu\/lv\/product\/spkrug-krems-balzams-celgaliem-ar-ingveru-kaneli-un-hondroitinu-50-g\/","title":{"rendered":"SpKrug Kr\u0113ms-balzams ce\u013cgaliem ar ingveru, kan\u0113li un hondroit\u012bnu, 50 g"},"content":{"rendered":"<p>Kosm\u0113tisks l\u012bdzeklis ar ingvera, kan\u0113\u013ca, arnikas ekstraktiem, hondroit\u012bnu, glikozam\u012bnu un kamparu ce\u013cgalu, elko\u0146u, plecu loc\u012btavu, plaukstu loc\u012btavu apvidus mas\u0101\u017eai.<\/p>\n<p><strong>Lieto&scaron;ana:<\/strong> uzkl\u0101t uz t\u012bras un sausas \u0101das.<\/p>\n<p>Uzglab\u0101t temperat\u016br\u0101 no +2 &deg;C l\u012bdz +25 &deg;C.<br \/>\n&nbsp;<\/p>\n","protected":false},"excerpt":{"rendered":"<p>Kosm\u0113tisks l\u012bdzeklis ar ingvera, kan\u0113\u013ca, arnikas ekstraktiem, hondroit\u012bnu, glikozam\u012bnu un kamparu ce\u013cgalu, elko\u0146u, plecu loc\u012btavu, plaukstu loc\u012btavu apvidus mas\u0101\u017eai. Lieto&scaron;ana: uzkl\u0101t uz t\u012bras un sausas \u0101das. Uzglab\u0101t temperat\u016br\u0101 no +2 &deg;C l\u012bdz +25 &deg;C. &nbsp;<\/p>\n","protected":false},"featured_media":88774,"template":"","meta":[],"product_cat":[2182],"product_tag":[],"class_list":{"0":"post-43693","1":"product","2":"type-product","3":"status-publish","4":"has-post-thumbnail","6":"product_brand-elpis","7":"product_cat-bez-kategorijas-ru","9":"first","10":"instock","11":"taxable","12":"shipping-taxable","13":"product-type-simple"},"_links":{"self":[{"href":"https:\/\/e.kosmolat.eu\/lv\/wp-json\/wp\/v2\/product\/43693","targetHints":{"allow":["GET"]}}],"collection":[{"href":"https:\/\/e.kosmolat.eu\/lv\/wp-json\/wp\/v2\/product"}],"about":[{"href":"https:\/\/e.kosmolat.eu\/lv\/wp-json\/wp\/v2\/types\/product"}],"wp:featuredmedia":[{"embeddable":true,"href":"https:\/\/e.kosmolat.eu\/lv\/wp-json\/wp\/v2\/media\/88774"}],"wp:attachment":[{"href":"https:\/\/e.kosmolat.eu\/lv\/wp-json\/wp\/v2\/media?parent=43693"}],"wp:term":[{"taxonomy":"product_cat","embeddable":true,"href":"https:\/\/e.kosmolat.eu\/lv\/wp-json\/wp\/v2\/product_cat?post=43693"},{"taxonomy":"product_tag","embeddable":true,"href":"https:\/\/e.kosmolat.eu\/lv\/wp-json\/wp\/v2\/product_tag?post=43693"}],"curies":[{"name":"wp","href":"https:\/\/api.w.org\/{rel}","templated":true}]}}