{"id":43685,"date":"2024-01-31T13:04:32","date_gmt":"2024-01-31T13:04:32","guid":{"rendered":"https:\/\/e.kosmolat.eu\/product\/dd-krems-ar-gliemezu-mucina-ekstraktu-atjaunojoss-30-ml\/"},"modified":"2026-04-22T08:53:34","modified_gmt":"2026-04-22T08:53:34","slug":"dd-krems-ar-gliemezu-mucina-ekstraktu-atjaunojoss-30-ml","status":"publish","type":"product","link":"https:\/\/e.kosmolat.eu\/lv\/product\/dd-krems-ar-gliemezu-mucina-ekstraktu-atjaunojoss-30-ml\/","title":{"rendered":"DD Kr\u0113ms ar glieme\u017eu muc\u012bna ekstraktu Atjaunojo\u0161s , 30 ml"},"content":{"rendered":"<p>Visiem \u0101das tipiem.<\/p>\n<p><strong>Lieto&scaron;ana: <\/strong>ar viegl\u0101m mas\u0113jo&scaron;\u0101m kust\u012bb\u0101m uzkl\u0101t uz t\u012bras \u0101das gar mas\u0101\u017eas l\u012bnij\u0101m.<\/p>\n<p><strong>Piesardz\u012bbas pas\u0101kumi: <\/strong>iesp\u0113jama paaugstin\u0101ta jut\u012bba pret atsevi&scaron;\u0137\u0101m sast\u0101vda\u013c\u0101m.&nbsp;<\/p>\n<p>Uzglab\u0101t temperat\u016br\u0101 no +5 &deg;\u0421 l\u012bdz +25 &deg;\u0421.&nbsp;<\/p>\n","protected":false},"excerpt":{"rendered":"<p>Visiem \u0101das tipiem. Lieto&scaron;ana: ar viegl\u0101m mas\u0113jo&scaron;\u0101m kust\u012bb\u0101m uzkl\u0101t uz t\u012bras \u0101das gar mas\u0101\u017eas l\u012bnij\u0101m. Piesardz\u012bbas pas\u0101kumi: iesp\u0113jama paaugstin\u0101ta jut\u012bba pret atsevi&scaron;\u0137\u0101m sast\u0101vda\u013c\u0101m.&nbsp; Uzglab\u0101t temperat\u016br\u0101 no +5 &deg;\u0421 l\u012bdz +25 &deg;\u0421.&nbsp;<\/p>\n","protected":false},"featured_media":88838,"template":"","meta":[],"product_cat":[2181],"product_tag":[],"class_list":{"0":"post-43685","1":"product","2":"type-product","3":"status-publish","4":"has-post-thumbnail","6":"product_brand-elfa_ua","7":"product_cat-bez-kategorijas-lt","9":"first","10":"instock","11":"taxable","12":"shipping-taxable","13":"product-type-simple"},"_links":{"self":[{"href":"https:\/\/e.kosmolat.eu\/lv\/wp-json\/wp\/v2\/product\/43685","targetHints":{"allow":["GET"]}}],"collection":[{"href":"https:\/\/e.kosmolat.eu\/lv\/wp-json\/wp\/v2\/product"}],"about":[{"href":"https:\/\/e.kosmolat.eu\/lv\/wp-json\/wp\/v2\/types\/product"}],"wp:featuredmedia":[{"embeddable":true,"href":"https:\/\/e.kosmolat.eu\/lv\/wp-json\/wp\/v2\/media\/88838"}],"wp:attachment":[{"href":"https:\/\/e.kosmolat.eu\/lv\/wp-json\/wp\/v2\/media?parent=43685"}],"wp:term":[{"taxonomy":"product_cat","embeddable":true,"href":"https:\/\/e.kosmolat.eu\/lv\/wp-json\/wp\/v2\/product_cat?post=43685"},{"taxonomy":"product_tag","embeddable":true,"href":"https:\/\/e.kosmolat.eu\/lv\/wp-json\/wp\/v2\/product_tag?post=43685"}],"curies":[{"name":"wp","href":"https:\/\/api.w.org\/{rel}","templated":true}]}}