{"id":43681,"date":"2024-01-31T13:04:12","date_gmt":"2024-01-31T13:04:12","guid":{"rendered":"https:\/\/e.kosmolat.eu\/product\/modum-klasika-matu-balzams-dadzu-400-g\/"},"modified":"2025-09-20T01:05:35","modified_gmt":"2025-09-20T01:05:35","slug":"modum-klasika-matu-balzams-dadzu-400-g","status":"publish","type":"product","link":"https:\/\/e.kosmolat.eu\/lv\/product\/modum-klasika-matu-balzams-dadzu-400-g\/","title":{"rendered":"Modum KLASIKA Matu balzams Dad\u017eu, 400 g"},"content":{"rendered":"<p>Visiem matu tipiem. Balzams ar di\u017edad\u017ea un vir&scaron;u ekstraktiem nov\u0101jin\u0101tu matu kop&scaron;anai ar trausluma, bl\u0101vuma, l\u0113nas aug&scaron;anas vai izkri&scaron;anas probl\u0113m\u0101m. L\u012bdzeklis nodro&scaron;ina lielisku atjaunojo&scaron;u kop&scaron;anu un mitrin\u0101&scaron;anu. Di\u017edad\u017ea un vir&scaron;u ekstrakti pal\u012bdz uzlabot matu strukt\u016bru, stiprina matus, pa\u0101trina matu aug&scaron;anu un mazina matu izkri&scaron;anu. Lietojot balzamu mati k\u013c\u016bst biezi un sp\u012bd\u012bgi.<\/p>\n<p><strong>Lieto&scaron;ana: <\/strong>uzkl\u0101jiet nelielu balzama daudzumu uz t\u012briem, mitriem matiem. Izkl\u0101jiet vis\u0101 matu garum\u0101, atst\u0101jiet uz 3-5 min\u016bt\u0113m, noskalojiet ar nedaudz v\u0113su \u016bdeni.<\/p>\n<p>Uzglab\u0101t temperat\u016br\u0101 no +5 &deg;C l\u012bdz +25 &deg;C.&nbsp;Nelietot p\u0113c der\u012bguma termi\u0146a beig\u0101m.<br \/>\n&nbsp;<\/p>\n","protected":false},"excerpt":{"rendered":"<p>Visiem matu tipiem. Balzams ar di\u017edad\u017ea un vir&scaron;u ekstraktiem nov\u0101jin\u0101tu matu kop&scaron;anai ar trausluma, bl\u0101vuma, l\u0113nas aug&scaron;anas vai izkri&scaron;anas probl\u0113m\u0101m. L\u012bdzeklis nodro&scaron;ina lielisku atjaunojo&scaron;u kop&scaron;anu un mitrin\u0101&scaron;anu. Di\u017edad\u017ea un vir&scaron;u ekstrakti pal\u012bdz uzlabot matu strukt\u016bru, stiprina matus, pa\u0101trina matu aug&scaron;anu un mazina matu izkri&scaron;anu. Lietojot balzamu mati k\u013c\u016bst biezi un sp\u012bd\u012bgi. Lieto&scaron;ana: uzkl\u0101jiet nelielu balzama [&#8230;]\n","protected":false},"featured_media":88626,"template":"","meta":[],"product_cat":[1638],"product_tag":[],"class_list":{"0":"post-43681","1":"product","2":"type-product","3":"status-publish","4":"has-post-thumbnail","6":"product_brand-modum_by","7":"product_cat-balzami","9":"first","10":"outofstock","11":"taxable","12":"shipping-taxable","13":"product-type-simple"},"_links":{"self":[{"href":"https:\/\/e.kosmolat.eu\/lv\/wp-json\/wp\/v2\/product\/43681","targetHints":{"allow":["GET"]}}],"collection":[{"href":"https:\/\/e.kosmolat.eu\/lv\/wp-json\/wp\/v2\/product"}],"about":[{"href":"https:\/\/e.kosmolat.eu\/lv\/wp-json\/wp\/v2\/types\/product"}],"wp:featuredmedia":[{"embeddable":true,"href":"https:\/\/e.kosmolat.eu\/lv\/wp-json\/wp\/v2\/media\/88626"}],"wp:attachment":[{"href":"https:\/\/e.kosmolat.eu\/lv\/wp-json\/wp\/v2\/media?parent=43681"}],"wp:term":[{"taxonomy":"product_cat","embeddable":true,"href":"https:\/\/e.kosmolat.eu\/lv\/wp-json\/wp\/v2\/product_cat?post=43681"},{"taxonomy":"product_tag","embeddable":true,"href":"https:\/\/e.kosmolat.eu\/lv\/wp-json\/wp\/v2\/product_tag?post=43681"}],"curies":[{"name":"wp","href":"https:\/\/api.w.org\/{rel}","templated":true}]}}