{"id":43669,"date":"2024-01-31T13:03:17","date_gmt":"2024-01-31T13:03:17","guid":{"rendered":"https:\/\/e.kosmolat.eu\/product\/modum-%d0%balasika-matu-balzams-natre-400-ml\/"},"modified":"2025-09-20T01:04:36","modified_gmt":"2025-09-20T01:04:36","slug":"modum-%d0%balasika-matu-balzams-natre-400-ml","status":"publish","type":"product","link":"https:\/\/e.kosmolat.eu\/lv\/product\/modum-%d0%balasika-matu-balzams-natre-400-ml\/","title":{"rendered":"Modum \u041aLASIKA Matu balzams N\u0101tre, 400 ml"},"content":{"rendered":"<p>Visiem matu tipiem. Balzams ar dab\u012bgiem n\u0101tru un v\u0113rmeles ekstraktiem pl\u0101nu un nov\u0101jin\u0101tu matu atjauno&scaron;anai. Atgrie\u017e matiem grezno apjomu un mirdzumu. N\u0101tres ekstrakta \u0101rstniecisk\u0101s \u012bpa&scaron;\u012bbas, vitam\u012bni un miner\u0101lvielas nodro&scaron;ina stiprino&scaron;u efektu, pie&scaron;\u0137ir matiem apjomu, atsvaidzina &scaron;\u0137ipsnu bl\u0101vo kr\u0101su. Hohobas e\u013c\u013ca dzi\u013ci baro un mitrina matus vis\u0101 to garum\u0101.<\/p>\n<p><strong>Lieto&scaron;ana: <\/strong>uzkl\u0101jiet nelielu balzama daudzumu uz t\u012briem, mitriem matiem. Izkl\u0101jiet vis\u0101 matu garum\u0101, atst\u0101jiet uz 3-5 min\u016bt\u0113m, noskalojiet ar nedaudz v\u0113su \u016bdeni.<\/p>\n<p>Uzglab\u0101t temperat\u016br\u0101 no +5 &deg;C l\u012bdz +25 &deg;C.&nbsp;Nelietot p\u0113c der\u012bguma termi\u0146a beig\u0101m.<br \/>\n&nbsp;<\/p>\n","protected":false},"excerpt":{"rendered":"<p>Visiem matu tipiem. Balzams ar dab\u012bgiem n\u0101tru un v\u0113rmeles ekstraktiem pl\u0101nu un nov\u0101jin\u0101tu matu atjauno&scaron;anai. Atgrie\u017e matiem grezno apjomu un mirdzumu. N\u0101tres ekstrakta \u0101rstniecisk\u0101s \u012bpa&scaron;\u012bbas, vitam\u012bni un miner\u0101lvielas nodro&scaron;ina stiprino&scaron;u efektu, pie&scaron;\u0137ir matiem apjomu, atsvaidzina &scaron;\u0137ipsnu bl\u0101vo kr\u0101su. Hohobas e\u013c\u013ca dzi\u013ci baro un mitrina matus vis\u0101 to garum\u0101. Lieto&scaron;ana: uzkl\u0101jiet nelielu balzama daudzumu uz t\u012briem, [&#8230;]\n","protected":false},"featured_media":88610,"template":"","meta":[],"product_cat":[1638],"product_tag":[],"class_list":{"0":"post-43669","1":"product","2":"type-product","3":"status-publish","4":"has-post-thumbnail","6":"product_brand-modum_by","7":"product_cat-balzami","9":"first","10":"outofstock","11":"taxable","12":"shipping-taxable","13":"product-type-simple"},"_links":{"self":[{"href":"https:\/\/e.kosmolat.eu\/lv\/wp-json\/wp\/v2\/product\/43669","targetHints":{"allow":["GET"]}}],"collection":[{"href":"https:\/\/e.kosmolat.eu\/lv\/wp-json\/wp\/v2\/product"}],"about":[{"href":"https:\/\/e.kosmolat.eu\/lv\/wp-json\/wp\/v2\/types\/product"}],"wp:featuredmedia":[{"embeddable":true,"href":"https:\/\/e.kosmolat.eu\/lv\/wp-json\/wp\/v2\/media\/88610"}],"wp:attachment":[{"href":"https:\/\/e.kosmolat.eu\/lv\/wp-json\/wp\/v2\/media?parent=43669"}],"wp:term":[{"taxonomy":"product_cat","embeddable":true,"href":"https:\/\/e.kosmolat.eu\/lv\/wp-json\/wp\/v2\/product_cat?post=43669"},{"taxonomy":"product_tag","embeddable":true,"href":"https:\/\/e.kosmolat.eu\/lv\/wp-json\/wp\/v2\/product_tag?post=43669"}],"curies":[{"name":"wp","href":"https:\/\/api.w.org\/{rel}","templated":true}]}}