{"id":43657,"date":"2024-01-31T13:02:43","date_gmt":"2024-01-31T13:02:43","guid":{"rendered":"https:\/\/e.kosmolat.eu\/product\/modum-klasika-natru-sampuns-550-ml\/"},"modified":"2025-09-20T01:04:06","modified_gmt":"2025-09-20T01:04:06","slug":"modum-klasika-natru-sampuns-550-ml","status":"publish","type":"product","link":"https:\/\/e.kosmolat.eu\/lv\/product\/modum-klasika-natru-sampuns-550-ml\/","title":{"rendered":"Modum KLASIKA N\u0101tru \u0161amp\u016bns, 550 ml"},"content":{"rendered":"<p>Visiem matu tipiem. &Scaron;amp\u016bns ar dab\u012bgiem n\u0101tres un v\u0113rmeles ekstraktiem r\u016bp\u012bgi att\u012bra matus no net\u012brumiem un galvas \u0101du no liek\u0101 sebuma. N\u0101tres ekstrakts satur daudz v\u0113rt\u012bgo vitam\u012bnu un miner\u0101lvielu, nodro&scaron;ina nomierino&scaron;u un l\u012bdzsvarojo&scaron;u iedarb\u012bbu, maigi stimul\u0113 galvas \u0101du un stiprina matus. &Scaron;amp\u016bns pie&scaron;\u0137ir matiem apjomu, atsvaidzina &scaron;\u0137ipsnu bl\u0101vo kr\u0101su, sniedz svaigumu un uzmundrina.<br \/>\n&nbsp;&nbsp;<br \/>\n<strong>Lieto&scaron;ana:<\/strong> uzkl\u0101jiet &scaron;amp\u016bnu uz mitriem matiem. Ar viegl\u0101m mas\u0113jo&scaron;\u0101m kust\u012bb\u0101m saputojiet piesak\u0146u zon\u0101 un vis\u0101 matu garum\u0101. Noskalojiet ar \u016bdeni. Ja nepiecie&scaron;ams, atk\u0101rtojiet proced\u016bru.<\/p>\n<p>Uzglab\u0101t temperat\u016br\u0101 no +5 &deg;C l\u012bdz +25 &deg;C. Nelietot p\u0113c der\u012bguma termi\u0146a beig\u0101m.<br \/>\n&nbsp;<\/p>\n","protected":false},"excerpt":{"rendered":"<p>Visiem matu tipiem. &Scaron;amp\u016bns ar dab\u012bgiem n\u0101tres un v\u0113rmeles ekstraktiem r\u016bp\u012bgi att\u012bra matus no net\u012brumiem un galvas \u0101du no liek\u0101 sebuma. N\u0101tres ekstrakts satur daudz v\u0113rt\u012bgo vitam\u012bnu un miner\u0101lvielu, nodro&scaron;ina nomierino&scaron;u un l\u012bdzsvarojo&scaron;u iedarb\u012bbu, maigi stimul\u0113 galvas \u0101du un stiprina matus. &Scaron;amp\u016bns pie&scaron;\u0137ir matiem apjomu, atsvaidzina &scaron;\u0137ipsnu bl\u0101vo kr\u0101su, sniedz svaigumu un uzmundrina. &nbsp;&nbsp; Lieto&scaron;ana: [&#8230;]\n","protected":false},"featured_media":88602,"template":"","meta":[],"product_cat":[1248],"product_tag":[],"class_list":{"0":"post-43657","1":"product","2":"type-product","3":"status-publish","4":"has-post-thumbnail","6":"product_brand-modum_by","7":"product_cat-sampuni","9":"first","10":"outofstock","11":"taxable","12":"shipping-taxable","13":"product-type-simple"},"_links":{"self":[{"href":"https:\/\/e.kosmolat.eu\/lv\/wp-json\/wp\/v2\/product\/43657","targetHints":{"allow":["GET"]}}],"collection":[{"href":"https:\/\/e.kosmolat.eu\/lv\/wp-json\/wp\/v2\/product"}],"about":[{"href":"https:\/\/e.kosmolat.eu\/lv\/wp-json\/wp\/v2\/types\/product"}],"wp:featuredmedia":[{"embeddable":true,"href":"https:\/\/e.kosmolat.eu\/lv\/wp-json\/wp\/v2\/media\/88602"}],"wp:attachment":[{"href":"https:\/\/e.kosmolat.eu\/lv\/wp-json\/wp\/v2\/media?parent=43657"}],"wp:term":[{"taxonomy":"product_cat","embeddable":true,"href":"https:\/\/e.kosmolat.eu\/lv\/wp-json\/wp\/v2\/product_cat?post=43657"},{"taxonomy":"product_tag","embeddable":true,"href":"https:\/\/e.kosmolat.eu\/lv\/wp-json\/wp\/v2\/product_tag?post=43657"}],"curies":[{"name":"wp","href":"https:\/\/api.w.org\/{rel}","templated":true}]}}