{"id":43649,"date":"2024-01-31T13:02:25","date_gmt":"2024-01-31T13:02:25","guid":{"rendered":"https:\/\/e.kosmolat.eu\/product\/modum-klasika-darvas-sampuns-550-ml\/"},"modified":"2025-09-20T01:03:45","modified_gmt":"2025-09-20T01:03:45","slug":"modum-klasika-darvas-sampuns-550-ml","status":"publish","type":"product","link":"https:\/\/e.kosmolat.eu\/lv\/product\/modum-klasika-darvas-sampuns-550-ml\/","title":{"rendered":"Modum KLASIKA Darvas \u0161amp\u016bns, 550 ml"},"content":{"rendered":"<p>Visiem matu tipiem. &Scaron;amp\u016bns ar b\u0113rza darvu un pantenolu saudz\u012bgi kopj jebkura tipa galvas \u0101du, regul\u0113 tauku dziedzeru darb\u012bbu, \u013caujot atbr\u012bvoties no liek\u0101 sebuma, nomierina un nov\u0113r&scaron; diskomforta saj\u016btu, ko rada \u0101das lob\u012b&scaron;an\u0101s. B\u0113rzu darvas atjaunojo&scaron;\u0101s \u012bpa&scaron;\u012bbas labv\u0113l\u012bgi ietekm\u0113 matu st\u0101vokli. B\u0113rzu darva kav\u0113 matu izkri&scaron;anu, veicina matu aug&scaron;anu, stimul\u0113jot matu folikulus, pie&scaron;\u0137ir matiem sp\u012bdumu un apjomu.<\/p>\n<p><strong>Lieto&scaron;ana: <\/strong>uzkl\u0101jiet &scaron;amp\u016bnu uz mitriem matiem. Ar viegl\u0101m mas\u0113jo&scaron;\u0101m kust\u012bb\u0101m saputojiet piesak\u0146u zon\u0101 un vis\u0101 matu garum\u0101. Noskalojiet ar \u016bdeni. Ja nepiecie&scaron;ams, atk\u0101rtojiet proced\u016bru.<\/p>\n<p>Uzglab\u0101t temperat\u016br\u0101 no +5 &deg;C l\u012bdz +25 &deg;C. Nelietot p\u0113c der\u012bguma termi\u0146a beig\u0101m.<br \/>\n&nbsp;<\/p>\n","protected":false},"excerpt":{"rendered":"<p>Visiem matu tipiem. &Scaron;amp\u016bns ar b\u0113rza darvu un pantenolu saudz\u012bgi kopj jebkura tipa galvas \u0101du, regul\u0113 tauku dziedzeru darb\u012bbu, \u013caujot atbr\u012bvoties no liek\u0101 sebuma, nomierina un nov\u0113r&scaron; diskomforta saj\u016btu, ko rada \u0101das lob\u012b&scaron;an\u0101s. B\u0113rzu darvas atjaunojo&scaron;\u0101s \u012bpa&scaron;\u012bbas labv\u0113l\u012bgi ietekm\u0113 matu st\u0101vokli. B\u0113rzu darva kav\u0113 matu izkri&scaron;anu, veicina matu aug&scaron;anu, stimul\u0113jot matu folikulus, pie&scaron;\u0137ir matiem sp\u012bdumu [&#8230;]\n","protected":false},"featured_media":88598,"template":"","meta":[],"product_cat":[1248],"product_tag":[],"class_list":{"0":"post-43649","1":"product","2":"type-product","3":"status-publish","4":"has-post-thumbnail","6":"product_brand-modum_by","7":"product_cat-sampuni","9":"first","10":"outofstock","11":"taxable","12":"shipping-taxable","13":"product-type-simple"},"_links":{"self":[{"href":"https:\/\/e.kosmolat.eu\/lv\/wp-json\/wp\/v2\/product\/43649","targetHints":{"allow":["GET"]}}],"collection":[{"href":"https:\/\/e.kosmolat.eu\/lv\/wp-json\/wp\/v2\/product"}],"about":[{"href":"https:\/\/e.kosmolat.eu\/lv\/wp-json\/wp\/v2\/types\/product"}],"wp:featuredmedia":[{"embeddable":true,"href":"https:\/\/e.kosmolat.eu\/lv\/wp-json\/wp\/v2\/media\/88598"}],"wp:attachment":[{"href":"https:\/\/e.kosmolat.eu\/lv\/wp-json\/wp\/v2\/media?parent=43649"}],"wp:term":[{"taxonomy":"product_cat","embeddable":true,"href":"https:\/\/e.kosmolat.eu\/lv\/wp-json\/wp\/v2\/product_cat?post=43649"},{"taxonomy":"product_tag","embeddable":true,"href":"https:\/\/e.kosmolat.eu\/lv\/wp-json\/wp\/v2\/product_tag?post=43649"}],"curies":[{"name":"wp","href":"https:\/\/api.w.org\/{rel}","templated":true}]}}