{"id":43637,"date":"2024-01-31T13:01:35","date_gmt":"2024-01-31T13:01:35","guid":{"rendered":"https:\/\/e.kosmolat.eu\/product\/klasika-gimenes-zobu-pasta-150-g\/"},"modified":"2025-09-20T01:02:24","modified_gmt":"2025-09-20T01:02:24","slug":"klasika-gimenes-zobu-pasta-150-g","status":"publish","type":"product","link":"https:\/\/e.kosmolat.eu\/lv\/product\/klasika-gimenes-zobu-pasta-150-g\/","title":{"rendered":"KLASIKA \u0122imenes zobu pasta, 150 g"},"content":{"rendered":"<p>Zobu pasta visai \u0123imenei ar dab\u012bgo baltegles un piparm\u0113tras \u0113terisko e\u013c\u013cu kompleksu efekt\u012bvi no\u0146em aplikumu un nodro&scaron;ina smaganu aizsardz\u012bbu. Dezodor\u0113 mutes dobumu.<br \/>\n&#8211; Baltegles e\u013c\u013cai piem\u012bt pretiekaisuma un antioksidanta \u012bpa&scaron;\u012bbas, labv\u0113l\u012bgi ietekm\u0113 mutes g\u013cot\u0101du.<br \/>\n&#8211; Piparm\u0113tru e\u013c\u013cai ir toniz\u0113jo&scaron;a iedarb\u012bba, kas pal\u012bdz uztur\u0113t zobu un smaganu vesel\u012bbu. Atsvaidzina muti uz ilgu laiku.<\/p>\n<p><strong>Lieto&scaron;ana: <\/strong>t\u012briet zobus 2-3 min\u016btes divas reizes dien\u0101.<\/p>\n<p>Uzglab\u0101t temperat\u016br\u0101 no 0 &deg;C l\u012bdz +25 &deg;C.<br \/>\n&nbsp;<\/p>\n","protected":false},"excerpt":{"rendered":"<p>Zobu pasta visai \u0123imenei ar dab\u012bgo baltegles un piparm\u0113tras \u0113terisko e\u013c\u013cu kompleksu efekt\u012bvi no\u0146em aplikumu un nodro&scaron;ina smaganu aizsardz\u012bbu. Dezodor\u0113 mutes dobumu. &#8211; Baltegles e\u013c\u013cai piem\u012bt pretiekaisuma un antioksidanta \u012bpa&scaron;\u012bbas, labv\u0113l\u012bgi ietekm\u0113 mutes g\u013cot\u0101du. &#8211; Piparm\u0113tru e\u013c\u013cai ir toniz\u0113jo&scaron;a iedarb\u012bba, kas pal\u012bdz uztur\u0113t zobu un smaganu vesel\u012bbu. Atsvaidzina muti uz ilgu laiku. Lieto&scaron;ana: t\u012briet zobus [&#8230;]\n","protected":false},"featured_media":88574,"template":"","meta":[],"product_cat":[1306],"product_tag":[],"class_list":{"0":"post-43637","1":"product","2":"type-product","3":"status-publish","4":"has-post-thumbnail","6":"product_brand-modum_by","7":"product_cat-zobu-pastas-un-zelejas","9":"first","10":"outofstock","11":"taxable","12":"shipping-taxable","13":"product-type-simple"},"_links":{"self":[{"href":"https:\/\/e.kosmolat.eu\/lv\/wp-json\/wp\/v2\/product\/43637","targetHints":{"allow":["GET"]}}],"collection":[{"href":"https:\/\/e.kosmolat.eu\/lv\/wp-json\/wp\/v2\/product"}],"about":[{"href":"https:\/\/e.kosmolat.eu\/lv\/wp-json\/wp\/v2\/types\/product"}],"wp:featuredmedia":[{"embeddable":true,"href":"https:\/\/e.kosmolat.eu\/lv\/wp-json\/wp\/v2\/media\/88574"}],"wp:attachment":[{"href":"https:\/\/e.kosmolat.eu\/lv\/wp-json\/wp\/v2\/media?parent=43637"}],"wp:term":[{"taxonomy":"product_cat","embeddable":true,"href":"https:\/\/e.kosmolat.eu\/lv\/wp-json\/wp\/v2\/product_cat?post=43637"},{"taxonomy":"product_tag","embeddable":true,"href":"https:\/\/e.kosmolat.eu\/lv\/wp-json\/wp\/v2\/product_tag?post=43637"}],"curies":[{"name":"wp","href":"https:\/\/api.w.org\/{rel}","templated":true}]}}