{"id":43629,"date":"2024-01-31T13:00:54","date_gmt":"2024-01-31T13:00:54","guid":{"rendered":"https:\/\/e.kosmolat.eu\/product\/cl-pienins-makijazas-nonems-jebkura-tipa-adai-100-ml\/"},"modified":"2025-09-20T01:01:14","modified_gmt":"2025-09-20T01:01:14","slug":"cl-pienins-makijazas-nonems-jebkura-tipa-adai-100-ml","status":"publish","type":"product","link":"https:\/\/e.kosmolat.eu\/lv\/product\/cl-pienins-makijazas-nonems-jebkura-tipa-adai-100-ml\/","title":{"rendered":"CL Pieni\u0146s makij\u0101\u017eas no\u0146em\u0161.jebkura tipa \u0101dai, 100 ml"},"content":{"rendered":"<p>Pieni\u0146&scaron; makij\u0101\u017eas no\u0146em&scaron;anai ar br\u016bkle\u0146u ekstraktu jebkura tipa \u0101dai. Baro&scaron;ana un tvirtums.<br \/>\nNature Plus esence &ndash; 5 ekstrakti un e\u013c\u013cas: &nbsp;verbenas, peonijas, mande\u013cu e\u013c\u013cas, line\u013c\u013cas un ol\u012bve\u013c\u013cas ekstrakti.<br \/>\nBr\u016bkle\u0146u ekstrakts nov\u0113r&scaron; \u0101das tvirtuma zudumu.<\/p>\n<p><strong>Lieto&scaron;ana:<\/strong> uzkl\u0101t pieni\u0146u uz vates diska un ar viegl\u0101m kust\u012bb\u0101m att\u012br\u012bt \u0101du. Nav j\u0101noskalo.&nbsp;<\/p>\n<p>Nav \u0101rstniecisks l\u012bdzeklis. Nelietot iek&scaron;\u0137\u012bgi.<br \/>\n&nbsp;<\/p>\n","protected":false},"excerpt":{"rendered":"<p>Pieni\u0146&scaron; makij\u0101\u017eas no\u0146em&scaron;anai ar br\u016bkle\u0146u ekstraktu jebkura tipa \u0101dai. Baro&scaron;ana un tvirtums. Nature Plus esence &ndash; 5 ekstrakti un e\u013c\u013cas: &nbsp;verbenas, peonijas, mande\u013cu e\u013c\u013cas, line\u013c\u013cas un ol\u012bve\u013c\u013cas ekstrakti. Br\u016bkle\u0146u ekstrakts nov\u0113r&scaron; \u0101das tvirtuma zudumu. Lieto&scaron;ana: uzkl\u0101t pieni\u0146u uz vates diska un ar viegl\u0101m kust\u012bb\u0101m att\u012br\u012bt \u0101du. Nav j\u0101noskalo.&nbsp; Nav \u0101rstniecisks l\u012bdzeklis. Nelietot iek&scaron;\u0137\u012bgi. &nbsp;<\/p>\n","protected":false},"featured_media":88554,"template":"","meta":[],"product_cat":[1572],"product_tag":[],"class_list":{"0":"post-43629","1":"product","2":"type-product","3":"status-publish","4":"has-post-thumbnail","6":"product_brand-unilever-ua","7":"product_cat-pienini-un-ellas","9":"first","10":"outofstock","11":"taxable","12":"shipping-taxable","13":"product-type-simple"},"_links":{"self":[{"href":"https:\/\/e.kosmolat.eu\/lv\/wp-json\/wp\/v2\/product\/43629","targetHints":{"allow":["GET"]}}],"collection":[{"href":"https:\/\/e.kosmolat.eu\/lv\/wp-json\/wp\/v2\/product"}],"about":[{"href":"https:\/\/e.kosmolat.eu\/lv\/wp-json\/wp\/v2\/types\/product"}],"wp:featuredmedia":[{"embeddable":true,"href":"https:\/\/e.kosmolat.eu\/lv\/wp-json\/wp\/v2\/media\/88554"}],"wp:attachment":[{"href":"https:\/\/e.kosmolat.eu\/lv\/wp-json\/wp\/v2\/media?parent=43629"}],"wp:term":[{"taxonomy":"product_cat","embeddable":true,"href":"https:\/\/e.kosmolat.eu\/lv\/wp-json\/wp\/v2\/product_cat?post=43629"},{"taxonomy":"product_tag","embeddable":true,"href":"https:\/\/e.kosmolat.eu\/lv\/wp-json\/wp\/v2\/product_tag?post=43629"}],"curies":[{"name":"wp","href":"https:\/\/api.w.org\/{rel}","templated":true}]}}