{"id":43621,"date":"2024-01-31T13:00:28","date_gmt":"2024-01-31T13:00:28","guid":{"rendered":"https:\/\/e.kosmolat.eu\/product\/cl-losjons-toniks-saus-jut-adai-rozlapinas-100-ml\/"},"modified":"2025-09-20T01:01:00","modified_gmt":"2025-09-20T01:01:00","slug":"cl-losjons-toniks-saus-jut-adai-rozlapinas-100-ml","status":"publish","type":"product","link":"https:\/\/e.kosmolat.eu\/lv\/product\/cl-losjons-toniks-saus-jut-adai-rozlapinas-100-ml\/","title":{"rendered":"CL Losjons-toniks saus, jut.\u0101dai Ro\u017elapi\u0146as, 100 ml"},"content":{"rendered":"<p>Nature Plus esence &ndash; 5 ekstrakti un e\u013c\u013cas: &nbsp;verbenas, peonijas, mande\u013cu e\u013c\u013cas, line\u013c\u013cas un ol\u012bve\u013c\u013cas ekstrakti, un E vitam\u012bns.&nbsp;<br \/>\nRozes ekstrakts nomierina \u0101du un pie&scaron;\u0137ir gludumu un vesel\u012bgu sp\u012bdumu.<\/p>\n<p><strong>Lieto&scaron;ana: <\/strong>uzkl\u0101t losjonu-toniku uz vates diska un not\u012br\u012bt sejas un kakla \u0101du gar mas\u0101\u017eas l\u012bnij\u0101m.<\/p>\n<p>Nav \u0101rstniecisks l\u012bdzeklis. Pie\u013caujamas nelielas nogulsnes sakar\u0101 ar dab\u012bg\u0101m l\u012bdzek\u013ca sast\u0101vda\u013c\u0101m, kas neietekm\u0113 produkta kvalit\u0101ti un dro&scaron;umu. Ieteicams sakrat\u012bt pudel\u012bti pirms lieto&scaron;anas.<br \/>\n&nbsp;<\/p>\n","protected":false},"excerpt":{"rendered":"<p>Nature Plus esence &ndash; 5 ekstrakti un e\u013c\u013cas: &nbsp;verbenas, peonijas, mande\u013cu e\u013c\u013cas, line\u013c\u013cas un ol\u012bve\u013c\u013cas ekstrakti, un E vitam\u012bns.&nbsp; Rozes ekstrakts nomierina \u0101du un pie&scaron;\u0137ir gludumu un vesel\u012bgu sp\u012bdumu. Lieto&scaron;ana: uzkl\u0101t losjonu-toniku uz vates diska un not\u012br\u012bt sejas un kakla \u0101du gar mas\u0101\u017eas l\u012bnij\u0101m. Nav \u0101rstniecisks l\u012bdzeklis. Pie\u013caujamas nelielas nogulsnes sakar\u0101 ar dab\u012bg\u0101m l\u012bdzek\u013ca sast\u0101vda\u013c\u0101m, [&#8230;]\n","protected":false},"featured_media":88550,"template":"","meta":[],"product_cat":[1578],"product_tag":[],"class_list":{"0":"post-43621","1":"product","2":"type-product","3":"status-publish","4":"has-post-thumbnail","6":"product_brand-unilever-ua","7":"product_cat-losjoni-un-toniki","9":"first","10":"outofstock","11":"taxable","12":"shipping-taxable","13":"product-type-simple"},"_links":{"self":[{"href":"https:\/\/e.kosmolat.eu\/lv\/wp-json\/wp\/v2\/product\/43621","targetHints":{"allow":["GET"]}}],"collection":[{"href":"https:\/\/e.kosmolat.eu\/lv\/wp-json\/wp\/v2\/product"}],"about":[{"href":"https:\/\/e.kosmolat.eu\/lv\/wp-json\/wp\/v2\/types\/product"}],"wp:featuredmedia":[{"embeddable":true,"href":"https:\/\/e.kosmolat.eu\/lv\/wp-json\/wp\/v2\/media\/88550"}],"wp:attachment":[{"href":"https:\/\/e.kosmolat.eu\/lv\/wp-json\/wp\/v2\/media?parent=43621"}],"wp:term":[{"taxonomy":"product_cat","embeddable":true,"href":"https:\/\/e.kosmolat.eu\/lv\/wp-json\/wp\/v2\/product_cat?post=43621"},{"taxonomy":"product_tag","embeddable":true,"href":"https:\/\/e.kosmolat.eu\/lv\/wp-json\/wp\/v2\/product_tag?post=43621"}],"curies":[{"name":"wp","href":"https:\/\/api.w.org\/{rel}","templated":true}]}}