{"id":43617,"date":"2024-01-31T12:59:59","date_gmt":"2024-01-31T12:59:59","guid":{"rendered":"https:\/\/e.kosmolat.eu\/product\/forte-vita-ton-balzams-3-22-ultraviolets-150-ml\/"},"modified":"2026-04-01T07:53:19","modified_gmt":"2026-04-01T07:53:19","slug":"forte-vita-ton-balzams-3-22-ultraviolets-150-ml","status":"publish","type":"product","link":"https:\/\/e.kosmolat.eu\/lv\/product\/forte-vita-ton-balzams-3-22-ultraviolets-150-ml\/","title":{"rendered":"Forte Vita Ton.balzams 3.22 Ultraviolets, 150 ml"},"content":{"rendered":"<p>Gai&scaron;iem un br\u016bniem matiem. Nesatur amonjaku. Pie&scaron;\u0137ir matiem ko&scaron;u kr\u0101su un mirdzo&scaron;u sp\u012bdumu, nodro&scaron;inot lamin\u0113&scaron;anas efektu. Satur kerat\u012bnu, arg\u0101ne\u013c\u013cu, avokado e\u013c\u013cu.<\/p>\n<p><strong>Lieto&scaron;ana: <\/strong>uzvelciet aizsargcimdus un apmetni, lai pasarg\u0101tu ap\u0123\u0113rbu no traipiem. Uzkl\u0101jiet balzamu uz t\u012briem, mitriem matiem un izkl\u0101jiet to vis\u0101 matu garum\u0101.<\/p>\n<p><strong>Iedarb\u012bbas laiks: <\/strong>vieglam tonim &ndash; no 1 l\u012bdz 5 min\u016bt\u0113m, pies\u0101tin\u0101t\u0101kam tonim &ndash; l\u012bdz 20 min\u016bt\u0113m. P\u0113c iedarb\u012bbas laika beig\u0101m r\u016bp\u012bgi izskalojiet matus ar siltu \u016bdeni, l\u012bdz tas k\u013c\u016bst dzidrs.<\/p>\n<p><strong>Piesardz\u012bbas pas\u0101kumi:<\/strong><br \/>\nMatu kr\u0101svielas var izrais\u012bt aler\u0123isku reakciju. Izlas\u012bt un iev\u0113rot nor\u0101d\u012bjumus. &Scaron;is l\u012bdzeklis nav paredz\u0113ts person\u0101m, kas jaun\u0101kas par 16 gadiem. Meln\u0101s hennas tetov\u0113jumi, kas nav permanenti, var paaugstin\u0101t aler\u0123iju risku. Veiciet \u0101das jut\u012bbas testu 24 stundas pirms lieto&scaron;anas, uzkl\u0101jot nelielu daudzumu ton\u0113jo&scaron;\u0101 balzama uz apak&scaron;delma iek&scaron;\u0113j\u0101s virsmas vai \u0101das aiz auss. P\u0113c 30 min\u016bt\u0113m nomazg\u0101jiet. Ja 24 stundu laik\u0101 nerodas aps\u0101rtums, var s\u0101kt matu kr\u0101so&scaron;anu.<\/p>\n<p><strong>Matus nekr\u0101sot, ja:<\/strong><br \/>\n&bull;&nbsp;&nbsp; &nbsp;uz sejas ir izsitumi vai galvas \u0101da ir jut\u012bga, kairin\u0101ta vai boj\u0101ta;<br \/>\n&bull;&nbsp;&nbsp; &nbsp;p\u0113c matu kr\u0101so&scaron;anas ir bijusi k\u0101da reakcija;<br \/>\n&bull;&nbsp;&nbsp; &nbsp;agr\u0101k ir bijusi reakcija uz meln\u0101s hennas tetov\u0113jumu, kas nav notur\u012bgs.<\/p>\n<p>Izvair\u012bties no ton\u0113jo&scaron;\u0101 balzama iek\u013c\u016b&scaron;anas ac\u012bs. Ja iek\u013c\u016bst ac\u012bs, nekav\u0113joties izskalot ar t\u012bru \u016bdeni. Nelietot skropstu vai uzacu kr\u0101so&scaron;anai. Uzglab\u0101t b\u0113rniem nepieejam\u0101 viet\u0101.<\/p>\n<p><strong>Uzglab\u0101&scaron;anas noteikumi: <\/strong>uzglab\u0101t temperat\u016br\u0101 no +5 &ordm;C l\u012bdz +25 &ordm;C, sarg\u0101jot no tie&scaron;iem saules stariem, vismaz 0,5 m att\u0101lum\u0101 no apkures ier\u012bc\u0113m.<br \/>\n&nbsp;<\/p>\n","protected":false},"excerpt":{"rendered":"<p>Gai&scaron;iem un br\u016bniem matiem. Nesatur amonjaku. Pie&scaron;\u0137ir matiem ko&scaron;u kr\u0101su un mirdzo&scaron;u sp\u012bdumu, nodro&scaron;inot lamin\u0113&scaron;anas efektu. Satur kerat\u012bnu, arg\u0101ne\u013c\u013cu, avokado e\u013c\u013cu. Lieto&scaron;ana: uzvelciet aizsargcimdus un apmetni, lai pasarg\u0101tu ap\u0123\u0113rbu no traipiem. Uzkl\u0101jiet balzamu uz t\u012briem, mitriem matiem un izkl\u0101jiet to vis\u0101 matu garum\u0101. Iedarb\u012bbas laiks: vieglam tonim &ndash; no 1 l\u012bdz 5 min\u016bt\u0113m, pies\u0101tin\u0101t\u0101kam tonim [&#8230;]\n","protected":false},"featured_media":88546,"template":"","meta":[],"product_cat":[1297],"product_tag":[],"class_list":{"0":"post-43617","1":"product","2":"type-product","3":"status-publish","4":"has-post-thumbnail","6":"product_brand-supermash_ua","7":"product_cat-matu-tonesanas-lidzekli","9":"first","10":"outofstock","11":"taxable","12":"shipping-taxable","13":"product-type-simple"},"_links":{"self":[{"href":"https:\/\/e.kosmolat.eu\/lv\/wp-json\/wp\/v2\/product\/43617","targetHints":{"allow":["GET"]}}],"collection":[{"href":"https:\/\/e.kosmolat.eu\/lv\/wp-json\/wp\/v2\/product"}],"about":[{"href":"https:\/\/e.kosmolat.eu\/lv\/wp-json\/wp\/v2\/types\/product"}],"wp:featuredmedia":[{"embeddable":true,"href":"https:\/\/e.kosmolat.eu\/lv\/wp-json\/wp\/v2\/media\/88546"}],"wp:attachment":[{"href":"https:\/\/e.kosmolat.eu\/lv\/wp-json\/wp\/v2\/media?parent=43617"}],"wp:term":[{"taxonomy":"product_cat","embeddable":true,"href":"https:\/\/e.kosmolat.eu\/lv\/wp-json\/wp\/v2\/product_cat?post=43617"},{"taxonomy":"product_tag","embeddable":true,"href":"https:\/\/e.kosmolat.eu\/lv\/wp-json\/wp\/v2\/product_tag?post=43617"}],"curies":[{"name":"wp","href":"https:\/\/api.w.org\/{rel}","templated":true}]}}