{"id":43605,"date":"2024-01-31T12:58:59","date_gmt":"2024-01-31T12:58:59","guid":{"rendered":"https:\/\/e.kosmolat.eu\/product\/bioworld-goji-fit-atjaunojoss-krems-pilings-kajam-75-ml\/"},"modified":"2026-01-16T10:41:13","modified_gmt":"2026-01-16T10:41:13","slug":"i_bioworld-goji-fit-atjaunojoss-krems-pilings-kajam-75-ml","status":"publish","type":"product","link":"https:\/\/e.kosmolat.eu\/lv\/product\/i_bioworld-goji-fit-atjaunojoss-krems-pilings-kajam-75-ml\/","title":{"rendered":"I_BioWorld Goji Fit Atjaunojo\u0161s kr\u0113ms-p\u012blings k\u0101j\u0101m, 75 ml"},"content":{"rendered":"<p>P\u012blinga kr\u0113ms k\u0101j\u0101m pal\u012bdz\u0113s saudz\u012bgi no\u0146emt keratiniz\u0113to \u0101das sl\u0101ni. Piem\u0113rots regul\u0101rai lieto&scaron;anai.<\/p>\n<ul>\n<li>God\u017ei ogu ekstrakts aktiviz\u0113 pa&scaron;atjauno&scaron;an\u0101s meh\u0101nismus p\u0113du \u0101das &scaron;\u016bn\u0101s, padara \u0101du elast\u012bgu un atjauno lip\u012bdu barjeru.<\/li>\n<li>Beauplex VH, kas sast\u0101v no E, C, B3, B5 un B6 vitam\u012bniem, sp\u0113j aizsarg\u0101t un atjaunot pat vissaus\u0101ko p\u0113du \u0101du.<\/li>\n<li>AHA sk\u0101bju komplekss maigi no\u0146em atmiru&scaron;\u0101s \u0101das &scaron;\u016bnas, sniedzot \u0101dai gludumu. Nov\u0113r&scaron; \u0101das dehidrat\u0101ciju un iz\u017e\u016b&scaron;anu.<\/li>\n<li>Sudraba citr\u0101tam piem\u012bt antibakteri\u0101ls efekts.<\/li>\n<\/ul>\n<p><strong>Lieto&scaron;ana:<\/strong> vienm\u0113r\u012bgi uzkl\u0101jiet kr\u0113mu-p\u012blingu uz p\u0113du \u0101das un atst\u0101jiet uz 10-15 min\u016bt\u0113m, p\u0113c tam noskalojiet ar siltu \u016bdeni.<br \/>\n&nbsp;<\/p>\n","protected":false},"excerpt":{"rendered":"<p>P\u012blinga kr\u0113ms k\u0101j\u0101m pal\u012bdz\u0113s saudz\u012bgi no\u0146emt keratiniz\u0113to \u0101das sl\u0101ni. Piem\u0113rots regul\u0101rai lieto&scaron;anai. God\u017ei ogu ekstrakts aktiviz\u0113 pa&scaron;atjauno&scaron;an\u0101s meh\u0101nismus p\u0113du \u0101das &scaron;\u016bn\u0101s, padara \u0101du elast\u012bgu un atjauno lip\u012bdu barjeru. Beauplex VH, kas sast\u0101v no E, C, B3, B5 un B6 vitam\u012bniem, sp\u0113j aizsarg\u0101t un atjaunot pat vissaus\u0101ko p\u0113du \u0101du. AHA sk\u0101bju komplekss maigi no\u0146em atmiru&scaron;\u0101s \u0101das [&#8230;]\n","protected":false},"featured_media":88442,"template":"","meta":[],"product_cat":[1761],"product_tag":[],"class_list":{"0":"post-43605","1":"product","2":"type-product","3":"status-publish","4":"has-post-thumbnail","6":"product_brand-matbea_sivis_by","7":"product_cat-kaju-kopsanas-kosmetika","9":"first","10":"outofstock","11":"taxable","12":"shipping-taxable","13":"product-type-simple"},"_links":{"self":[{"href":"https:\/\/e.kosmolat.eu\/lv\/wp-json\/wp\/v2\/product\/43605","targetHints":{"allow":["GET"]}}],"collection":[{"href":"https:\/\/e.kosmolat.eu\/lv\/wp-json\/wp\/v2\/product"}],"about":[{"href":"https:\/\/e.kosmolat.eu\/lv\/wp-json\/wp\/v2\/types\/product"}],"wp:featuredmedia":[{"embeddable":true,"href":"https:\/\/e.kosmolat.eu\/lv\/wp-json\/wp\/v2\/media\/88442"}],"wp:attachment":[{"href":"https:\/\/e.kosmolat.eu\/lv\/wp-json\/wp\/v2\/media?parent=43605"}],"wp:term":[{"taxonomy":"product_cat","embeddable":true,"href":"https:\/\/e.kosmolat.eu\/lv\/wp-json\/wp\/v2\/product_cat?post=43605"},{"taxonomy":"product_tag","embeddable":true,"href":"https:\/\/e.kosmolat.eu\/lv\/wp-json\/wp\/v2\/product_tag?post=43605"}],"curies":[{"name":"wp","href":"https:\/\/api.w.org\/{rel}","templated":true}]}}