{"id":43597,"date":"2024-01-31T12:58:23","date_gmt":"2024-01-31T12:58:23","guid":{"rendered":"https:\/\/e.kosmolat.eu\/product\/dr-sante-banana-hair-smooth-relax-sampuns-1-l\/"},"modified":"2025-09-20T00:51:12","modified_gmt":"2025-09-20T00:51:12","slug":"i_dr-sante-banana-hair-smooth-relax-sampuns-1-l","status":"publish","type":"product","link":"https:\/\/e.kosmolat.eu\/lv\/product\/i_dr-sante-banana-hair-smooth-relax-sampuns-1-l\/","title":{"rendered":"I_Dr.Sante Banana Hair Smooth Relax \u0160amp\u016bns, 1 L"},"content":{"rendered":"<p>Dr.Sante Banana Hair Smooth Relax ir unik\u0101ls pier\u0101d\u012btas efektivit\u0101tes v\u0113rt\u012bga uzturvielu avota &ndash; ban\u0101nu sulas, murumuru e\u013c\u013cas un rekonstru\u0113jo&scaron;o mikroelementu savienojums nodro&scaron;ina matiem un galvas \u0101dai akt\u012bvu kop&scaron;anu. \u013boti v\u0113rt\u012bga aug\u013cu izlase ar ultravieglu tekst\u016bru un rekordlielu matu kop&scaron;anas mikro sast\u0101vda\u013cu skaitu m\u012bkstumam un gludumam.<\/p>\n<p><strong>Lieto&scaron;ana: <\/strong>uzkl\u0101t uz mitriem matiem, saputot, nomazg\u0101t ar \u016bdeni.<\/p>\n<p><strong>Piesardz\u012bbas pas\u0101kumi:<\/strong> ja iek\u013c\u016bst ac\u012bs, izskalot ar \u016bdeni.<br \/>\n&nbsp;<\/p>\n","protected":false},"excerpt":{"rendered":"<p>Dr.Sante Banana Hair Smooth Relax ir unik\u0101ls pier\u0101d\u012btas efektivit\u0101tes v\u0113rt\u012bga uzturvielu avota &ndash; ban\u0101nu sulas, murumuru e\u013c\u013cas un rekonstru\u0113jo&scaron;o mikroelementu savienojums nodro&scaron;ina matiem un galvas \u0101dai akt\u012bvu kop&scaron;anu. \u013boti v\u0113rt\u012bga aug\u013cu izlase ar ultravieglu tekst\u016bru un rekordlielu matu kop&scaron;anas mikro sast\u0101vda\u013cu skaitu m\u012bkstumam un gludumam. Lieto&scaron;ana: uzkl\u0101t uz mitriem matiem, saputot, nomazg\u0101t ar \u016bdeni. Piesardz\u012bbas [&#8230;]\n","protected":false},"featured_media":78172,"template":"","meta":[],"product_cat":[1248],"product_tag":[],"class_list":{"0":"post-43597","1":"product","2":"type-product","3":"status-publish","4":"has-post-thumbnail","6":"product_brand-elfa_ua","7":"product_cat-sampuni","9":"first","10":"outofstock","11":"taxable","12":"shipping-taxable","13":"product-type-simple"},"_links":{"self":[{"href":"https:\/\/e.kosmolat.eu\/lv\/wp-json\/wp\/v2\/product\/43597","targetHints":{"allow":["GET"]}}],"collection":[{"href":"https:\/\/e.kosmolat.eu\/lv\/wp-json\/wp\/v2\/product"}],"about":[{"href":"https:\/\/e.kosmolat.eu\/lv\/wp-json\/wp\/v2\/types\/product"}],"wp:featuredmedia":[{"embeddable":true,"href":"https:\/\/e.kosmolat.eu\/lv\/wp-json\/wp\/v2\/media\/78172"}],"wp:attachment":[{"href":"https:\/\/e.kosmolat.eu\/lv\/wp-json\/wp\/v2\/media?parent=43597"}],"wp:term":[{"taxonomy":"product_cat","embeddable":true,"href":"https:\/\/e.kosmolat.eu\/lv\/wp-json\/wp\/v2\/product_cat?post=43597"},{"taxonomy":"product_tag","embeddable":true,"href":"https:\/\/e.kosmolat.eu\/lv\/wp-json\/wp\/v2\/product_tag?post=43597"}],"curies":[{"name":"wp","href":"https:\/\/api.w.org\/{rel}","templated":true}]}}