{"id":43581,"date":"2024-01-31T12:57:11","date_gmt":"2024-01-31T12:57:11","guid":{"rendered":"https:\/\/e.kosmolat.eu\/product\/viorica-viegls-kermena-krems-200-ml\/"},"modified":"2026-04-11T18:40:28","modified_gmt":"2026-04-11T18:40:28","slug":"viorica-viegls-kermena-krems-200-ml","status":"publish","type":"product","link":"https:\/\/e.kosmolat.eu\/lv\/product\/viorica-viegls-kermena-krems-200-ml\/","title":{"rendered":"VIORICA Viegls \u0137erme\u0146a kr\u0113ms, 200 ml"},"content":{"rendered":"<p>Mitrino&scaron;s kr\u0113ms viegli uzs\u016bcas, padarot \u0101du maigu un gludu, pie&scaron;\u0137irot smalku apriko\u017eu ziedu arom\u0101tu. Piem\u0113rots visiem \u0101das tipiem.&nbsp;<\/p>\n<p><strong>Lieto&scaron;ana: <\/strong>uzkl\u0101jiet kr\u0113mu, \u012bpa&scaron;u uzman\u012bbu veltot sausas \u0101das zon\u0101m. Lab\u0101kam efektam lietojiet uzreiz p\u0113c du&scaron;as vai vannas.<\/p>\n<p>Uzglab\u0101t t&deg; no +5 &deg;\u0421 l\u012bdz +25 &deg;\u0421, sarg\u0101jot no tie&scaron;iem saules stariem.<br \/>\n&nbsp;<\/p>\n","protected":false},"excerpt":{"rendered":"<p>Mitrino&scaron;s kr\u0113ms viegli uzs\u016bcas, padarot \u0101du maigu un gludu, pie&scaron;\u0137irot smalku apriko\u017eu ziedu arom\u0101tu. Piem\u0113rots visiem \u0101das tipiem.&nbsp; Lieto&scaron;ana: uzkl\u0101jiet kr\u0113mu, \u012bpa&scaron;u uzman\u012bbu veltot sausas \u0101das zon\u0101m. Lab\u0101kam efektam lietojiet uzreiz p\u0113c du&scaron;as vai vannas. Uzglab\u0101t t&deg; no +5 &deg;\u0421 l\u012bdz +25 &deg;\u0421, sarg\u0101jot no tie&scaron;iem saules stariem. &nbsp;<\/p>\n","protected":false},"featured_media":88298,"template":"","meta":[],"product_cat":[1390],"product_tag":[],"class_list":{"0":"post-43581","1":"product","2":"type-product","3":"status-publish","4":"has-post-thumbnail","6":"product_brand-viorica-cosmeplant_bg","7":"product_cat-kremai-aliejai-kuno-pienelis","9":"first","10":"instock","11":"taxable","12":"shipping-taxable","13":"product-type-simple"},"_links":{"self":[{"href":"https:\/\/e.kosmolat.eu\/lv\/wp-json\/wp\/v2\/product\/43581","targetHints":{"allow":["GET"]}}],"collection":[{"href":"https:\/\/e.kosmolat.eu\/lv\/wp-json\/wp\/v2\/product"}],"about":[{"href":"https:\/\/e.kosmolat.eu\/lv\/wp-json\/wp\/v2\/types\/product"}],"wp:featuredmedia":[{"embeddable":true,"href":"https:\/\/e.kosmolat.eu\/lv\/wp-json\/wp\/v2\/media\/88298"}],"wp:attachment":[{"href":"https:\/\/e.kosmolat.eu\/lv\/wp-json\/wp\/v2\/media?parent=43581"}],"wp:term":[{"taxonomy":"product_cat","embeddable":true,"href":"https:\/\/e.kosmolat.eu\/lv\/wp-json\/wp\/v2\/product_cat?post=43581"},{"taxonomy":"product_tag","embeddable":true,"href":"https:\/\/e.kosmolat.eu\/lv\/wp-json\/wp\/v2\/product_tag?post=43581"}],"curies":[{"name":"wp","href":"https:\/\/api.w.org\/{rel}","templated":true}]}}