{"id":43573,"date":"2024-01-31T12:56:52","date_gmt":"2024-01-31T12:56:52","guid":{"rendered":"https:\/\/e.kosmolat.eu\/product\/viorica-vie-toniks-adas-mirdzums-200-ml\/"},"modified":"2026-04-11T18:39:59","modified_gmt":"2026-04-11T18:39:59","slug":"viorica-vie-toniks-adas-mirdzums-200-ml","status":"publish","type":"product","link":"https:\/\/e.kosmolat.eu\/lv\/product\/viorica-vie-toniks-adas-mirdzums-200-ml\/","title":{"rendered":"VIORICA VIE Toniks &#8220;\u0100das mirdzums&#8221;, 200 ml"},"content":{"rendered":"<p>Viephenol&trade; nodro&scaron;ina sp\u0113c\u012bgu antioksidantu aizsardz\u012bbu un stimul\u0113 \u0101das &scaron;\u016bnu atjauno&scaron;anos. C vitam\u012bns toniz\u0113, nov\u0113r&scaron; s\u012bk\u0101s \u0101das nepiln\u012bbas, nodro&scaron;inot vesel\u012bgu mirdzumu. Niacinam\u012bds sa&scaron;aurina poras un stimul\u0113 mikrocirkul\u0101ciju. Provitam\u012bns B5 acumirkl\u012b nomierina un mitrina \u0101du.&nbsp;<\/p>\n<p><strong>Lieto&scaron;ana: <\/strong>uzkl\u0101t nepiecie&scaron;amo l\u012bdzek\u013ca daudzumu uz vates diska un r\u016bp\u012bgi not\u012br\u012bt sejas \u0101du, izvairoties no zonas ap ac\u012bm. Pirms lieto&scaron;anas p\u0101rbaud\u012bt l\u012bdzekli uz apak&scaron;delma iek&scaron;\u0113j\u0101s virsmas.<\/p>\n<p>Uzglab\u0101t t&deg; no +5 &deg;\u0421 l\u012bdz +25 &deg;\u0421, sarg\u0101jot no tie&scaron;iem saules stariem.<br \/>\n&nbsp;<\/p>\n","protected":false},"excerpt":{"rendered":"<p>Viephenol&trade; nodro&scaron;ina sp\u0113c\u012bgu antioksidantu aizsardz\u012bbu un stimul\u0113 \u0101das &scaron;\u016bnu atjauno&scaron;anos. C vitam\u012bns toniz\u0113, nov\u0113r&scaron; s\u012bk\u0101s \u0101das nepiln\u012bbas, nodro&scaron;inot vesel\u012bgu mirdzumu. Niacinam\u012bds sa&scaron;aurina poras un stimul\u0113 mikrocirkul\u0101ciju. Provitam\u012bns B5 acumirkl\u012b nomierina un mitrina \u0101du.&nbsp; Lieto&scaron;ana: uzkl\u0101t nepiecie&scaron;amo l\u012bdzek\u013ca daudzumu uz vates diska un r\u016bp\u012bgi not\u012br\u012bt sejas \u0101du, izvairoties no zonas ap ac\u012bm. Pirms lieto&scaron;anas p\u0101rbaud\u012bt l\u012bdzekli [&#8230;]\n","protected":false},"featured_media":88286,"template":"","meta":[],"product_cat":[1578],"product_tag":[],"class_list":{"0":"post-43573","1":"product","2":"type-product","3":"status-publish","4":"has-post-thumbnail","6":"product_brand-viorica-cosmeplant_bg","7":"product_cat-losjoni-un-toniki","9":"first","10":"outofstock","11":"taxable","12":"shipping-taxable","13":"product-type-simple"},"_links":{"self":[{"href":"https:\/\/e.kosmolat.eu\/lv\/wp-json\/wp\/v2\/product\/43573","targetHints":{"allow":["GET"]}}],"collection":[{"href":"https:\/\/e.kosmolat.eu\/lv\/wp-json\/wp\/v2\/product"}],"about":[{"href":"https:\/\/e.kosmolat.eu\/lv\/wp-json\/wp\/v2\/types\/product"}],"wp:featuredmedia":[{"embeddable":true,"href":"https:\/\/e.kosmolat.eu\/lv\/wp-json\/wp\/v2\/media\/88286"}],"wp:attachment":[{"href":"https:\/\/e.kosmolat.eu\/lv\/wp-json\/wp\/v2\/media?parent=43573"}],"wp:term":[{"taxonomy":"product_cat","embeddable":true,"href":"https:\/\/e.kosmolat.eu\/lv\/wp-json\/wp\/v2\/product_cat?post=43573"},{"taxonomy":"product_tag","embeddable":true,"href":"https:\/\/e.kosmolat.eu\/lv\/wp-json\/wp\/v2\/product_tag?post=43573"}],"curies":[{"name":"wp","href":"https:\/\/api.w.org\/{rel}","templated":true}]}}