{"id":43565,"date":"2024-01-31T12:56:36","date_gmt":"2024-01-31T12:56:36","guid":{"rendered":"https:\/\/e.kosmolat.eu\/product\/viorica-vie-pretnovecosanas-krems-acu-konturai-15-ml\/"},"modified":"2026-04-11T18:39:10","modified_gmt":"2026-04-11T18:39:10","slug":"viorica-vie-pretnovecosanas-krems-acu-konturai-15-ml","status":"publish","type":"product","link":"https:\/\/e.kosmolat.eu\/lv\/product\/viorica-vie-pretnovecosanas-krems-acu-konturai-15-ml\/","title":{"rendered":"VIORICA VIE Pretnoveco\u0161an\u0101s kr\u0113ms acu kont\u016brai, 15 ml"},"content":{"rendered":"<p>Antioksidantu komplekss Viephenol&trade; nov\u0113r&scaron; priek&scaron;laic\u012bgu \u0101das noveco&scaron;anos: stimul\u0113 kolag\u0113na izstr\u0101di, &scaron;\u016bnu atjauno&scaron;anos un pal\u0113nina \u0101das fotonoveco&scaron;anos. Ilgsto&scaron;as darb\u012bbas kofe\u012bns mazina tum&scaron;os lokus un piet\u016bkumu. Tamarinda polisahar\u012bdi savelk un izl\u012bdzina \u0101du.&nbsp;<\/p>\n<p><strong>Lieto&scaron;ana: <\/strong>ar pirkstu gali\u0146iem paplik&scaron;\u0137\u0113jot uzkl\u0101t kr\u0113mu uz t\u012bras \u0101das ap ac\u012bm. Notur\u012bg\u0101kam efektam lietot no r\u012bta un vakar\u0101. Pirms lieto&scaron;anas p\u0101rbaud\u012bt l\u012bdzekli uz apak&scaron;delma iek&scaron;\u0113j\u0101s virsmas.<\/p>\n<p>Uzglab\u0101t t&deg; no +5 &deg;\u0421 l\u012bdz +25 &deg;\u0421, sarg\u0101jot no tie&scaron;iem saules stariem.<br \/>\n&nbsp;<\/p>\n","protected":false},"excerpt":{"rendered":"<p>Antioksidantu komplekss Viephenol&trade; nov\u0113r&scaron; priek&scaron;laic\u012bgu \u0101das noveco&scaron;anos: stimul\u0113 kolag\u0113na izstr\u0101di, &scaron;\u016bnu atjauno&scaron;anos un pal\u0113nina \u0101das fotonoveco&scaron;anos. Ilgsto&scaron;as darb\u012bbas kofe\u012bns mazina tum&scaron;os lokus un piet\u016bkumu. Tamarinda polisahar\u012bdi savelk un izl\u012bdzina \u0101du.&nbsp; Lieto&scaron;ana: ar pirkstu gali\u0146iem paplik&scaron;\u0137\u0113jot uzkl\u0101t kr\u0113mu uz t\u012bras \u0101das ap ac\u012bm. Notur\u012bg\u0101kam efektam lietot no r\u012bta un vakar\u0101. Pirms lieto&scaron;anas p\u0101rbaud\u012bt l\u012bdzekli uz apak&scaron;delma [&#8230;]\n","protected":false},"featured_media":88270,"template":"","meta":[],"product_cat":[1590],"product_tag":[],"class_list":{"0":"post-43565","1":"product","2":"type-product","3":"status-publish","4":"has-post-thumbnail","6":"product_brand-viorica-cosmeplant_bg","7":"product_cat-paakiu-kremai","9":"first","10":"instock","11":"taxable","12":"shipping-taxable","13":"product-type-simple"},"_links":{"self":[{"href":"https:\/\/e.kosmolat.eu\/lv\/wp-json\/wp\/v2\/product\/43565","targetHints":{"allow":["GET"]}}],"collection":[{"href":"https:\/\/e.kosmolat.eu\/lv\/wp-json\/wp\/v2\/product"}],"about":[{"href":"https:\/\/e.kosmolat.eu\/lv\/wp-json\/wp\/v2\/types\/product"}],"wp:featuredmedia":[{"embeddable":true,"href":"https:\/\/e.kosmolat.eu\/lv\/wp-json\/wp\/v2\/media\/88270"}],"wp:attachment":[{"href":"https:\/\/e.kosmolat.eu\/lv\/wp-json\/wp\/v2\/media?parent=43565"}],"wp:term":[{"taxonomy":"product_cat","embeddable":true,"href":"https:\/\/e.kosmolat.eu\/lv\/wp-json\/wp\/v2\/product_cat?post=43565"},{"taxonomy":"product_tag","embeddable":true,"href":"https:\/\/e.kosmolat.eu\/lv\/wp-json\/wp\/v2\/product_tag?post=43565"}],"curies":[{"name":"wp","href":"https:\/\/api.w.org\/{rel}","templated":true}]}}