{"id":43561,"date":"2024-01-31T12:56:19","date_gmt":"2024-01-31T12:56:19","guid":{"rendered":"https:\/\/e.kosmolat.eu\/product\/viorica-vie-reaktivejoss-pretnovecosanas-nakts-krems-50-ml\/"},"modified":"2026-04-11T18:38:43","modified_gmt":"2026-04-11T18:38:43","slug":"viorica-vie-reaktivejoss-pretnovecosanas-nakts-krems-50-ml","status":"publish","type":"product","link":"https:\/\/e.kosmolat.eu\/lv\/product\/viorica-vie-reaktivejoss-pretnovecosanas-nakts-krems-50-ml\/","title":{"rendered":"VIORICA VIE Reaktiv\u0113jo\u0161s pretnoveco\u0161an\u0101s nakts kr\u0113ms, 50 ml"},"content":{"rendered":"<p>Antioksidantu komplekss Viephenol&trade; nov\u0113r&scaron; priek&scaron;laic\u012bgu \u0101das noveco&scaron;anos: stimul\u0113 kolag\u0113na izstr\u0101di, &scaron;\u016bnu atjauno&scaron;anos un pal\u0113nina \u0101das fotonoveco&scaron;anos. Dz\u0113rve\u0146u s\u0113klu e\u013c\u013ca mitrina un bag\u0101tina \u0101du ar nepies\u0101tin\u0101t\u0101m tauksk\u0101b\u0113m Omega 3, 6 un 9. Tamarinda polisahar\u012bdi izl\u012bdzina \u0101du. Niacinam\u012bds uzlabo mikrocirkul\u0101ciju un izl\u012bdzina \u0101das toni.&nbsp;<\/p>\n<p><strong>Lieto&scaron;ana:<\/strong> ar mas\u0113jo&scaron;\u0101m kust\u012bb\u0101m uzkl\u0101t kr\u0113mu uz t\u012bras sejas, kakla un dekolt\u0113 zonas \u0101das. Notur\u012bg\u0101kam efektam lietot katru vakaru. Pirms lieto&scaron;anas p\u0101rbaud\u012bt l\u012bdzekli uz apak&scaron;delma iek&scaron;\u0113j\u0101s virsmas.<\/p>\n<p>Uzglab\u0101t t&deg; no +5 &deg;\u0421 l\u012bdz +25 &deg;\u0421, sarg\u0101jot no tie&scaron;iem saules stariem.<br \/>\n&nbsp;<\/p>\n","protected":false},"excerpt":{"rendered":"<p>Antioksidantu komplekss Viephenol&trade; nov\u0113r&scaron; priek&scaron;laic\u012bgu \u0101das noveco&scaron;anos: stimul\u0113 kolag\u0113na izstr\u0101di, &scaron;\u016bnu atjauno&scaron;anos un pal\u0113nina \u0101das fotonoveco&scaron;anos. Dz\u0113rve\u0146u s\u0113klu e\u013c\u013ca mitrina un bag\u0101tina \u0101du ar nepies\u0101tin\u0101t\u0101m tauksk\u0101b\u0113m Omega 3, 6 un 9. Tamarinda polisahar\u012bdi izl\u012bdzina \u0101du. Niacinam\u012bds uzlabo mikrocirkul\u0101ciju un izl\u012bdzina \u0101das toni.&nbsp; Lieto&scaron;ana: ar mas\u0113jo&scaron;\u0101m kust\u012bb\u0101m uzkl\u0101t kr\u0113mu uz t\u012bras sejas, kakla un dekolt\u0113 zonas [&#8230;]\n","protected":false},"featured_media":88262,"template":"","meta":[],"product_cat":[1320],"product_tag":[],"class_list":{"0":"post-43561","1":"product","2":"type-product","3":"status-publish","4":"has-post-thumbnail","6":"product_brand-viorica-cosmeplant_bg","7":"product_cat-sejas-kremi","9":"first","10":"outofstock","11":"taxable","12":"shipping-taxable","13":"product-type-simple"},"_links":{"self":[{"href":"https:\/\/e.kosmolat.eu\/lv\/wp-json\/wp\/v2\/product\/43561","targetHints":{"allow":["GET"]}}],"collection":[{"href":"https:\/\/e.kosmolat.eu\/lv\/wp-json\/wp\/v2\/product"}],"about":[{"href":"https:\/\/e.kosmolat.eu\/lv\/wp-json\/wp\/v2\/types\/product"}],"wp:featuredmedia":[{"embeddable":true,"href":"https:\/\/e.kosmolat.eu\/lv\/wp-json\/wp\/v2\/media\/88262"}],"wp:attachment":[{"href":"https:\/\/e.kosmolat.eu\/lv\/wp-json\/wp\/v2\/media?parent=43561"}],"wp:term":[{"taxonomy":"product_cat","embeddable":true,"href":"https:\/\/e.kosmolat.eu\/lv\/wp-json\/wp\/v2\/product_cat?post=43561"},{"taxonomy":"product_tag","embeddable":true,"href":"https:\/\/e.kosmolat.eu\/lv\/wp-json\/wp\/v2\/product_tag?post=43561"}],"curies":[{"name":"wp","href":"https:\/\/api.w.org\/{rel}","templated":true}]}}