{"id":43553,"date":"2024-01-31T12:56:03","date_gmt":"2024-01-31T12:56:03","guid":{"rendered":"https:\/\/e.kosmolat.eu\/product\/viorica-vie-pretnovecosanas-dienas-krems-ar-liftinga-efektu-50-ml\/"},"modified":"2026-04-11T18:38:31","modified_gmt":"2026-04-11T18:38:31","slug":"viorica-vie-pretnovecosanas-dienas-krems-ar-liftinga-efektu-50-ml","status":"publish","type":"product","link":"https:\/\/e.kosmolat.eu\/lv\/product\/viorica-vie-pretnovecosanas-dienas-krems-ar-liftinga-efektu-50-ml\/","title":{"rendered":"VIORICA VIE Pretnoveco\u0161an\u0101s dienas kr\u0113ms ar liftinga efektu, 50 ml"},"content":{"rendered":"<p>Antioksidantu komplekss &nbsp;Viephenol&trade; nov\u0113r&scaron; priek&scaron;laic\u012bgu \u0101das noveco&scaron;anos: stimul\u0113 kolag\u0113na izstr\u0101di, &scaron;\u016bnu atjauno&scaron;anos un pal\u0113nina \u0101das fotonoveco&scaron;anos. Auzu beta-glik\u0101ns acumirkl\u012b savelk un mitrina \u0101du. Pretnoveco&scaron;an\u0101s pept\u012bdi uzlabo \u0101das tekst\u016bru un mazina grumbi\u0146as.<\/p>\n<p><strong>Lieto&scaron;ana: <\/strong>ar mas\u0113jo&scaron;\u0101m kust\u012bb\u0101m uzkl\u0101t kr\u0113mu uz t\u012bras sejas, kakla un dekolt\u0113 zonas \u0101das. Notur\u012bg\u0101kam efektam lietot katru r\u012btu. Pirms lieto&scaron;anas p\u0101rbaud\u012bt l\u012bdzekli uz apak&scaron;delma iek&scaron;\u0113j\u0101s virsmas.<\/p>\n<p>Uzglab\u0101t t&deg; no +5 &deg;\u0421 l\u012bdz +25 &deg;\u0421, sarg\u0101jot no tie&scaron;iem saules stariem.&nbsp;<br \/>\n&nbsp;<\/p>\n","protected":false},"excerpt":{"rendered":"<p>Antioksidantu komplekss &nbsp;Viephenol&trade; nov\u0113r&scaron; priek&scaron;laic\u012bgu \u0101das noveco&scaron;anos: stimul\u0113 kolag\u0113na izstr\u0101di, &scaron;\u016bnu atjauno&scaron;anos un pal\u0113nina \u0101das fotonoveco&scaron;anos. Auzu beta-glik\u0101ns acumirkl\u012b savelk un mitrina \u0101du. Pretnoveco&scaron;an\u0101s pept\u012bdi uzlabo \u0101das tekst\u016bru un mazina grumbi\u0146as. Lieto&scaron;ana: ar mas\u0113jo&scaron;\u0101m kust\u012bb\u0101m uzkl\u0101t kr\u0113mu uz t\u012bras sejas, kakla un dekolt\u0113 zonas \u0101das. Notur\u012bg\u0101kam efektam lietot katru r\u012btu. Pirms lieto&scaron;anas p\u0101rbaud\u012bt l\u012bdzekli uz [&#8230;]\n","protected":false},"featured_media":88258,"template":"","meta":[],"product_cat":[1320],"product_tag":[],"class_list":{"0":"post-43553","1":"product","2":"type-product","3":"status-publish","4":"has-post-thumbnail","6":"product_brand-viorica-cosmeplant_bg","7":"product_cat-sejas-kremi","9":"first","10":"outofstock","11":"taxable","12":"shipping-taxable","13":"product-type-simple"},"_links":{"self":[{"href":"https:\/\/e.kosmolat.eu\/lv\/wp-json\/wp\/v2\/product\/43553","targetHints":{"allow":["GET"]}}],"collection":[{"href":"https:\/\/e.kosmolat.eu\/lv\/wp-json\/wp\/v2\/product"}],"about":[{"href":"https:\/\/e.kosmolat.eu\/lv\/wp-json\/wp\/v2\/types\/product"}],"wp:featuredmedia":[{"embeddable":true,"href":"https:\/\/e.kosmolat.eu\/lv\/wp-json\/wp\/v2\/media\/88258"}],"wp:attachment":[{"href":"https:\/\/e.kosmolat.eu\/lv\/wp-json\/wp\/v2\/media?parent=43553"}],"wp:term":[{"taxonomy":"product_cat","embeddable":true,"href":"https:\/\/e.kosmolat.eu\/lv\/wp-json\/wp\/v2\/product_cat?post=43553"},{"taxonomy":"product_tag","embeddable":true,"href":"https:\/\/e.kosmolat.eu\/lv\/wp-json\/wp\/v2\/product_tag?post=43553"}],"curies":[{"name":"wp","href":"https:\/\/api.w.org\/{rel}","templated":true}]}}