{"id":43549,"date":"2024-01-31T12:55:20","date_gmt":"2024-01-31T12:55:20","guid":{"rendered":"https:\/\/e.kosmolat.eu\/product\/viorica-vie-atjaunojoss-krems-adai-ap-acim-30-ml\/"},"modified":"2026-04-11T18:38:18","modified_gmt":"2026-04-11T18:38:18","slug":"viorica-vie-atjaunojoss-krems-adai-ap-acim-30-ml","status":"publish","type":"product","link":"https:\/\/e.kosmolat.eu\/lv\/product\/viorica-vie-atjaunojoss-krems-adai-ap-acim-30-ml\/","title":{"rendered":"VIORICA VIE Atjaunojo\u0161s kr\u0113ms \u0101dai ap ac\u012bm, 30 ml"},"content":{"rendered":"<p>Viephenol&trade; nodro&scaron;ina sp\u0113c\u012bgu antioksidantu aizsardz\u012bbu un stimul\u0113 \u0101das &scaron;\u016bnu atjauno&scaron;anos. C vitam\u012bns uzlabo mikrocirkul\u0101ciju, pie&scaron;\u0137irot elast\u012bbu maigajai \u0101dai ap ac\u012bm. J\u016bras a\u013c\u0123u ekstrakts mazina grumbas, piet\u016bkumu un tum&scaron;os lokus.&nbsp;<\/p>\n<p><strong>Lieto&scaron;ana:<\/strong> lietojiet kr\u0113mu no r\u012bta un vakar\u0101 p\u0113c \u0101das att\u012br\u012b&scaron;anas. Ar vieglam ap\u013cveida kust\u012bb\u0101m uzkl\u0101jiet kr\u0113mu uz \u0101das ap ac\u012bm. Pirms lieto&scaron;anas p\u0101rbaud\u012bt l\u012bdzekli uz apak&scaron;delma iek&scaron;\u0113j\u0101s virsmas.<\/p>\n<p>Uzglab\u0101t t&deg; no +5 &deg;\u0421 l\u012bdz +25 &deg;\u0421, sarg\u0101jot no tie&scaron;iem saules stariem.&nbsp;<br \/>\n&nbsp;<\/p>\n","protected":false},"excerpt":{"rendered":"<p>Viephenol&trade; nodro&scaron;ina sp\u0113c\u012bgu antioksidantu aizsardz\u012bbu un stimul\u0113 \u0101das &scaron;\u016bnu atjauno&scaron;anos. C vitam\u012bns uzlabo mikrocirkul\u0101ciju, pie&scaron;\u0137irot elast\u012bbu maigajai \u0101dai ap ac\u012bm. J\u016bras a\u013c\u0123u ekstrakts mazina grumbas, piet\u016bkumu un tum&scaron;os lokus.&nbsp; Lieto&scaron;ana: lietojiet kr\u0113mu no r\u012bta un vakar\u0101 p\u0113c \u0101das att\u012br\u012b&scaron;anas. Ar vieglam ap\u013cveida kust\u012bb\u0101m uzkl\u0101jiet kr\u0113mu uz \u0101das ap ac\u012bm. Pirms lieto&scaron;anas p\u0101rbaud\u012bt l\u012bdzekli uz apak&scaron;delma [&#8230;]\n","protected":false},"featured_media":88254,"template":"","meta":[],"product_cat":[1589],"product_tag":[],"class_list":{"0":"post-43549","1":"product","2":"type-product","3":"status-publish","4":"has-post-thumbnail","6":"product_brand-viorica-cosmeplant_bg","7":"product_cat-1589","9":"first","10":"outofstock","11":"taxable","12":"shipping-taxable","13":"product-type-simple"},"_links":{"self":[{"href":"https:\/\/e.kosmolat.eu\/lv\/wp-json\/wp\/v2\/product\/43549","targetHints":{"allow":["GET"]}}],"collection":[{"href":"https:\/\/e.kosmolat.eu\/lv\/wp-json\/wp\/v2\/product"}],"about":[{"href":"https:\/\/e.kosmolat.eu\/lv\/wp-json\/wp\/v2\/types\/product"}],"wp:featuredmedia":[{"embeddable":true,"href":"https:\/\/e.kosmolat.eu\/lv\/wp-json\/wp\/v2\/media\/88254"}],"wp:attachment":[{"href":"https:\/\/e.kosmolat.eu\/lv\/wp-json\/wp\/v2\/media?parent=43549"}],"wp:term":[{"taxonomy":"product_cat","embeddable":true,"href":"https:\/\/e.kosmolat.eu\/lv\/wp-json\/wp\/v2\/product_cat?post=43549"},{"taxonomy":"product_tag","embeddable":true,"href":"https:\/\/e.kosmolat.eu\/lv\/wp-json\/wp\/v2\/product_tag?post=43549"}],"curies":[{"name":"wp","href":"https:\/\/api.w.org\/{rel}","templated":true}]}}