{"id":43545,"date":"2024-01-31T12:54:56","date_gmt":"2024-01-31T12:54:56","guid":{"rendered":"https:\/\/e.kosmolat.eu\/product\/viorica-vie-atjaunojoss-nakts-krems-50-ml\/"},"modified":"2026-04-11T18:38:06","modified_gmt":"2026-04-11T18:38:06","slug":"viorica-vie-atjaunojoss-nakts-krems-50-ml","status":"publish","type":"product","link":"https:\/\/e.kosmolat.eu\/lv\/product\/viorica-vie-atjaunojoss-nakts-krems-50-ml\/","title":{"rendered":"VIORICA VIE Atjaunojo\u0161s nakts kr\u0113ms, 50 ml"},"content":{"rendered":"<p>Viephenol&trade; nodro&scaron;ina sp\u0113c\u012bgu antioksidantu aizsardz\u012bbu un stimul\u0113 \u0101das &scaron;\u016bnu atjauno&scaron;anos. Augu izcelsmes skval\u0101ns aktiviz\u0113 atjauno&scaron;an\u0101s procesus &scaron;\u016bnu l\u012bmen\u012b. &Scaron;\u012b sviests intens\u012bvi mitrina un m\u012bkstina \u0101du.<\/p>\n<p><strong>Lieto&scaron;ana: <\/strong>ar mas\u0113jo&scaron;\u0101m kust\u012bb\u0101m uzkl\u0101t kr\u0113mu uz t\u012bras sejas, kakla un dekolt\u0113 zonas \u0101das. Pirms lieto&scaron;anas p\u0101rbaud\u012bt l\u012bdzekli uz apak&scaron;delma iek&scaron;\u0113j\u0101s virsmas.&nbsp;<\/p>\n<p>Uzglab\u0101t t&deg; no +5 &deg;\u0421 l\u012bdz +25 &deg;\u0421, sarg\u0101jot no tie&scaron;iem saules stariem.&nbsp;<br \/>\n&nbsp;<\/p>\n","protected":false},"excerpt":{"rendered":"<p>Viephenol&trade; nodro&scaron;ina sp\u0113c\u012bgu antioksidantu aizsardz\u012bbu un stimul\u0113 \u0101das &scaron;\u016bnu atjauno&scaron;anos. Augu izcelsmes skval\u0101ns aktiviz\u0113 atjauno&scaron;an\u0101s procesus &scaron;\u016bnu l\u012bmen\u012b. &Scaron;\u012b sviests intens\u012bvi mitrina un m\u012bkstina \u0101du. Lieto&scaron;ana: ar mas\u0113jo&scaron;\u0101m kust\u012bb\u0101m uzkl\u0101t kr\u0113mu uz t\u012bras sejas, kakla un dekolt\u0113 zonas \u0101das. Pirms lieto&scaron;anas p\u0101rbaud\u012bt l\u012bdzekli uz apak&scaron;delma iek&scaron;\u0113j\u0101s virsmas.&nbsp; Uzglab\u0101t t&deg; no +5 &deg;\u0421 l\u012bdz +25 &deg;\u0421, [&#8230;]\n","protected":false},"featured_media":88250,"template":"","meta":[],"product_cat":[1320],"product_tag":[],"class_list":{"0":"post-43545","1":"product","2":"type-product","3":"status-publish","4":"has-post-thumbnail","6":"product_brand-viorica-cosmeplant_bg","7":"product_cat-sejas-kremi","9":"first","10":"outofstock","11":"taxable","12":"shipping-taxable","13":"product-type-simple"},"_links":{"self":[{"href":"https:\/\/e.kosmolat.eu\/lv\/wp-json\/wp\/v2\/product\/43545","targetHints":{"allow":["GET"]}}],"collection":[{"href":"https:\/\/e.kosmolat.eu\/lv\/wp-json\/wp\/v2\/product"}],"about":[{"href":"https:\/\/e.kosmolat.eu\/lv\/wp-json\/wp\/v2\/types\/product"}],"wp:featuredmedia":[{"embeddable":true,"href":"https:\/\/e.kosmolat.eu\/lv\/wp-json\/wp\/v2\/media\/88250"}],"wp:attachment":[{"href":"https:\/\/e.kosmolat.eu\/lv\/wp-json\/wp\/v2\/media?parent=43545"}],"wp:term":[{"taxonomy":"product_cat","embeddable":true,"href":"https:\/\/e.kosmolat.eu\/lv\/wp-json\/wp\/v2\/product_cat?post=43545"},{"taxonomy":"product_tag","embeddable":true,"href":"https:\/\/e.kosmolat.eu\/lv\/wp-json\/wp\/v2\/product_tag?post=43545"}],"curies":[{"name":"wp","href":"https:\/\/api.w.org\/{rel}","templated":true}]}}