{"id":43533,"date":"2024-01-31T12:54:16","date_gmt":"2024-01-31T12:54:16","guid":{"rendered":"https:\/\/e.kosmolat.eu\/product\/viorica-atjaunojoss-krems-acu-konturai-30-ml\/"},"modified":"2026-04-17T13:22:43","modified_gmt":"2026-04-17T13:22:43","slug":"viorica-atjaunojoss-krems-acu-konturai-30-ml","status":"publish","type":"product","link":"https:\/\/e.kosmolat.eu\/lv\/product\/viorica-atjaunojoss-krems-acu-konturai-30-ml\/","title":{"rendered":"VIORICA Atjaunojo\u0161s kr\u0113ms acu kont\u016brai, 30 ml"},"content":{"rendered":"<p>Apriko\u017eu e\u013c\u013ca uzlabo \u0101das tvirtumu un elast\u012bbu. Br\u016bna\u013c\u0123u ekstrakts man\u0101mi samazina tum&scaron;os lokus un piet\u016bkumu. Mande\u013cu e\u013c\u013ca mazina grumbu izteiksm\u012bgumu.&nbsp;<\/p>\n<p><strong>Lieto&scaron;ana:<\/strong> lietojiet kr\u0113mu no r\u012bta un vakar\u0101 p\u0113c \u0101das att\u012br\u012b&scaron;anas. Ar vieglam ap\u013cveida kust\u012bb\u0101m uzkl\u0101jiet kr\u0113mu uz \u0101das ap ac\u012bm.&nbsp;<\/p>\n<p>Uzglab\u0101t t&deg; no +5 &deg;\u0421 l\u012bdz +25 &deg;\u0421, sarg\u0101jot no tie&scaron;iem saules stariem.&nbsp;<br \/>\n&nbsp;<\/p>\n","protected":false},"excerpt":{"rendered":"<p>Apriko\u017eu e\u013c\u013ca uzlabo \u0101das tvirtumu un elast\u012bbu. Br\u016bna\u013c\u0123u ekstrakts man\u0101mi samazina tum&scaron;os lokus un piet\u016bkumu. Mande\u013cu e\u013c\u013ca mazina grumbu izteiksm\u012bgumu.&nbsp; Lieto&scaron;ana: lietojiet kr\u0113mu no r\u012bta un vakar\u0101 p\u0113c \u0101das att\u012br\u012b&scaron;anas. Ar vieglam ap\u013cveida kust\u012bb\u0101m uzkl\u0101jiet kr\u0113mu uz \u0101das ap ac\u012bm.&nbsp; Uzglab\u0101t t&deg; no +5 &deg;\u0421 l\u012bdz +25 &deg;\u0421, sarg\u0101jot no tie&scaron;iem saules stariem.&nbsp; &nbsp;<\/p>\n","protected":false},"featured_media":88238,"template":"","meta":[],"product_cat":[1590],"product_tag":[],"class_list":{"0":"post-43533","1":"product","2":"type-product","3":"status-publish","4":"has-post-thumbnail","6":"product_brand-viorica-cosmeplant_bg","7":"product_cat-paakiu-kremai","9":"first","10":"instock","11":"taxable","12":"shipping-taxable","13":"product-type-simple"},"_links":{"self":[{"href":"https:\/\/e.kosmolat.eu\/lv\/wp-json\/wp\/v2\/product\/43533","targetHints":{"allow":["GET"]}}],"collection":[{"href":"https:\/\/e.kosmolat.eu\/lv\/wp-json\/wp\/v2\/product"}],"about":[{"href":"https:\/\/e.kosmolat.eu\/lv\/wp-json\/wp\/v2\/types\/product"}],"wp:featuredmedia":[{"embeddable":true,"href":"https:\/\/e.kosmolat.eu\/lv\/wp-json\/wp\/v2\/media\/88238"}],"wp:attachment":[{"href":"https:\/\/e.kosmolat.eu\/lv\/wp-json\/wp\/v2\/media?parent=43533"}],"wp:term":[{"taxonomy":"product_cat","embeddable":true,"href":"https:\/\/e.kosmolat.eu\/lv\/wp-json\/wp\/v2\/product_cat?post=43533"},{"taxonomy":"product_tag","embeddable":true,"href":"https:\/\/e.kosmolat.eu\/lv\/wp-json\/wp\/v2\/product_tag?post=43533"}],"curies":[{"name":"wp","href":"https:\/\/api.w.org\/{rel}","templated":true}]}}