{"id":43529,"date":"2024-01-31T12:53:58","date_gmt":"2024-01-31T12:53:58","guid":{"rendered":"https:\/\/e.kosmolat.eu\/product\/viorica-ultramitrinoss-krems-50-ml\/"},"modified":"2026-04-11T18:37:14","modified_gmt":"2026-04-11T18:37:14","slug":"viorica-ultramitrinoss-krems-50-ml","status":"publish","type":"product","link":"https:\/\/e.kosmolat.eu\/lv\/product\/viorica-ultramitrinoss-krems-50-ml\/","title":{"rendered":"VIORICA Ultramitrino\u0161s kr\u0113ms, 50 ml"},"content":{"rendered":"<p>\u0136irbju s\u0113klu e\u013c\u013ca baro un pies\u0101tina ar vitam\u012bniem. Hydroviton komplekss nov\u0113r&scaron; mitruma zudumu. Gur\u0137u ekstrakts intens\u012bvi mitrina un m\u012bkstina \u0101du.&nbsp;<\/p>\n<p><strong>Lieto&scaron;ana: <\/strong>uzkl\u0101jiet kr\u0113mu ar mas\u0113jo&scaron;\u0101m kust\u012bb\u0101m uz r\u016bp\u012bgi att\u012br\u012btas sejas, kakla un dekolt\u0113 zonas \u0101das. Ilgsto&scaron;am efektam lietojiet kr\u0113mu katru r\u012btu un kombin\u0113jiet to ar Viorica ultramitrino&scaron;o nakts kr\u0113mu.&nbsp;<\/p>\n<p>Uzglab\u0101t t&deg; no +5 &deg;\u0421 l\u012bdz +25 &deg;\u0421, sarg\u0101jot no tie&scaron;iem saules stariem.<br \/>\n&nbsp;<\/p>\n","protected":false},"excerpt":{"rendered":"<p>\u0136irbju s\u0113klu e\u013c\u013ca baro un pies\u0101tina ar vitam\u012bniem. Hydroviton komplekss nov\u0113r&scaron; mitruma zudumu. Gur\u0137u ekstrakts intens\u012bvi mitrina un m\u012bkstina \u0101du.&nbsp; Lieto&scaron;ana: uzkl\u0101jiet kr\u0113mu ar mas\u0113jo&scaron;\u0101m kust\u012bb\u0101m uz r\u016bp\u012bgi att\u012br\u012btas sejas, kakla un dekolt\u0113 zonas \u0101das. Ilgsto&scaron;am efektam lietojiet kr\u0113mu katru r\u012btu un kombin\u0113jiet to ar Viorica ultramitrino&scaron;o nakts kr\u0113mu.&nbsp; Uzglab\u0101t t&deg; no +5 &deg;\u0421 l\u012bdz [&#8230;]\n","protected":false},"featured_media":88234,"template":"","meta":[],"product_cat":[1320],"product_tag":[],"class_list":{"0":"post-43529","1":"product","2":"type-product","3":"status-publish","4":"has-post-thumbnail","6":"product_brand-viorica-cosmeplant_bg","7":"product_cat-sejas-kremi","9":"first","10":"outofstock","11":"taxable","12":"shipping-taxable","13":"product-type-simple"},"_links":{"self":[{"href":"https:\/\/e.kosmolat.eu\/lv\/wp-json\/wp\/v2\/product\/43529","targetHints":{"allow":["GET"]}}],"collection":[{"href":"https:\/\/e.kosmolat.eu\/lv\/wp-json\/wp\/v2\/product"}],"about":[{"href":"https:\/\/e.kosmolat.eu\/lv\/wp-json\/wp\/v2\/types\/product"}],"wp:featuredmedia":[{"embeddable":true,"href":"https:\/\/e.kosmolat.eu\/lv\/wp-json\/wp\/v2\/media\/88234"}],"wp:attachment":[{"href":"https:\/\/e.kosmolat.eu\/lv\/wp-json\/wp\/v2\/media?parent=43529"}],"wp:term":[{"taxonomy":"product_cat","embeddable":true,"href":"https:\/\/e.kosmolat.eu\/lv\/wp-json\/wp\/v2\/product_cat?post=43529"},{"taxonomy":"product_tag","embeddable":true,"href":"https:\/\/e.kosmolat.eu\/lv\/wp-json\/wp\/v2\/product_tag?post=43529"}],"curies":[{"name":"wp","href":"https:\/\/api.w.org\/{rel}","templated":true}]}}