{"id":43517,"date":"2024-01-31T12:53:20","date_gmt":"2024-01-31T12:53:20","guid":{"rendered":"https:\/\/e.kosmolat.eu\/product\/7d-mbw-nomierin-sejas-zeleja-skin-meditation-80-ml\/"},"modified":"2026-03-10T12:09:53","modified_gmt":"2026-03-10T12:09:53","slug":"7d-mbw-nomierin-sejas-zeleja-skin-meditation-80-ml","status":"publish","type":"product","link":"https:\/\/e.kosmolat.eu\/lv\/product\/7d-mbw-nomierin-sejas-zeleja-skin-meditation-80-ml\/","title":{"rendered":"7D MBW Nomierin. sejas \u017eeleja Skin Meditation, 80 ml"},"content":{"rendered":"<p>98% alveja. Univers\u0101l\u0101 \u017eeleja sejai un \u0137ermenim dzi\u013ci mitrina, nomierina un atsvaidzina \u0101du.&nbsp;Alveja mazina aps\u0101rtumu, lob\u012b&scaron;anos un savilkuma saj\u016btu. T\u0113jas koka ekstrakts pies\u0101tina \u0101du ar mitrumu un pal\u012bdz c\u012bn\u012bties ar \u0101das nepiln\u012bb\u0101m un taukainu sp\u012bdumu. Produktu var izmantot k\u0101 sejas masku, b\u0101zi zem makij\u0101\u017eas, \u0137erme\u0146a vai kutikulas \u017eeleju vai k\u0101 \u017eeleju p\u0113c sau\u013co&scaron;an\u0101s.<\/p>\n<p><strong>Lieto&scaron;ana: <\/strong>uzkl\u0101t uz t\u012bras \u0101das, izvairoties no acu zonas. Viegli iemas\u0113t, l\u012bdz t\u0101 piln\u012bb\u0101 uzs\u016bcas. Nav nepiecie&scaron;ams noskalot.<\/p>\n<p><strong>Piesardz\u012bbas pas\u0101kumi: <\/strong>nelietot uz boj\u0101tas vai kairin\u0101tas \u0101das. Iesp\u0113jama individu\u0101la jut\u012bba pret atsevi&scaron;\u0137\u0101m sast\u0101vda\u013c\u0101m.<\/p>\n<p>Uzglab\u0101t temperat\u016br\u0101 no +5 &deg;C l\u012bdz +25 &deg;C, b\u0113rniem nepieejam\u0101 viet\u0101.<br \/>\n&nbsp;<\/p>\n","protected":false},"excerpt":{"rendered":"<p>98% alveja. Univers\u0101l\u0101 \u017eeleja sejai un \u0137ermenim dzi\u013ci mitrina, nomierina un atsvaidzina \u0101du.&nbsp;Alveja mazina aps\u0101rtumu, lob\u012b&scaron;anos un savilkuma saj\u016btu. T\u0113jas koka ekstrakts pies\u0101tina \u0101du ar mitrumu un pal\u012bdz c\u012bn\u012bties ar \u0101das nepiln\u012bb\u0101m un taukainu sp\u012bdumu. Produktu var izmantot k\u0101 sejas masku, b\u0101zi zem makij\u0101\u017eas, \u0137erme\u0146a vai kutikulas \u017eeleju vai k\u0101 \u017eeleju p\u0113c sau\u013co&scaron;an\u0101s. Lieto&scaron;ana: uzkl\u0101t [&#8230;]\n","protected":false},"featured_media":103201,"template":"","meta":[],"product_cat":[1999],"product_tag":[],"class_list":{"0":"post-43517","1":"product","2":"type-product","3":"status-publish","4":"has-post-thumbnail","6":"product_brand-7days_it","7":"product_cat-bez-kategorijas","9":"first","10":"instock","11":"taxable","12":"shipping-taxable","13":"product-type-simple"},"_links":{"self":[{"href":"https:\/\/e.kosmolat.eu\/lv\/wp-json\/wp\/v2\/product\/43517","targetHints":{"allow":["GET"]}}],"collection":[{"href":"https:\/\/e.kosmolat.eu\/lv\/wp-json\/wp\/v2\/product"}],"about":[{"href":"https:\/\/e.kosmolat.eu\/lv\/wp-json\/wp\/v2\/types\/product"}],"wp:featuredmedia":[{"embeddable":true,"href":"https:\/\/e.kosmolat.eu\/lv\/wp-json\/wp\/v2\/media\/103201"}],"wp:attachment":[{"href":"https:\/\/e.kosmolat.eu\/lv\/wp-json\/wp\/v2\/media?parent=43517"}],"wp:term":[{"taxonomy":"product_cat","embeddable":true,"href":"https:\/\/e.kosmolat.eu\/lv\/wp-json\/wp\/v2\/product_cat?post=43517"},{"taxonomy":"product_tag","embeddable":true,"href":"https:\/\/e.kosmolat.eu\/lv\/wp-json\/wp\/v2\/product_tag?post=43517"}],"curies":[{"name":"wp","href":"https:\/\/api.w.org\/{rel}","templated":true}]}}