{"id":43513,"date":"2024-01-31T12:53:02","date_gmt":"2024-01-31T12:53:02","guid":{"rendered":"https:\/\/e.kosmolat.eu\/product\/shik-darvas-sampuns-400-g\/"},"modified":"2026-04-23T13:17:55","modified_gmt":"2026-04-23T13:17:55","slug":"shik-darvas-sampuns-400-g","status":"publish","type":"product","link":"https:\/\/e.kosmolat.eu\/lv\/product\/shik-darvas-sampuns-400-g\/","title":{"rendered":"Shik Darvas \u0161amp\u016bns, 400 g"},"content":{"rendered":"<p>&Scaron;amp\u016bna formula efekt\u012bvi att\u012bra matus un galvas \u0101du. Pal\u012bdz kopt blaugzn\u0101m un taukain\u012bbai pak\u013cautu \u0101du un matus. Veicina epidermas &scaron;\u016bnu darb\u012bbas normaliz\u0101ciju, matu sp\u0113ku un aug&scaron;anu. Satur akt\u012bv\u0101s sast\u0101vda\u013cas, kas veicina blaugznu nov\u0113r&scaron;anu, \u0101das dab\u012bg\u0101s mikrofloras aizsardz\u012bbu un \u0101das &scaron;\u016bnu atjauno&scaron;anos.&nbsp;<\/p>\n<p><strong>Lieto&scaron;ana:<\/strong> uzkl\u0101t uz mitriem matiem, saputot, p\u0113c 3-5 min. noskalot ar \u016bdeni. Var uzkl\u0101t atk\u0101rtoti.&nbsp;<\/p>\n<p><strong>Piesardz\u012bbas pas\u0101kumi: <\/strong>tikai \u0101r\u012bgai lieto&scaron;anai. Ja iek\u013c\u016bst ac\u012bs, r\u016bp\u012bgi izskalojiet ar lielu daudzumu \u016bdens.<\/p>\n<p><strong>Der\u012bguma termi\u0146&scaron;:<\/strong> 36 m\u0113ne&scaron;i.<\/p>\n<p>Uzglab\u0101t temperat\u016br\u0101 no +5 &deg;\u0421 l\u012bdz +25 &deg;\u0421, sarg\u0101jot no tie&scaron;iem saules stariem.&nbsp;<br \/>\n&nbsp;<\/p>\n","protected":false},"excerpt":{"rendered":"<p>&Scaron;amp\u016bna formula efekt\u012bvi att\u012bra matus un galvas \u0101du. Pal\u012bdz kopt blaugzn\u0101m un taukain\u012bbai pak\u013cautu \u0101du un matus. Veicina epidermas &scaron;\u016bnu darb\u012bbas normaliz\u0101ciju, matu sp\u0113ku un aug&scaron;anu. Satur akt\u012bv\u0101s sast\u0101vda\u013cas, kas veicina blaugznu nov\u0113r&scaron;anu, \u0101das dab\u012bg\u0101s mikrofloras aizsardz\u012bbu un \u0101das &scaron;\u016bnu atjauno&scaron;anos.&nbsp; Lieto&scaron;ana: uzkl\u0101t uz mitriem matiem, saputot, p\u0113c 3-5 min. noskalot ar \u016bdeni. Var uzkl\u0101t [&#8230;]\n","protected":false},"featured_media":99566,"template":"","meta":[],"product_cat":[1248],"product_tag":[],"class_list":{"0":"post-43513","1":"product","2":"type-product","3":"status-publish","4":"has-post-thumbnail","6":"product_brand-slobozanskij-milovar_ua","7":"product_cat-sampuni","9":"first","10":"instock","11":"taxable","12":"shipping-taxable","13":"product-type-simple"},"_links":{"self":[{"href":"https:\/\/e.kosmolat.eu\/lv\/wp-json\/wp\/v2\/product\/43513","targetHints":{"allow":["GET"]}}],"collection":[{"href":"https:\/\/e.kosmolat.eu\/lv\/wp-json\/wp\/v2\/product"}],"about":[{"href":"https:\/\/e.kosmolat.eu\/lv\/wp-json\/wp\/v2\/types\/product"}],"wp:featuredmedia":[{"embeddable":true,"href":"https:\/\/e.kosmolat.eu\/lv\/wp-json\/wp\/v2\/media\/99566"}],"wp:attachment":[{"href":"https:\/\/e.kosmolat.eu\/lv\/wp-json\/wp\/v2\/media?parent=43513"}],"wp:term":[{"taxonomy":"product_cat","embeddable":true,"href":"https:\/\/e.kosmolat.eu\/lv\/wp-json\/wp\/v2\/product_cat?post=43513"},{"taxonomy":"product_tag","embeddable":true,"href":"https:\/\/e.kosmolat.eu\/lv\/wp-json\/wp\/v2\/product_tag?post=43513"}],"curies":[{"name":"wp","href":"https:\/\/api.w.org\/{rel}","templated":true}]}}