{"id":43477,"date":"2024-01-31T12:51:06","date_gmt":"2024-01-31T12:51:06","guid":{"rendered":"https:\/\/e.kosmolat.eu\/product\/herbarica-sejas-un-plakstinu-krems-45-tvirtuma-atjaunos-40-g\/"},"modified":"2025-09-20T02:05:49","modified_gmt":"2025-09-20T02:05:49","slug":"herbarica-sejas-un-plakstinu-krems-45-tvirtuma-atjaunos-40-g","status":"publish","type":"product","link":"https:\/\/e.kosmolat.eu\/lv\/product\/herbarica-sejas-un-plakstinu-krems-45-tvirtuma-atjaunos-40-g\/","title":{"rendered":"Herbarica Sejas un plaksti\u0146u kr\u0113ms 45+ Tvirtuma atjauno\u0161., 40 g"},"content":{"rendered":"<p>Kokosriekstu e\u013c\u013ca un &scaron;\u012b sviests intens\u012bvi baro sauso \u0101du, mitrina un nov\u0113r&scaron; lob\u012b&scaron;anos. Divdaivu ginka, Paragvajas ileksa un god\u017ei ogu ekstrakti pal\u012bdz atjaunot elast\u012bna &scaron;\u0137iedras un nodro&scaron;ina liftinga efektu. Beta\u012bns un glicer\u012bns ir mitrin\u0101t\u0101ju kombin\u0101cija, kas pie&scaron;\u0137ir \u0101dai svaigu izskatu un elast\u012bbu.&nbsp;<\/p>\n<p><strong>Lieto&scaron;ana:<\/strong> no r\u012bta un\/vai vakar\u0101 uzkl\u0101jiet kr\u0113mu uz att\u012br\u012btas sejas un kakla \u0101das.&nbsp;<br \/>\n&nbsp;<\/p>\n","protected":false},"excerpt":{"rendered":"<p>Kokosriekstu e\u013c\u013ca un &scaron;\u012b sviests intens\u012bvi baro sauso \u0101du, mitrina un nov\u0113r&scaron; lob\u012b&scaron;anos. Divdaivu ginka, Paragvajas ileksa un god\u017ei ogu ekstrakti pal\u012bdz atjaunot elast\u012bna &scaron;\u0137iedras un nodro&scaron;ina liftinga efektu. Beta\u012bns un glicer\u012bns ir mitrin\u0101t\u0101ju kombin\u0101cija, kas pie&scaron;\u0137ir \u0101dai svaigu izskatu un elast\u012bbu.&nbsp; Lieto&scaron;ana: no r\u012bta un\/vai vakar\u0101 uzkl\u0101jiet kr\u0113mu uz att\u012br\u012btas sejas un kakla \u0101das.&nbsp; [&#8230;]\n","protected":false},"featured_media":89630,"template":"","meta":[],"product_cat":[1320],"product_tag":[],"class_list":{"0":"post-43477","1":"product","2":"type-product","3":"status-publish","4":"has-post-thumbnail","6":"product_brand-belkosmex_by","7":"product_cat-sejas-kremi","9":"first","10":"outofstock","11":"taxable","12":"shipping-taxable","13":"product-type-simple"},"_links":{"self":[{"href":"https:\/\/e.kosmolat.eu\/lv\/wp-json\/wp\/v2\/product\/43477","targetHints":{"allow":["GET"]}}],"collection":[{"href":"https:\/\/e.kosmolat.eu\/lv\/wp-json\/wp\/v2\/product"}],"about":[{"href":"https:\/\/e.kosmolat.eu\/lv\/wp-json\/wp\/v2\/types\/product"}],"wp:featuredmedia":[{"embeddable":true,"href":"https:\/\/e.kosmolat.eu\/lv\/wp-json\/wp\/v2\/media\/89630"}],"wp:attachment":[{"href":"https:\/\/e.kosmolat.eu\/lv\/wp-json\/wp\/v2\/media?parent=43477"}],"wp:term":[{"taxonomy":"product_cat","embeddable":true,"href":"https:\/\/e.kosmolat.eu\/lv\/wp-json\/wp\/v2\/product_cat?post=43477"},{"taxonomy":"product_tag","embeddable":true,"href":"https:\/\/e.kosmolat.eu\/lv\/wp-json\/wp\/v2\/product_tag?post=43477"}],"curies":[{"name":"wp","href":"https:\/\/api.w.org\/{rel}","templated":true}]}}