{"id":43473,"date":"2024-01-31T12:50:46","date_gmt":"2024-01-31T12:50:46","guid":{"rendered":"https:\/\/e.kosmolat.eu\/product\/lb-pofilakt-zobu-p-ar-salvijas-alvejas-ekstr-75-ml\/"},"modified":"2024-08-28T12:52:35","modified_gmt":"2024-08-28T12:52:35","slug":"lb-pofilakt-zobu-p-ar-salvijas-alvejas-ekstr-75-ml","status":"publish","type":"product","link":"https:\/\/e.kosmolat.eu\/lv\/product\/lb-pofilakt-zobu-p-ar-salvijas-alvejas-ekstr-75-ml\/","title":{"rendered":"LB Pofilakt. zobu p. ar salvijas, alvejas ekstr., 75 ml"},"content":{"rendered":"<p>Nodro&scaron;ina zobu vesel\u012bbu un samazina nopietnu mutes dobuma probl\u0113mu risku par 84%. Di\u017eegles un alvejas ekstraktiem piem\u012bt antibakteri\u0101la iedarb\u012bba, tie toniz\u0113 un nodro&scaron;ina smaganas ar vitam\u012bniem. Salvijas ekstrakts nov\u0113r&scaron; patog\u0113no bakt\u0113riju att\u012bst\u012bbu mutes dobum\u0101. Formula uz z\u0101\u013cu nov\u0101r\u012bjuma pamata stiprina smaganas un nodro&scaron;ina to vesel\u012bbu.<\/p>\n<p><strong>Lieto&scaron;ana:<\/strong> zobu un smaganu vesel\u012bbai stomatologi iesaka t\u012br\u012bt zobus vismaz 2 reizes dien\u0101 2-3 min.&nbsp;<\/p>\n<p><strong>Br\u012bdin\u0101jums: <\/strong>satur n\u0101trija fluor\u012bdu. Fluor\u012bdu masas da\u013ca 0.1%. Nelietot b\u0113rniem l\u012bdz 14 gadu vecumam. Lieto&scaron;ana p\u0101rtikas nol\u016bkos nav pie\u013caujama. Nav \u0101rstniecisks l\u012bdzeklis.&nbsp;<\/p>\n<p>Uzglab\u0101t temperat\u016br\u0101 no 0 &deg;\u0421 l\u012bdz +25 &deg;\u0421, b\u0113rniem nepieejama viet\u0101.<br \/>\n&nbsp;<\/p>\n","protected":false},"excerpt":{"rendered":"<p>Nodro&scaron;ina zobu vesel\u012bbu un samazina nopietnu mutes dobuma probl\u0113mu risku par 84%. Di\u017eegles un alvejas ekstraktiem piem\u012bt antibakteri\u0101la iedarb\u012bba, tie toniz\u0113 un nodro&scaron;ina smaganas ar vitam\u012bniem. Salvijas ekstrakts nov\u0113r&scaron; patog\u0113no bakt\u0113riju att\u012bst\u012bbu mutes dobum\u0101. Formula uz z\u0101\u013cu nov\u0101r\u012bjuma pamata stiprina smaganas un nodro&scaron;ina to vesel\u012bbu. Lieto&scaron;ana: zobu un smaganu vesel\u012bbai stomatologi iesaka t\u012br\u012bt zobus vismaz [&#8230;]\n","protected":false},"featured_media":26468,"template":"","meta":[],"product_cat":[1306],"product_tag":[],"class_list":{"0":"post-43473","1":"product","2":"type-product","3":"status-publish","4":"has-post-thumbnail","6":"product_brand-unilever-cistajalinija-silkyhands-forestbalm-axe-tresemme","7":"product_cat-zobu-pastas-un-zelejas","9":"first","10":"outofstock","11":"taxable","12":"shipping-taxable","13":"product-type-simple"},"_links":{"self":[{"href":"https:\/\/e.kosmolat.eu\/lv\/wp-json\/wp\/v2\/product\/43473","targetHints":{"allow":["GET"]}}],"collection":[{"href":"https:\/\/e.kosmolat.eu\/lv\/wp-json\/wp\/v2\/product"}],"about":[{"href":"https:\/\/e.kosmolat.eu\/lv\/wp-json\/wp\/v2\/types\/product"}],"wp:featuredmedia":[{"embeddable":true,"href":"https:\/\/e.kosmolat.eu\/lv\/wp-json\/wp\/v2\/media\/26468"}],"wp:attachment":[{"href":"https:\/\/e.kosmolat.eu\/lv\/wp-json\/wp\/v2\/media?parent=43473"}],"wp:term":[{"taxonomy":"product_cat","embeddable":true,"href":"https:\/\/e.kosmolat.eu\/lv\/wp-json\/wp\/v2\/product_cat?post=43473"},{"taxonomy":"product_tag","embeddable":true,"href":"https:\/\/e.kosmolat.eu\/lv\/wp-json\/wp\/v2\/product_tag?post=43473"}],"curies":[{"name":"wp","href":"https:\/\/api.w.org\/{rel}","templated":true}]}}