{"id":43465,"date":"2024-01-31T12:50:23","date_gmt":"2024-01-31T12:50:23","guid":{"rendered":"https:\/\/e.kosmolat.eu\/product\/avenelle-pretnovec-balzams-dzilu-grumbu-novers-30-g\/"},"modified":"2025-09-20T00:20:01","modified_gmt":"2025-09-20T00:20:01","slug":"avenelle-pretnovec-balzams-dzilu-grumbu-novers-30-g","status":"publish","type":"product","link":"https:\/\/e.kosmolat.eu\/lv\/product\/avenelle-pretnovec-balzams-dzilu-grumbu-novers-30-g\/","title":{"rendered":"Avenelle Pretnovec.balzams dzi\u013cu grumbu nov\u0113r\u0161., 30 g"},"content":{"rendered":"<p>Nobriedu&scaron;as sejas \u0101das pamatvajadz\u012bbas ir atjaunin\u0101&scaron;anas efekti, pateicoties redzamu &ldquo;dabisk\u0101s noveco&scaron;an\u0101s&rdquo; paz\u012bmju nov\u0113r&scaron;anai: mazinot grumbu redzam\u012bbu un izl\u012bdzinot &ldquo;krokas&rdquo;, pie&scaron;\u0137irot tvirtumu un elast\u012bbu, nodro&scaron;inot liftinga efektu problem\u0101tisk\u0101s zon\u0101s, uzlabojot tonusu, barojot un toniz\u0113jot \u0101du.<\/p>\n<ul>\n<li>Auzu ekstrakts c\u012bn\u0101s ar nov\u012btu&scaron;u un novecojo&scaron;u \u0101du, mitrina, baro, pal\u012bdz no\u0101rd\u012bt atmiru&scaron;\u0101s &scaron;\u016bnas.<\/li>\n<li>Sast\u0101v\u0101 eso&scaron;ie Anti-Age CO2 ekstrakti ar augstu biolo\u0123iski akt\u012bvo vielu koncentr\u0101ciju nodro&scaron;ina kvalitat\u012bvu pretnoveco&scaron;an\u0101s efektu.&nbsp;CO2 ekstraktu apvienojums uz \u0113delveisa, ave\u0146u un rozmar\u012bna b\u0101zes palielina un saglab\u0101 \u0101das tvirtumu un elast\u012bbu, efekt\u012bvi c\u012bn\u0101s ar eso&scaron;\u0101m grumb\u0101m un vecuma plankumiem un nov\u0113r&scaron; to veido&scaron;anos, nodro&scaron;ina augstu antioksidantu aizsardz\u012bbas pak\u0101pi.<\/li>\n<li>Niacinam\u012bds pastiprina iztur\u012bbu pret fotonoveco&scaron;anos, pal\u0113nina vecuma plankumu veido&scaron;anos.<\/li>\n<li>Kvie&scaron;u asnu e\u013c\u013ca un arg\u0101ne\u013c\u013ca pievelk sejas \u0101du, izl\u012bdzina grumbas, padara \u0101du samtainu, nov\u0113r&scaron; lob\u012b&scaron;anos.<\/li>\n<li>Kokosriekstu e\u013c\u013ca uzlabo \u0101das tvirtumu un elast\u012bbu, aizsarg\u0101 pret negat\u012bviem vides faktoriem un ultravioleto starojumu.<\/li>\n<li>E vitam\u012bns aizsarg\u0101 pret br\u012bvajiem radik\u0101\u013ciem, nodro&scaron;ina liftinga efektu, veicina \u0101das atjaunin\u0101&scaron;anas meh\u0101nismus, uzlabojot \u0101das strukt\u016bru.&nbsp;<\/li>\n<\/ul>\n<p><strong>Lieto&scaron;ana: <\/strong>vienm\u0113r\u012bgi un maigi uzkl\u0101jiet l\u012bdzekli uz labi att\u012br\u012btas sausas sejas un kakla \u0101das gar mas\u0101\u017eas l\u012bnij\u0101m. Var lietot k\u0101 makij\u0101\u017eas b\u0101zi. Ja rodas nev\u0113lama \u0101das reakcija &ndash; p\u0101rtrauciet kosm\u0113tisk\u0101 l\u012bdzek\u013ca lieto&scaron;anu. Optim\u0101lais l\u012bdzek\u013ca daudzums vienai lieto&scaron;anas reizei ir 1-2 dozatora spiedieni.<\/p>\n<p>Uzglab\u0101t temperat\u016br\u0101 no +5 &deg;\u0421 l\u012bdz +25 &deg;\u0421.<\/p>\n<p><strong>Der\u012bguma termi\u0146&scaron;:<\/strong> 36 m\u0113ne&scaron;i.<br \/>\n&nbsp;<\/p>\n","protected":false},"excerpt":{"rendered":"<p>Nobriedu&scaron;as sejas \u0101das pamatvajadz\u012bbas ir atjaunin\u0101&scaron;anas efekti, pateicoties redzamu &ldquo;dabisk\u0101s noveco&scaron;an\u0101s&rdquo; paz\u012bmju nov\u0113r&scaron;anai: mazinot grumbu redzam\u012bbu un izl\u012bdzinot &ldquo;krokas&rdquo;, pie&scaron;\u0137irot tvirtumu un elast\u012bbu, nodro&scaron;inot liftinga efektu problem\u0101tisk\u0101s zon\u0101s, uzlabojot tonusu, barojot un toniz\u0113jot \u0101du. Auzu ekstrakts c\u012bn\u0101s ar nov\u012btu&scaron;u un novecojo&scaron;u \u0101du, mitrina, baro, pal\u012bdz no\u0101rd\u012bt atmiru&scaron;\u0101s &scaron;\u016bnas. Sast\u0101v\u0101 eso&scaron;ie Anti-Age CO2 ekstrakti ar augstu [&#8230;]\n","protected":false},"featured_media":87882,"template":"","meta":[],"product_cat":[1322],"product_tag":[],"class_list":{"0":"post-43465","1":"product","2":"type-product","3":"status-publish","4":"has-post-thumbnail","6":"product_brand-belkosmex_by","7":"product_cat-veido-kremai","9":"first","10":"outofstock","11":"taxable","12":"shipping-taxable","13":"product-type-simple"},"_links":{"self":[{"href":"https:\/\/e.kosmolat.eu\/lv\/wp-json\/wp\/v2\/product\/43465","targetHints":{"allow":["GET"]}}],"collection":[{"href":"https:\/\/e.kosmolat.eu\/lv\/wp-json\/wp\/v2\/product"}],"about":[{"href":"https:\/\/e.kosmolat.eu\/lv\/wp-json\/wp\/v2\/types\/product"}],"wp:featuredmedia":[{"embeddable":true,"href":"https:\/\/e.kosmolat.eu\/lv\/wp-json\/wp\/v2\/media\/87882"}],"wp:attachment":[{"href":"https:\/\/e.kosmolat.eu\/lv\/wp-json\/wp\/v2\/media?parent=43465"}],"wp:term":[{"taxonomy":"product_cat","embeddable":true,"href":"https:\/\/e.kosmolat.eu\/lv\/wp-json\/wp\/v2\/product_cat?post=43465"},{"taxonomy":"product_tag","embeddable":true,"href":"https:\/\/e.kosmolat.eu\/lv\/wp-json\/wp\/v2\/product_tag?post=43465"}],"curies":[{"name":"wp","href":"https:\/\/api.w.org\/{rel}","templated":true}]}}