{"id":43441,"date":"2024-01-31T12:49:09","date_gmt":"2024-01-31T12:49:09","guid":{"rendered":"https:\/\/e.kosmolat.eu\/product\/cosmeplant-losjons-pret-matu-izkris-ar-natres-un-apina-ekstr-200-ml\/"},"modified":"2026-04-11T18:18:47","modified_gmt":"2026-04-11T18:18:47","slug":"cosmeplant-losjons-pret-matu-izkris-ar-natres-un-apina-ekstr-200-ml","status":"publish","type":"product","link":"https:\/\/e.kosmolat.eu\/lv\/product\/cosmeplant-losjons-pret-matu-izkris-ar-natres-un-apina-ekstr-200-ml\/","title":{"rendered":"Cosmeplant Losjons pret matu izkri\u0161.ar n\u0101tres un api\u0146a ekstr., 200 ml"},"content":{"rendered":"<p>Palielina asins pl\u016bsmu uz matu folikul\u0101m, atdz\u012bvina, nodro&scaron;ina ar v\u0113rt\u012bg\u0101m viel\u0101m, kas stimul\u0113 vesel\u012bgu un stipru matu aug&scaron;anu. Losjons padara \u0101du vesel\u012bg\u0101ku un palielina matu biezumu.&nbsp;<\/p>\n<p><strong>Lieto&scaron;ana:<\/strong> izsmidziniet uz mitr\u0101m vai saus\u0101m matu sakn\u0113m, maigi pamas\u0113jiet galvas \u0101du. Nav nepiecie&scaron;ams skalot.&nbsp;<\/p>\n<p>Uzglab\u0101t t&deg; no +5&deg;\u0421 l\u012bdz +25&deg;\u0421, sarg\u0101jot no tie&scaron;iem saules stariem.&nbsp;<\/p>\n<p><strong>Der\u012bguma termi\u0146&scaron;: <\/strong>36 m\u0113ne&scaron;i.<br \/>\n&nbsp;<\/p>\n","protected":false},"excerpt":{"rendered":"<p>Palielina asins pl\u016bsmu uz matu folikul\u0101m, atdz\u012bvina, nodro&scaron;ina ar v\u0113rt\u012bg\u0101m viel\u0101m, kas stimul\u0113 vesel\u012bgu un stipru matu aug&scaron;anu. Losjons padara \u0101du vesel\u012bg\u0101ku un palielina matu biezumu.&nbsp; Lieto&scaron;ana: izsmidziniet uz mitr\u0101m vai saus\u0101m matu sakn\u0113m, maigi pamas\u0113jiet galvas \u0101du. Nav nepiecie&scaron;ams skalot.&nbsp; Uzglab\u0101t t&deg; no +5&deg;\u0421 l\u012bdz +25&deg;\u0421, sarg\u0101jot no tie&scaron;iem saules stariem.&nbsp; Der\u012bguma termi\u0146&scaron;: 36 [&#8230;]\n","protected":false},"featured_media":87646,"template":"","meta":[],"product_cat":[1343],"product_tag":[],"class_list":{"0":"post-43441","1":"product","2":"type-product","3":"status-publish","4":"has-post-thumbnail","6":"product_brand-viorica-cosmeplant_bg","7":"product_cat-citi-matu-kopsanas-produkti","9":"first","10":"outofstock","11":"taxable","12":"shipping-taxable","13":"product-type-simple"},"_links":{"self":[{"href":"https:\/\/e.kosmolat.eu\/lv\/wp-json\/wp\/v2\/product\/43441","targetHints":{"allow":["GET"]}}],"collection":[{"href":"https:\/\/e.kosmolat.eu\/lv\/wp-json\/wp\/v2\/product"}],"about":[{"href":"https:\/\/e.kosmolat.eu\/lv\/wp-json\/wp\/v2\/types\/product"}],"wp:featuredmedia":[{"embeddable":true,"href":"https:\/\/e.kosmolat.eu\/lv\/wp-json\/wp\/v2\/media\/87646"}],"wp:attachment":[{"href":"https:\/\/e.kosmolat.eu\/lv\/wp-json\/wp\/v2\/media?parent=43441"}],"wp:term":[{"taxonomy":"product_cat","embeddable":true,"href":"https:\/\/e.kosmolat.eu\/lv\/wp-json\/wp\/v2\/product_cat?post=43441"},{"taxonomy":"product_tag","embeddable":true,"href":"https:\/\/e.kosmolat.eu\/lv\/wp-json\/wp\/v2\/product_tag?post=43441"}],"curies":[{"name":"wp","href":"https:\/\/api.w.org\/{rel}","templated":true}]}}