{"id":43433,"date":"2024-01-31T12:48:49","date_gmt":"2024-01-31T12:48:49","guid":{"rendered":"https:\/\/e.kosmolat.eu\/product\/cosmeplant-vitam-dienas-sej-krems-ar-avenes-upenes-un-vilkabeles-ekstr-50-ml\/"},"modified":"2026-04-17T13:08:29","modified_gmt":"2026-04-17T13:08:29","slug":"cosmeplant-vitam-dienas-sej-krems-ar-avenes-upenes-un-vilkabeles-ekstr-50-ml","status":"publish","type":"product","link":"https:\/\/e.kosmolat.eu\/lv\/product\/cosmeplant-vitam-dienas-sej-krems-ar-avenes-upenes-un-vilkabeles-ekstr-50-ml\/","title":{"rendered":"Cosmeplant Vitam.dienas sej.kr\u0113ms ar avenes, upenes un vilk\u0101beles ekstr., 50 ml"},"content":{"rendered":"<p>\u0100das kop\u0161anai dienas laik\u0101. Efekt\u012bvi mitrina, m\u012bkstina, nodro\u0161ina ar v\u0113rt\u012bgiem vitam\u012bniem, aizsarg\u0101 no apk\u0101rt\u0113j\u0101s vides nelabv\u0113l\u012bg\u0101s ietekmes. Ilgsto\u0161i lietojot, uzlabojas \u0101das izskats. <\/p>\n<p>Satur A vitam\u012bnu. L\u016bgums pirms lieto\u0161anas p\u0101rdom\u0101t savu dienas devu.<\/p>\n<p>Lieto\u0161ana: uzkl\u0101jiet kr\u0113mu uz t\u012bras sausas sejas \u0101das, maigi iemas\u0113jot, l\u012bdz tas piln\u012bb\u0101 uzs\u016bcas. Lietojiet katru r\u012btu. <\/p>\n<p>Uzglab\u0101t t\u00b0 no +5 \u00b0\u0421 l\u012bdz +25 \u00b0\u0421, sarg\u0101jot no tie\u0161iem saules stariem. <\/p>\n<p>Der\u012bguma termi\u0146\u0161: 24 m\u0113ne\u0161i.<\/p>\n","protected":false},"excerpt":{"rendered":"<p>\u0100das kop\u0161anai dienas laik\u0101. Efekt\u012bvi mitrina, m\u012bkstina, nodro\u0161ina ar v\u0113rt\u012bgiem vitam\u012bniem, aizsarg\u0101 no apk\u0101rt\u0113j\u0101s vides nelabv\u0113l\u012bg\u0101s ietekmes. Ilgsto\u0161i lietojot, uzlabojas \u0101das izskats. Satur A vitam\u012bnu. L\u016bgums pirms lieto\u0161anas p\u0101rdom\u0101t savu dienas devu. Lieto\u0161ana: uzkl\u0101jiet kr\u0113mu uz t\u012bras sausas sejas \u0101das, maigi iemas\u0113jot, l\u012bdz tas piln\u012bb\u0101 uzs\u016bcas. Lietojiet katru r\u012btu. Uzglab\u0101t t\u00b0 no +5 \u00b0\u0421 l\u012bdz [&#8230;]\n","protected":false},"featured_media":87558,"template":"","meta":[],"product_cat":[1320],"product_tag":[],"class_list":{"0":"post-43433","1":"product","2":"type-product","3":"status-publish","4":"has-post-thumbnail","6":"product_brand-viorica-cosmeplant_bg","7":"product_cat-sejas-kremi","9":"first","10":"outofstock","11":"taxable","12":"shipping-taxable","13":"product-type-simple"},"_links":{"self":[{"href":"https:\/\/e.kosmolat.eu\/lv\/wp-json\/wp\/v2\/product\/43433","targetHints":{"allow":["GET"]}}],"collection":[{"href":"https:\/\/e.kosmolat.eu\/lv\/wp-json\/wp\/v2\/product"}],"about":[{"href":"https:\/\/e.kosmolat.eu\/lv\/wp-json\/wp\/v2\/types\/product"}],"wp:featuredmedia":[{"embeddable":true,"href":"https:\/\/e.kosmolat.eu\/lv\/wp-json\/wp\/v2\/media\/87558"}],"wp:attachment":[{"href":"https:\/\/e.kosmolat.eu\/lv\/wp-json\/wp\/v2\/media?parent=43433"}],"wp:term":[{"taxonomy":"product_cat","embeddable":true,"href":"https:\/\/e.kosmolat.eu\/lv\/wp-json\/wp\/v2\/product_cat?post=43433"},{"taxonomy":"product_tag","embeddable":true,"href":"https:\/\/e.kosmolat.eu\/lv\/wp-json\/wp\/v2\/product_tag?post=43433"}],"curies":[{"name":"wp","href":"https:\/\/api.w.org\/{rel}","templated":true}]}}