{"id":43417,"date":"2024-01-31T12:47:49","date_gmt":"2024-01-31T12:47:49","guid":{"rendered":"https:\/\/e.kosmolat.eu\/product\/vollare-barojoss-atvesinoss-kaju-krems-100-ml\/"},"modified":"2025-09-19T23:48:32","modified_gmt":"2025-09-19T23:48:32","slug":"vollare-barojoss-atvesinoss-kaju-krems-100-ml","status":"publish","type":"product","link":"https:\/\/e.kosmolat.eu\/lv\/product\/vollare-barojoss-atvesinoss-kaju-krems-100-ml\/","title":{"rendered":"VOLLARE Barojo\u0161s atv\u0113sino\u0161s k\u0101ju kr\u0113ms, 100 ml"},"content":{"rendered":"<p>Noguru\u0161u k\u0101ju \u0101das kop\u0161anai un baro\u0161anai. Unik\u0101l\u0101 formula nodro\u0161ina viegluma un svaiguma saj\u016btu. Ur\u012bnviela lieliski mitrina un m\u012bkstina, mentols acumirkl\u012b atv\u0113sina, savuk\u0101rt ol\u012bve\u013c\u013ca intens\u012bvi baro \u0101du.<\/p>\n<p><strong>Lieto\u0161ana: <\/strong>uzkl\u0101jiet kr\u0113mu uz t\u012bras, sausas k\u0101ju \u0101das, mas\u0113jiet vair\u0101kas min\u016btes, l\u012bdz kr\u0113ms uzs\u016bcas. Lietojiet p\u0113c nepiecie\u0161am\u012bbas.<br \/>\n&nbsp;<\/p>\n","protected":false},"excerpt":{"rendered":"<p>Noguru\u0161u k\u0101ju \u0101das kop\u0161anai un baro\u0161anai. Unik\u0101l\u0101 formula nodro\u0161ina viegluma un svaiguma saj\u016btu. Ur\u012bnviela lieliski mitrina un m\u012bkstina, mentols acumirkl\u012b atv\u0113sina, savuk\u0101rt ol\u012bve\u013c\u013ca intens\u012bvi baro \u0101du. Lieto\u0161ana: uzkl\u0101jiet kr\u0113mu uz t\u012bras, sausas k\u0101ju \u0101das, mas\u0113jiet vair\u0101kas min\u016btes, l\u012bdz kr\u0113ms uzs\u016bcas. Lietojiet p\u0113c nepiecie\u0161am\u012bbas. &nbsp;<\/p>\n","protected":false},"featured_media":87422,"template":"","meta":[],"product_cat":[1761],"product_tag":[],"class_list":{"0":"post-43417","1":"product","2":"type-product","3":"status-publish","4":"has-post-thumbnail","6":"product_brand-malina-akcija","7":"product_cat-kaju-kopsanas-kosmetika","9":"first","10":"outofstock","11":"taxable","12":"shipping-taxable","13":"product-type-simple"},"_links":{"self":[{"href":"https:\/\/e.kosmolat.eu\/lv\/wp-json\/wp\/v2\/product\/43417","targetHints":{"allow":["GET"]}}],"collection":[{"href":"https:\/\/e.kosmolat.eu\/lv\/wp-json\/wp\/v2\/product"}],"about":[{"href":"https:\/\/e.kosmolat.eu\/lv\/wp-json\/wp\/v2\/types\/product"}],"wp:featuredmedia":[{"embeddable":true,"href":"https:\/\/e.kosmolat.eu\/lv\/wp-json\/wp\/v2\/media\/87422"}],"wp:attachment":[{"href":"https:\/\/e.kosmolat.eu\/lv\/wp-json\/wp\/v2\/media?parent=43417"}],"wp:term":[{"taxonomy":"product_cat","embeddable":true,"href":"https:\/\/e.kosmolat.eu\/lv\/wp-json\/wp\/v2\/product_cat?post=43417"},{"taxonomy":"product_tag","embeddable":true,"href":"https:\/\/e.kosmolat.eu\/lv\/wp-json\/wp\/v2\/product_tag?post=43417"}],"curies":[{"name":"wp","href":"https:\/\/api.w.org\/{rel}","templated":true}]}}