{"id":43413,"date":"2024-01-31T12:47:28","date_gmt":"2024-01-31T12:47:28","guid":{"rendered":"https:\/\/e.kosmolat.eu\/product\/vollare-age-creator-regen-pretgrumbu-kr-60-regeneration-creator-50-ml\/"},"modified":"2025-09-19T23:46:22","modified_gmt":"2025-09-19T23:46:22","slug":"vollare-age-creator-regen-pretgrumbu-kr-60-regeneration-creator-50-ml","status":"publish","type":"product","link":"https:\/\/e.kosmolat.eu\/lv\/product\/vollare-age-creator-regen-pretgrumbu-kr-60-regeneration-creator-50-ml\/","title":{"rendered":"VOLLARE Age Creator Re\u0123en.pretgrumbu kr.60+ Regeneration Creator, 50 ml"},"content":{"rendered":"<p>Re\u0123ener\u0113jo\u0161s pretgrumbu dienas un nakts sejas kr\u0113ms paredz\u0113ts ikdienas \u0101das kop\u0161anai sieviet\u0113m vecum\u0101 p\u0113c 60 gadiem neatkar\u012bgi no \u0101das tipa. Mazina \u0101das noveco\u0161an\u0101s paz\u012bmes un to sekas. Koncentr\u0113tas akt\u012bv\u0101s sast\u0101vda\u013cas intens\u012bvi baro un pievelk \u0101du, izce\u013cot sejas ov\u0101lu, uzlabo \u0101das st\u0101vokli, palielinot t\u0101s bl\u012bvumu un pa\u0101trinot atjauno\u0161an\u0101s procesus.&nbsp;<\/p>\n<ul>\n<li>SNAP-8 ir pept\u012bds, kas neitraliz\u0113 past\u0101v\u012bgu \u0101das sasprindzin\u0101jumu, samazina grumbu par\u0101d\u012b\u0161anos.<\/li>\n<li>Keram\u012bdu komplekss atjauno \u0101das \u016bdens barjeru un efekt\u012bvi nov\u0113r\u0161 boj\u0101jumus, atjauno \u0101das tvirtumu un elast\u012bbu.<\/li>\n<li>RonaCare&reg; Luremin ir &ldquo;gudr\u0101&rdquo; akt\u012bv\u0101 sast\u0101vda\u013ca, kas l\u012bdz\u012bgi retinolam uzlabo \u0101das elast\u012bbu un funkcijas. Pal\u012bdz izl\u012bdzin\u0101t \u0101du un uzlabot t\u0101s strukt\u016bru.<\/li>\n<\/ul>\n<p><strong>Lieto\u0161ana: <\/strong>uzkl\u0101jiet kr\u0113mu uz att\u012br\u012btas sejas, kakla un dekolt\u0113 zonas \u0101das no r\u012bta un vakar\u0101.<br \/>\n&nbsp;<\/p>\n","protected":false},"excerpt":{"rendered":"<p>Re\u0123ener\u0113jo\u0161s pretgrumbu dienas un nakts sejas kr\u0113ms paredz\u0113ts ikdienas \u0101das kop\u0161anai sieviet\u0113m vecum\u0101 p\u0113c 60 gadiem neatkar\u012bgi no \u0101das tipa. Mazina \u0101das noveco\u0161an\u0101s paz\u012bmes un to sekas. Koncentr\u0113tas akt\u012bv\u0101s sast\u0101vda\u013cas intens\u012bvi baro un pievelk \u0101du, izce\u013cot sejas ov\u0101lu, uzlabo \u0101das st\u0101vokli, palielinot t\u0101s bl\u012bvumu un pa\u0101trinot atjauno\u0161an\u0101s procesus.&nbsp; SNAP-8 ir pept\u012bds, kas neitraliz\u0113 past\u0101v\u012bgu \u0101das [&#8230;]\n","protected":false},"featured_media":87386,"template":"","meta":[],"product_cat":[1320],"product_tag":[],"class_list":{"0":"post-43413","1":"product","2":"type-product","3":"status-publish","4":"has-post-thumbnail","6":"product_brand-malina-akcija","7":"product_cat-sejas-kremi","9":"first","10":"outofstock","11":"taxable","12":"shipping-taxable","13":"product-type-simple"},"_links":{"self":[{"href":"https:\/\/e.kosmolat.eu\/lv\/wp-json\/wp\/v2\/product\/43413","targetHints":{"allow":["GET"]}}],"collection":[{"href":"https:\/\/e.kosmolat.eu\/lv\/wp-json\/wp\/v2\/product"}],"about":[{"href":"https:\/\/e.kosmolat.eu\/lv\/wp-json\/wp\/v2\/types\/product"}],"wp:featuredmedia":[{"embeddable":true,"href":"https:\/\/e.kosmolat.eu\/lv\/wp-json\/wp\/v2\/media\/87386"}],"wp:attachment":[{"href":"https:\/\/e.kosmolat.eu\/lv\/wp-json\/wp\/v2\/media?parent=43413"}],"wp:term":[{"taxonomy":"product_cat","embeddable":true,"href":"https:\/\/e.kosmolat.eu\/lv\/wp-json\/wp\/v2\/product_cat?post=43413"},{"taxonomy":"product_tag","embeddable":true,"href":"https:\/\/e.kosmolat.eu\/lv\/wp-json\/wp\/v2\/product_tag?post=43413"}],"curies":[{"name":"wp","href":"https:\/\/api.w.org\/{rel}","templated":true}]}}