{"id":43409,"date":"2024-01-31T12:47:08","date_gmt":"2024-01-31T12:47:08","guid":{"rendered":"https:\/\/e.kosmolat.eu\/product\/vollare-age-creator-mitrin-pretgrumbu-kr-40-youth-creator-50-ml\/"},"modified":"2025-09-19T23:45:54","modified_gmt":"2025-09-19T23:45:54","slug":"vollare-age-creator-mitrin-pretgrumbu-kr-40-youth-creator-50-ml","status":"publish","type":"product","link":"https:\/\/e.kosmolat.eu\/lv\/product\/vollare-age-creator-mitrin-pretgrumbu-kr-40-youth-creator-50-ml\/","title":{"rendered":"VOLLARE Age Creator Mitrin.pretgrumbu kr.40+ Youth Creator, 50 ml"},"content":{"rendered":"<p>Dienas un nakts pretgrumbu sejas kr\u0113ms paredz\u0113ts ikdienas \u0101das kop\u0161anai sieviet\u0113m vecum\u0101 p\u0113c 40 gadiem neatkar\u012bgi no \u0101das tipa. Nodro\u0161ina intens\u012bvu un ilgsto\u0161u mitrin\u0101\u0161anu, aizsarg\u0101 \u0101du no noveco\u0161an\u0101s un samazina t\u0101s ietekmi. Mazina noguruma un stresa simptomus, vienlaikus uzlabojot \u0101das izskatu.<\/p>\n<ul>\n<li>SNAP-8 ir pept\u012bds, kas neitraliz\u0113 past\u0101v\u012bgu \u0101das sasprindzin\u0101jumu, samazina grumbu par\u0101d\u012b\u0161anos.<\/li>\n<li>Hialuronsk\u0101be intens\u012bvi mitrina un izl\u012bdzina \u0101du, k\u0101 ar\u012b palielina elast\u012bbu un nodro\u0161ina ilgsto\u0161u liftinga efektu.<\/li>\n<li>Polisahar\u012bds nodro\u0161ina intens\u012bvu un ilgsto\u0161u mitrin\u0101\u0161anu, nokl\u0101j epidermu ar aizsargk\u0101rti\u0146u, nov\u0113r\u0161ot mitruma zudumu no \u0101das \u0161\u016bn\u0101m.<\/li>\n<\/ul>\n<p><strong>Lieto\u0161ana:<\/strong> uzkl\u0101jiet kr\u0113mu uz att\u012br\u012btas sejas, kakla un dekolt\u0113 zonas \u0101das no r\u012bta un vakar\u0101.<br \/>\n&nbsp;<\/p>\n","protected":false},"excerpt":{"rendered":"<p>Dienas un nakts pretgrumbu sejas kr\u0113ms paredz\u0113ts ikdienas \u0101das kop\u0161anai sieviet\u0113m vecum\u0101 p\u0113c 40 gadiem neatkar\u012bgi no \u0101das tipa. Nodro\u0161ina intens\u012bvu un ilgsto\u0161u mitrin\u0101\u0161anu, aizsarg\u0101 \u0101du no noveco\u0161an\u0101s un samazina t\u0101s ietekmi. Mazina noguruma un stresa simptomus, vienlaikus uzlabojot \u0101das izskatu. SNAP-8 ir pept\u012bds, kas neitraliz\u0113 past\u0101v\u012bgu \u0101das sasprindzin\u0101jumu, samazina grumbu par\u0101d\u012b\u0161anos. Hialuronsk\u0101be intens\u012bvi mitrina [&#8230;]\n","protected":false},"featured_media":87378,"template":"","meta":[],"product_cat":[1320],"product_tag":[],"class_list":{"0":"post-43409","1":"product","2":"type-product","3":"status-publish","4":"has-post-thumbnail","6":"product_brand-malina-akcija","7":"product_cat-sejas-kremi","9":"first","10":"outofstock","11":"taxable","12":"shipping-taxable","13":"product-type-simple"},"_links":{"self":[{"href":"https:\/\/e.kosmolat.eu\/lv\/wp-json\/wp\/v2\/product\/43409","targetHints":{"allow":["GET"]}}],"collection":[{"href":"https:\/\/e.kosmolat.eu\/lv\/wp-json\/wp\/v2\/product"}],"about":[{"href":"https:\/\/e.kosmolat.eu\/lv\/wp-json\/wp\/v2\/types\/product"}],"wp:featuredmedia":[{"embeddable":true,"href":"https:\/\/e.kosmolat.eu\/lv\/wp-json\/wp\/v2\/media\/87378"}],"wp:attachment":[{"href":"https:\/\/e.kosmolat.eu\/lv\/wp-json\/wp\/v2\/media?parent=43409"}],"wp:term":[{"taxonomy":"product_cat","embeddable":true,"href":"https:\/\/e.kosmolat.eu\/lv\/wp-json\/wp\/v2\/product_cat?post=43409"},{"taxonomy":"product_tag","embeddable":true,"href":"https:\/\/e.kosmolat.eu\/lv\/wp-json\/wp\/v2\/product_tag?post=43409"}],"curies":[{"name":"wp","href":"https:\/\/api.w.org\/{rel}","templated":true}]}}