{"id":43405,"date":"2024-01-31T12:46:50","date_gmt":"2024-01-31T12:46:50","guid":{"rendered":"https:\/\/e.kosmolat.eu\/product\/vollare-liftinga-sej-krems-ar-kazas-piena-prot-medu-un-bisu-vasku-50-ml\/"},"modified":"2025-09-19T23:45:38","modified_gmt":"2025-09-19T23:45:38","slug":"vollare-liftinga-sej-krems-ar-kazas-piena-prot-medu-un-bisu-vasku-50-ml","status":"publish","type":"product","link":"https:\/\/e.kosmolat.eu\/lv\/product\/vollare-liftinga-sej-krems-ar-kazas-piena-prot-medu-un-bisu-vasku-50-ml\/","title":{"rendered":"VOLLARE Liftinga sej.kr\u0113ms ar kazas piena prot., medu un bi\u0161u vasku, 50 ml"},"content":{"rendered":"<p>Maigs sejas kr\u0113ms ar liftinga efektu visiem \u0101das tipiem. Lieliski mitrina, atjauno un uzlabo \u0101das elast\u012bbu. \u0100da izskat\u012bsies jauna un mirdzo\u0161a, pateicoties kazas piena prote\u012bniem, medus ekstraktam, kas intens\u012bvi mitrina un atjauno \u0101du, un bi\u0161u vaskam, kas baro un uzlabo \u0101das elast\u012bbu. Dermatolo\u0123iski p\u0101rbaud\u012bts.<\/p>\n<p><strong>Lieto\u0161ana: <\/strong>uzkl\u0101jiet kr\u0113mu uz t\u012bras sejas un kakla \u0101das ar viegl\u0101m mas\u0113jo\u0161\u0101m kust\u012bb\u0101m.&nbsp;<br \/>\n&nbsp;<\/p>\n","protected":false},"excerpt":{"rendered":"<p>Maigs sejas kr\u0113ms ar liftinga efektu visiem \u0101das tipiem. Lieliski mitrina, atjauno un uzlabo \u0101das elast\u012bbu. \u0100da izskat\u012bsies jauna un mirdzo\u0161a, pateicoties kazas piena prote\u012bniem, medus ekstraktam, kas intens\u012bvi mitrina un atjauno \u0101du, un bi\u0161u vaskam, kas baro un uzlabo \u0101das elast\u012bbu. Dermatolo\u0123iski p\u0101rbaud\u012bts. Lieto\u0161ana: uzkl\u0101jiet kr\u0113mu uz t\u012bras sejas un kakla \u0101das ar viegl\u0101m [&#8230;]\n","protected":false},"featured_media":87374,"template":"","meta":[],"product_cat":[1320],"product_tag":[],"class_list":{"0":"post-43405","1":"product","2":"type-product","3":"status-publish","4":"has-post-thumbnail","6":"product_brand-malina-akcija","7":"product_cat-sejas-kremi","9":"first","10":"outofstock","11":"taxable","12":"shipping-taxable","13":"product-type-simple"},"_links":{"self":[{"href":"https:\/\/e.kosmolat.eu\/lv\/wp-json\/wp\/v2\/product\/43405","targetHints":{"allow":["GET"]}}],"collection":[{"href":"https:\/\/e.kosmolat.eu\/lv\/wp-json\/wp\/v2\/product"}],"about":[{"href":"https:\/\/e.kosmolat.eu\/lv\/wp-json\/wp\/v2\/types\/product"}],"wp:featuredmedia":[{"embeddable":true,"href":"https:\/\/e.kosmolat.eu\/lv\/wp-json\/wp\/v2\/media\/87374"}],"wp:attachment":[{"href":"https:\/\/e.kosmolat.eu\/lv\/wp-json\/wp\/v2\/media?parent=43405"}],"wp:term":[{"taxonomy":"product_cat","embeddable":true,"href":"https:\/\/e.kosmolat.eu\/lv\/wp-json\/wp\/v2\/product_cat?post=43405"},{"taxonomy":"product_tag","embeddable":true,"href":"https:\/\/e.kosmolat.eu\/lv\/wp-json\/wp\/v2\/product_tag?post=43405"}],"curies":[{"name":"wp","href":"https:\/\/api.w.org\/{rel}","templated":true}]}}