{"id":43401,"date":"2024-01-31T12:46:33","date_gmt":"2024-01-31T12:46:33","guid":{"rendered":"https:\/\/e.kosmolat.eu\/product\/vollare-pretgrumbu-sej-kr-ar-kazas-piena-prot-tara-koka-un-juras-algu-ekstr-50-ml\/"},"modified":"2025-09-19T23:45:24","modified_gmt":"2025-09-19T23:45:24","slug":"vollare-pretgrumbu-sej-kr-ar-kazas-piena-prot-tara-koka-un-juras-algu-ekstr-50-ml","status":"publish","type":"product","link":"https:\/\/e.kosmolat.eu\/lv\/product\/vollare-pretgrumbu-sej-kr-ar-kazas-piena-prot-tara-koka-un-juras-algu-ekstr-50-ml\/","title":{"rendered":"VOLLARE Pretgrumbu sej.kr.ar kazas piena prot.,tara koka un j\u016bras a\u013c\u0123u ekstr., 50 ml"},"content":{"rendered":"<p>Pretgrumbu kr\u0113ms efekt\u012bvi c\u012bn\u0101s ar noveco\u0161an\u0101s paz\u012bm\u0113m, nodro\u0161ina \u0101dai ilgsto\u0161u mitrin\u0101\u0161anu, aizsarg\u0101 pret kait\u012bgiem vides faktoriem un izl\u012bdzina grumbas. \u0100da k\u013c\u016bst z\u012bdaina un tvirta, pateicoties kazas piena prote\u012bniem, tara koka aug\u013cu ekstraktam, kas nodro\u0161ina \u0101das liftinga un izl\u012bdzin\u0101\u0161anas efektu, un sarkano a\u013c\u0123u ekstraktam, kas nov\u0113r\u0161 &nbsp;grumbas un izl\u012bdzina \u0101du. Dermatolo\u0123iski p\u0101rbaud\u012bts.<\/p>\n<p><strong>Lieto\u0161ana:<\/strong> uzkl\u0101jiet kr\u0113mu uz t\u012bras sejas un kakla \u0101das ar viegl\u0101m mas\u0113jo\u0161\u0101m kust\u012bb\u0101m.<br \/>\n&nbsp;<\/p>\n","protected":false},"excerpt":{"rendered":"<p>Pretgrumbu kr\u0113ms efekt\u012bvi c\u012bn\u0101s ar noveco\u0161an\u0101s paz\u012bm\u0113m, nodro\u0161ina \u0101dai ilgsto\u0161u mitrin\u0101\u0161anu, aizsarg\u0101 pret kait\u012bgiem vides faktoriem un izl\u012bdzina grumbas. \u0100da k\u013c\u016bst z\u012bdaina un tvirta, pateicoties kazas piena prote\u012bniem, tara koka aug\u013cu ekstraktam, kas nodro\u0161ina \u0101das liftinga un izl\u012bdzin\u0101\u0161anas efektu, un sarkano a\u013c\u0123u ekstraktam, kas nov\u0113r\u0161 &nbsp;grumbas un izl\u012bdzina \u0101du. Dermatolo\u0123iski p\u0101rbaud\u012bts. Lieto\u0161ana: uzkl\u0101jiet kr\u0113mu uz [&#8230;]\n","protected":false},"featured_media":87370,"template":"","meta":[],"product_cat":[1320],"product_tag":[],"class_list":{"0":"post-43401","1":"product","2":"type-product","3":"status-publish","4":"has-post-thumbnail","6":"product_brand-malina-akcija","7":"product_cat-sejas-kremi","9":"first","10":"outofstock","11":"taxable","12":"shipping-taxable","13":"product-type-simple"},"_links":{"self":[{"href":"https:\/\/e.kosmolat.eu\/lv\/wp-json\/wp\/v2\/product\/43401","targetHints":{"allow":["GET"]}}],"collection":[{"href":"https:\/\/e.kosmolat.eu\/lv\/wp-json\/wp\/v2\/product"}],"about":[{"href":"https:\/\/e.kosmolat.eu\/lv\/wp-json\/wp\/v2\/types\/product"}],"wp:featuredmedia":[{"embeddable":true,"href":"https:\/\/e.kosmolat.eu\/lv\/wp-json\/wp\/v2\/media\/87370"}],"wp:attachment":[{"href":"https:\/\/e.kosmolat.eu\/lv\/wp-json\/wp\/v2\/media?parent=43401"}],"wp:term":[{"taxonomy":"product_cat","embeddable":true,"href":"https:\/\/e.kosmolat.eu\/lv\/wp-json\/wp\/v2\/product_cat?post=43401"},{"taxonomy":"product_tag","embeddable":true,"href":"https:\/\/e.kosmolat.eu\/lv\/wp-json\/wp\/v2\/product_tag?post=43401"}],"curies":[{"name":"wp","href":"https:\/\/api.w.org\/{rel}","templated":true}]}}