{"id":43393,"date":"2024-01-31T12:45:53","date_gmt":"2024-01-31T12:45:53","guid":{"rendered":"https:\/\/e.kosmolat.eu\/product\/vollare-baroj-sej-krems-ar-kazas-piena-prot-un-7-ellam-50-ml\/"},"modified":"2025-09-19T23:44:54","modified_gmt":"2025-09-19T23:44:54","slug":"vollare-baroj-sej-krems-ar-kazas-piena-prot-un-7-ellam-50-ml","status":"publish","type":"product","link":"https:\/\/e.kosmolat.eu\/lv\/product\/vollare-baroj-sej-krems-ar-kazas-piena-prot-un-7-ellam-50-ml\/","title":{"rendered":"VOLLARE Baroj.sej.kr\u0113ms ar kazas piena prot.un 7 e\u013cl\u0101m, 50 ml"},"content":{"rendered":"<p>Intens\u012bvi barojo\u0161s kr\u0113ms jebkura tipa \u0101dai. Uzlabo \u0101das elast\u012bbu, padara to z\u012bdainu un gludu. Nomierina un atjauno komfortu, padarot epidermu m\u012bkstu un elast\u012bgu. \u0100da k\u013c\u016bst mirdzo\u0161a, pateicoties kazas piena prote\u012bniem un 7 e\u013c\u013c\u0101m, kas stimul\u0113 \u0101das atjaunin\u0101\u0161anas procesus. Dermatolo\u0123iski p\u0101rbaud\u012bts.<\/p>\n<p><strong>Lieto\u0161ana: <\/strong>uzkl\u0101jiet kr\u0113mu uz t\u012bras sejas un kakla \u0101das ar viegl\u0101m mas\u0113jo\u0161\u0101m kust\u012bb\u0101m. Var uzkl\u0101t pirms ton\u0101l\u0101 kr\u0113ma.<br \/>\n&nbsp;<\/p>\n","protected":false},"excerpt":{"rendered":"<p>Intens\u012bvi barojo\u0161s kr\u0113ms jebkura tipa \u0101dai. Uzlabo \u0101das elast\u012bbu, padara to z\u012bdainu un gludu. Nomierina un atjauno komfortu, padarot epidermu m\u012bkstu un elast\u012bgu. \u0100da k\u013c\u016bst mirdzo\u0161a, pateicoties kazas piena prote\u012bniem un 7 e\u013c\u013c\u0101m, kas stimul\u0113 \u0101das atjaunin\u0101\u0161anas procesus. Dermatolo\u0123iski p\u0101rbaud\u012bts. Lieto\u0161ana: uzkl\u0101jiet kr\u0113mu uz t\u012bras sejas un kakla \u0101das ar viegl\u0101m mas\u0113jo\u0161\u0101m kust\u012bb\u0101m. Var uzkl\u0101t [&#8230;]\n","protected":false},"featured_media":87362,"template":"","meta":[],"product_cat":[1322],"product_tag":[],"class_list":{"0":"post-43393","1":"product","2":"type-product","3":"status-publish","4":"has-post-thumbnail","6":"product_brand-verona_pl","7":"product_cat-veido-kremai","9":"first","10":"outofstock","11":"taxable","12":"shipping-taxable","13":"product-type-simple"},"_links":{"self":[{"href":"https:\/\/e.kosmolat.eu\/lv\/wp-json\/wp\/v2\/product\/43393","targetHints":{"allow":["GET"]}}],"collection":[{"href":"https:\/\/e.kosmolat.eu\/lv\/wp-json\/wp\/v2\/product"}],"about":[{"href":"https:\/\/e.kosmolat.eu\/lv\/wp-json\/wp\/v2\/types\/product"}],"wp:featuredmedia":[{"embeddable":true,"href":"https:\/\/e.kosmolat.eu\/lv\/wp-json\/wp\/v2\/media\/87362"}],"wp:attachment":[{"href":"https:\/\/e.kosmolat.eu\/lv\/wp-json\/wp\/v2\/media?parent=43393"}],"wp:term":[{"taxonomy":"product_cat","embeddable":true,"href":"https:\/\/e.kosmolat.eu\/lv\/wp-json\/wp\/v2\/product_cat?post=43393"},{"taxonomy":"product_tag","embeddable":true,"href":"https:\/\/e.kosmolat.eu\/lv\/wp-json\/wp\/v2\/product_tag?post=43393"}],"curies":[{"name":"wp","href":"https:\/\/api.w.org\/{rel}","templated":true}]}}