{"id":43357,"date":"2024-01-31T12:43:54","date_gmt":"2024-01-31T12:43:54","guid":{"rendered":"https:\/\/e.kosmolat.eu\/product\/claire-beauty-solution-auduma-sejas-maska-energy-bomb-27-ml\/"},"modified":"2025-05-06T13:01:12","modified_gmt":"2025-05-06T13:01:12","slug":"claire-beauty-solution-auduma-sejas-maska-energy-bomb-27-ml","status":"publish","type":"product","link":"https:\/\/e.kosmolat.eu\/lv\/product\/claire-beauty-solution-auduma-sejas-maska-energy-bomb-27-ml\/","title":{"rendered":"Claire Beauty Solution Auduma sejas maska Energy Bomb, 27 ml"},"content":{"rendered":"<p>Auduma sejas maska ar C un E vitam\u012bniem \u0101das mirdzumam un jaunekl\u012bgam izskatam. Svaiga citrusaug\u013cu koktei\u013ca akt\u012bv\u0101 formula acumirkl\u012b atsvaidzina, baro un izl\u012bdzina \u0101du, d\u0101v\u0101jot ener\u0123iju un nov\u0113r\u0161ot noguruma paz\u012bmes.<\/p>\n<p><strong>Lieto\u0161ana:<\/strong> iz\u0146emiet masku un uzman\u012bgi uzkl\u0101jiet to uz iepriek\u0161 att\u012br\u012btas sejas \u0101das, lai t\u0101 cie\u0161i piegul\u0113tu \u0101dai. \u013baujiet iedarboties 15-20 min\u016btes, p\u0113c tam no\u0146emiet masku un ar pirkstu galiem paplik\u0161\u0137iniet \u0101du, l\u012bdz atlikus\u012b esence piln\u012bb\u0101 uzs\u016bcas \u0101d\u0101.<\/p>\n<p><strong>Piesardz\u012bbas pas\u0101kumi:<\/strong> tikai \u0101r\u012bgai lieto\u0161anai. Neuzkl\u0101t uz boj\u0101tas \u0101das. Iesp\u0113jama individu\u0101la nepanes\u012bba pret maskas sast\u0101vda\u013c\u0101m.<\/p>\n<p>Uzglab\u0101t temperat\u016br\u0101 no +5 &deg;C l\u012bdz +25 &deg;C.<\/p>\n","protected":false},"excerpt":{"rendered":"<p>Auduma sejas maska ar C un E vitam\u012bniem \u0101das mirdzumam un jaunekl\u012bgam izskatam. Svaiga citrusaug\u013cu koktei\u013ca akt\u012bv\u0101 formula acumirkl\u012b atsvaidzina, baro un izl\u012bdzina \u0101du, d\u0101v\u0101jot ener\u0123iju un nov\u0113r\u0161ot noguruma paz\u012bmes. Lieto\u0161ana: iz\u0146emiet masku un uzman\u012bgi uzkl\u0101jiet to uz iepriek\u0161 att\u012br\u012btas sejas \u0101das, lai t\u0101 cie\u0161i piegul\u0113tu \u0101dai. \u013baujiet iedarboties 15-20 min\u016btes, p\u0113c tam no\u0146emiet masku [&#8230;]\n","protected":false},"featured_media":10004,"template":"","meta":[],"product_cat":[1367],"product_tag":[],"class_list":{"0":"post-43357","1":"product","2":"type-product","3":"status-publish","4":"has-post-thumbnail","6":"product_brand-dilis-kosmetik_by","7":"product_cat-sejas-maskas","9":"first","10":"outofstock","11":"taxable","12":"shipping-taxable","13":"product-type-simple"},"_links":{"self":[{"href":"https:\/\/e.kosmolat.eu\/lv\/wp-json\/wp\/v2\/product\/43357","targetHints":{"allow":["GET"]}}],"collection":[{"href":"https:\/\/e.kosmolat.eu\/lv\/wp-json\/wp\/v2\/product"}],"about":[{"href":"https:\/\/e.kosmolat.eu\/lv\/wp-json\/wp\/v2\/types\/product"}],"wp:featuredmedia":[{"embeddable":true,"href":"https:\/\/e.kosmolat.eu\/lv\/wp-json\/wp\/v2\/media\/10004"}],"wp:attachment":[{"href":"https:\/\/e.kosmolat.eu\/lv\/wp-json\/wp\/v2\/media?parent=43357"}],"wp:term":[{"taxonomy":"product_cat","embeddable":true,"href":"https:\/\/e.kosmolat.eu\/lv\/wp-json\/wp\/v2\/product_cat?post=43357"},{"taxonomy":"product_tag","embeddable":true,"href":"https:\/\/e.kosmolat.eu\/lv\/wp-json\/wp\/v2\/product_tag?post=43357"}],"curies":[{"name":"wp","href":"https:\/\/api.w.org\/{rel}","templated":true}]}}