{"id":43305,"date":"2024-01-31T12:40:25","date_gmt":"2024-01-31T12:40:25","guid":{"rendered":"https:\/\/e.kosmolat.eu\/product\/i_bc-nature-skidras-ziepes-bambuss-un-zala-teja-450-ml\/"},"modified":"2025-05-12T11:00:57","modified_gmt":"2025-05-12T11:00:57","slug":"i_bc-nature-skidras-ziepes-bambuss-un-zala-teja-450-ml","status":"publish","type":"product","link":"https:\/\/e.kosmolat.eu\/lv\/product\/i_bc-nature-skidras-ziepes-bambuss-un-zala-teja-450-ml\/","title":{"rendered":"I_BC Nature \u0160\u0137idr\u0101s ziepes Bambuss un za\u013c\u0101 t\u0113ja, 450 ml"},"content":{"rendered":"<p>&Scaron;\u0137idr\u0101s ziepes veido biezas putas, kas viegli no\u0146em net\u012brumus un padara \u0137erme\u0146a kop\u0161anu par \u012bstu baudu. Maig\u0101s att\u012bro\u0161\u0101s sast\u0101vda\u013cas apvienojum\u0101 ar mitrino\u0161u pieni\u0146u uztur optim\u0101lu \u0101das pH l\u012bdzsvaru, nodro\u0161inot aizsardz\u012bbu pret hlor\u0113t\u0101 \u016bdens negat\u012bvo iedarb\u012bbu. Bambusa ekstraktam piem\u012bt dab\u012bgs antibakteri\u0101lais efekts. Za\u013c\u0101 t\u0113ja nodro\u0161ina toniz\u0113jo\u0161u efektu, pie\u0161\u0137ir elast\u012bbu un tvirtumu, k\u0101 ar\u012b m\u012bkstina \u0101du.<\/p>\n<p><strong>Lieto\u0161ana:<\/strong> uzkl\u0101jiet nelielu daudzumu ziepju uz \u0101das, saputojiet, noskalojiet ar \u016bdeni. Ja nepiecie\u0161ams, atk\u0101rtojiet.<\/p>\n<p><strong>Piesardz\u012bbas pas\u0101kumi:<\/strong> tikai \u0101r\u012bgai lieto\u0161anai. Sarg\u0101t no b\u0113rniem un m\u0101jdz\u012bvniekiem.<\/p>\n<p><strong>Der\u012bguma termi\u0146\u0161:<\/strong> 30 m\u0113ne\u0161i.<\/p>\n<p>Uzglab\u0101t temperat\u016br\u0101 no +5 &deg;C l\u012bdz +25 &deg;C.<br \/>\n&nbsp;<\/p>\n","protected":false},"excerpt":{"rendered":"<p>&Scaron;\u0137idr\u0101s ziepes veido biezas putas, kas viegli no\u0146em net\u012brumus un padara \u0137erme\u0146a kop\u0161anu par \u012bstu baudu. Maig\u0101s att\u012bro\u0161\u0101s sast\u0101vda\u013cas apvienojum\u0101 ar mitrino\u0161u pieni\u0146u uztur optim\u0101lu \u0101das pH l\u012bdzsvaru, nodro\u0161inot aizsardz\u012bbu pret hlor\u0113t\u0101 \u016bdens negat\u012bvo iedarb\u012bbu. Bambusa ekstraktam piem\u012bt dab\u012bgs antibakteri\u0101lais efekts. Za\u013c\u0101 t\u0113ja nodro\u0161ina toniz\u0113jo\u0161u efektu, pie\u0161\u0137ir elast\u012bbu un tvirtumu, k\u0101 ar\u012b m\u012bkstina \u0101du. Lieto\u0161ana: [&#8230;]\n","protected":false},"featured_media":13733,"template":"","meta":[],"product_cat":[1747],"product_tag":[],"class_list":{"0":"post-43305","1":"product","2":"type-product","3":"status-publish","4":"has-post-thumbnail","6":"product_brand-bioton_ua","7":"product_cat-1747","9":"first","10":"outofstock","11":"taxable","12":"shipping-taxable","13":"product-type-simple"},"_links":{"self":[{"href":"https:\/\/e.kosmolat.eu\/lv\/wp-json\/wp\/v2\/product\/43305","targetHints":{"allow":["GET"]}}],"collection":[{"href":"https:\/\/e.kosmolat.eu\/lv\/wp-json\/wp\/v2\/product"}],"about":[{"href":"https:\/\/e.kosmolat.eu\/lv\/wp-json\/wp\/v2\/types\/product"}],"wp:featuredmedia":[{"embeddable":true,"href":"https:\/\/e.kosmolat.eu\/lv\/wp-json\/wp\/v2\/media\/13733"}],"wp:attachment":[{"href":"https:\/\/e.kosmolat.eu\/lv\/wp-json\/wp\/v2\/media?parent=43305"}],"wp:term":[{"taxonomy":"product_cat","embeddable":true,"href":"https:\/\/e.kosmolat.eu\/lv\/wp-json\/wp\/v2\/product_cat?post=43305"},{"taxonomy":"product_tag","embeddable":true,"href":"https:\/\/e.kosmolat.eu\/lv\/wp-json\/wp\/v2\/product_tag?post=43305"}],"curies":[{"name":"wp","href":"https:\/\/api.w.org\/{rel}","templated":true}]}}