{"id":43301,"date":"2024-01-31T12:40:05","date_gmt":"2024-01-31T12:40:05","guid":{"rendered":"https:\/\/e.kosmolat.eu\/product\/hyauron-dh-viegla-sejas-emuls-intens-mitrin-komf-un-mirdz-30-g\/"},"modified":"2026-01-08T15:51:46","modified_gmt":"2026-01-08T15:51:46","slug":"hyauron-dh-viegla-sejas-emuls-intens-mitrin-komf-un-mirdz-30-g","status":"publish","type":"product","link":"https:\/\/e.kosmolat.eu\/lv\/product\/hyauron-dh-viegla-sejas-emuls-intens-mitrin-komf-un-mirdz-30-g\/","title":{"rendered":"Hyauron DH Viegla sejas emuls.Intens.mitrin.komf.un mirdz, 30 g"},"content":{"rendered":"<p>Emulsija piem\u0113rota visiem \u0101das tipiem, \u012bpa\u0161i ieteicama sausai un jut\u012bgai \u0101dai. Lieliski piel\u0101gojas individu\u0101l\u0101m \u0101das vajadz\u012bb\u0101m. Izcils dehidrat\u0101cijas nov\u0113r\u0161anas l\u012bdzeklis. Atvieglo vielu iek\u013c\u016b\u0161anu epiderm\u0101. Paredz\u0113ta \u0113rtai &ldquo;ni\u0137\u012bgas \u0101das&rdquo; kop\u0161anai ar izcilu mitrin\u0101\u0161anas, svaiguma un mirdzuma efektu. Piem\u0113rota ikdienas lieto\u0161anai.<\/p>\n<p>2 veidu sk\u0101bju &ndash; hialuronsk\u0101bes un poliglutam\u012bna sk\u0101bes &ndash; kombin\u0101cija ar cit\u0101m akt\u012bvaj\u0101m sast\u0101vda\u013c\u0101m nodro\u0161ina kompleksu c\u012b\u0146u pret vecuma izrais\u012bt\u0101m \u0101das nepiln\u012bb\u0101m.<\/p>\n<p>&bull; nov\u0113r\u0161 \u0101das nov\u012btumu;<br \/>\n&bull; nov\u0113r\u0161 grumbu ra\u0161anos un pal\u012bdz b\u016btiski samazin\u0101t eso\u0161o grumbu daudzumu;<br \/>\n&bull; padara \u0101du svaigu un atp\u016btu\u0161os;<br \/>\n&bull; atgrie\u017e \u0101dai jaun\u012bbu un mirdzumu.<\/p>\n<p>Poliglutam\u012bna sk\u0101be ar augstu molekulmasu kalpo&nbsp;k\u0101 hialuronsk\u0101bes aizsargs, nepie\u013caujot t\u0101s no\u0101rd\u012b\u0161anos un nov\u0113r\u0161ot t\u0101s izvad\u012b\u0161anu no \u0101das. &nbsp;Sal\u012bdzinot ar hialuronsk\u0101bi, tai piem\u012bt vismaz 2,5&nbsp;reizes lab\u0101ka sp\u0113ja piesaist\u012bt \u016bdens molekulas. Tas ir polipept\u012bdu biopolim\u0113rs, kas efekt\u012bvi regul\u0113 \u0101das mitruma l\u012bmeni, pastiprin\u0101ti piesaistot \u016bdeni no \u0101r\u0113j\u0101s vides, palielina keram\u012bdu izstr\u0101di, kontrol\u0113 \u0101das atjauno\u0161an\u0101s procesus. Paaugstina dabisk\u0101 mitrino\u0161\u0101 faktora (NMF) l\u012bmeni, k\u0101 ar\u012b inhib\u0113 enz\u012bmu hialuronid\u0101zi, kas no\u0101rda hialuronsk\u0101bi \u0101d\u0101. Iedarbojoties uz \u0101du, tas palielina kolag\u0113na izstr\u0101des l\u012bmeni, k\u0101 ar\u012b nov\u0113r\u0161 t\u0101das noguruma paz\u012bmes k\u0101, piem\u0113ram, bl\u0101va sejas kr\u0101sa. Nodro\u0161ina citu vielu vieglu iek\u013c\u016b\u0161anu epiderm\u0101. \u0100trs un izteikts efekts un lielisks mitrin\u0101\u0161anas rezult\u0101ts. Ide\u0101la inovat\u012bva 2 sk\u0101bju kombin\u0101cija &ndash; hialuronsk\u0101be + poliglutam\u012bna sk\u0101be &ndash; ir intens\u012bvs daudzpak\u0101pju risin\u0101jums sausai, dehidrat\u0113tai, novecojo\u0161ai un problem\u0101tiskai \u0101dai.<\/p>\n<p><strong>Lieto\u0161ana: <\/strong>att\u012briet sejas \u0101du, uzkl\u0101jiet l\u012bdzekli gar mas\u0101\u017eas l\u012bnij\u0101m, viegli paplik\u0161\u0137inot.<\/p>\n<p>Uzglab\u0101t temperat\u016br\u0101 no 5&deg;C l\u012bdz 25&deg;C. Sarg\u0101t no tie\u0161iem saules stariem.<\/p>\n<p><strong>Der\u012bguma termi\u0146\u0161: <\/strong>36 m\u0113ne\u0161i.<br \/>\n&nbsp;<\/p>\n","protected":false},"excerpt":{"rendered":"<p>Emulsija piem\u0113rota visiem \u0101das tipiem, \u012bpa\u0161i ieteicama sausai un jut\u012bgai \u0101dai. Lieliski piel\u0101gojas individu\u0101l\u0101m \u0101das vajadz\u012bb\u0101m. Izcils dehidrat\u0101cijas nov\u0113r\u0161anas l\u012bdzeklis. Atvieglo vielu iek\u013c\u016b\u0161anu epiderm\u0101. Paredz\u0113ta \u0113rtai &ldquo;ni\u0137\u012bgas \u0101das&rdquo; kop\u0161anai ar izcilu mitrin\u0101\u0161anas, svaiguma un mirdzuma efektu. Piem\u0113rota ikdienas lieto\u0161anai. 2 veidu sk\u0101bju &ndash; hialuronsk\u0101bes un poliglutam\u012bna sk\u0101bes &ndash; kombin\u0101cija ar cit\u0101m akt\u012bvaj\u0101m sast\u0101vda\u013c\u0101m nodro\u0161ina kompleksu [&#8230;]\n","protected":false},"featured_media":97695,"template":"","meta":[],"product_cat":[2181],"product_tag":[],"class_list":{"0":"post-43301","1":"product","2":"type-product","3":"status-publish","4":"has-post-thumbnail","6":"product_brand-belkosmex_by","7":"product_cat-bez-kategorijas-lt","9":"first","10":"outofstock","11":"taxable","12":"shipping-taxable","13":"product-type-simple"},"_links":{"self":[{"href":"https:\/\/e.kosmolat.eu\/lv\/wp-json\/wp\/v2\/product\/43301","targetHints":{"allow":["GET"]}}],"collection":[{"href":"https:\/\/e.kosmolat.eu\/lv\/wp-json\/wp\/v2\/product"}],"about":[{"href":"https:\/\/e.kosmolat.eu\/lv\/wp-json\/wp\/v2\/types\/product"}],"wp:featuredmedia":[{"embeddable":true,"href":"https:\/\/e.kosmolat.eu\/lv\/wp-json\/wp\/v2\/media\/97695"}],"wp:attachment":[{"href":"https:\/\/e.kosmolat.eu\/lv\/wp-json\/wp\/v2\/media?parent=43301"}],"wp:term":[{"taxonomy":"product_cat","embeddable":true,"href":"https:\/\/e.kosmolat.eu\/lv\/wp-json\/wp\/v2\/product_cat?post=43301"},{"taxonomy":"product_tag","embeddable":true,"href":"https:\/\/e.kosmolat.eu\/lv\/wp-json\/wp\/v2\/product_tag?post=43301"}],"curies":[{"name":"wp","href":"https:\/\/api.w.org\/{rel}","templated":true}]}}