{"id":43293,"date":"2024-01-31T12:39:29","date_gmt":"2024-01-31T12:39:29","guid":{"rendered":"https:\/\/e.kosmolat.eu\/product\/spkrug-sildoss-krems-balzams-cuska-50-g\/"},"modified":"2026-04-23T07:06:07","modified_gmt":"2026-04-23T07:06:07","slug":"spkrug-sildoss-krems-balzams-cuska-50-g","status":"publish","type":"product","link":"https:\/\/e.kosmolat.eu\/lv\/product\/spkrug-sildoss-krems-balzams-cuska-50-g\/","title":{"rendered":"SpKrug Sildo\u0161s kr\u0113ms-balzams \u010c\u016bska, 50 g"},"content":{"rendered":"<p>Piem\u0113rots mas\u0101\u017eai musku\u013cu un muguras zon\u0101s. Kosm\u0113tikas l\u012bdzeklis.<\/p>\n<p><strong>Lieto&scaron;ana: <\/strong>uzkl\u0101t uz t\u012bras un sausas \u0101das.<\/p>\n<p><strong>Piesardz\u012bbas pas\u0101kumi:<\/strong> Balzamam ir izteikta sildo&scaron;a iedarb\u012bba. Sildo&scaron;a iedarb\u012bba s\u0101kas 15 min\u016btes p\u0113c balzama uzkl\u0101&scaron;anas. Lai samazin\u0101tu sasil&scaron;anas efekta intensit\u0101ti, apstr\u0101d\u0101t\u0101 vieta pievienot augu e\u013c\u013cu (piem\u0113ram, saulespu\u0137u).Neskalot ar \u016bdeni! Izvair\u012bties no saskares ar g\u013cot\u0101d\u0101m. Ja nok\u013c\u016bst ac\u012bs, nekav\u0113joties konsult\u0113ties ar \u0101rstu. Nelietot person\u0101m ar jut\u012bgu \u0101du un nelietot uz boj\u0101tas vai iekaisu&scaron;as \u0101das.<\/p>\n<p><strong>Kontrindik\u0101cijas:<\/strong> individu\u0101la sast\u0101vda\u013cu nepanesam\u012bba.<\/p>\n<p>Uzglab\u0101t temperat\u016br\u0101 no +2 &deg;C l\u012bdz +25 &deg;C.<br \/>\n&nbsp;<\/p>\n","protected":false},"excerpt":{"rendered":"<p>Piem\u0113rots mas\u0101\u017eai musku\u013cu un muguras zon\u0101s. Kosm\u0113tikas l\u012bdzeklis. Lieto&scaron;ana: uzkl\u0101t uz t\u012bras un sausas \u0101das. Piesardz\u012bbas pas\u0101kumi: Balzamam ir izteikta sildo&scaron;a iedarb\u012bba. Sildo&scaron;a iedarb\u012bba s\u0101kas 15 min\u016btes p\u0113c balzama uzkl\u0101&scaron;anas. Lai samazin\u0101tu sasil&scaron;anas efekta intensit\u0101ti, apstr\u0101d\u0101t\u0101 vieta pievienot augu e\u013c\u013cu (piem\u0113ram, saulespu\u0137u).Neskalot ar \u016bdeni! Izvair\u012bties no saskares ar g\u013cot\u0101d\u0101m. Ja nok\u013c\u016bst ac\u012bs, nekav\u0113joties konsult\u0113ties ar [&#8230;]\n","protected":false},"featured_media":89458,"template":"","meta":[],"product_cat":[1388],"product_tag":[],"class_list":{"0":"post-43293","1":"product","2":"type-product","3":"status-publish","4":"has-post-thumbnail","6":"product_brand-elpis","7":"product_cat-kermena-kremi-pienini-sviesti","9":"first","10":"instock","11":"taxable","12":"shipping-taxable","13":"product-type-simple"},"_links":{"self":[{"href":"https:\/\/e.kosmolat.eu\/lv\/wp-json\/wp\/v2\/product\/43293","targetHints":{"allow":["GET"]}}],"collection":[{"href":"https:\/\/e.kosmolat.eu\/lv\/wp-json\/wp\/v2\/product"}],"about":[{"href":"https:\/\/e.kosmolat.eu\/lv\/wp-json\/wp\/v2\/types\/product"}],"wp:featuredmedia":[{"embeddable":true,"href":"https:\/\/e.kosmolat.eu\/lv\/wp-json\/wp\/v2\/media\/89458"}],"wp:attachment":[{"href":"https:\/\/e.kosmolat.eu\/lv\/wp-json\/wp\/v2\/media?parent=43293"}],"wp:term":[{"taxonomy":"product_cat","embeddable":true,"href":"https:\/\/e.kosmolat.eu\/lv\/wp-json\/wp\/v2\/product_cat?post=43293"},{"taxonomy":"product_tag","embeddable":true,"href":"https:\/\/e.kosmolat.eu\/lv\/wp-json\/wp\/v2\/product_tag?post=43293"}],"curies":[{"name":"wp","href":"https:\/\/api.w.org\/{rel}","templated":true}]}}