{"id":43285,"date":"2024-01-31T12:39:09","date_gmt":"2024-01-31T12:39:09","guid":{"rendered":"https:\/\/e.kosmolat.eu\/product\/spkrug-gels-smaganam-42-g\/"},"modified":"2026-04-23T08:27:38","modified_gmt":"2026-04-23T08:27:38","slug":"spkrug-gels-smaganam-42-g","status":"publish","type":"product","link":"https:\/\/e.kosmolat.eu\/lv\/product\/spkrug-gels-smaganam-42-g\/","title":{"rendered":"SpKrug Gels smagan\u0101m, 42 g"},"content":{"rendered":"<p>Mazina smaganu iekaisumu un asi\u0146o&scaron;anu. Kosm\u0113tikas l\u012bdzeklis.<\/p>\n<p><strong>Lieto&scaron;ana:<\/strong> uzkl\u0101t 2 reizes dien\u0101 &ndash; p\u0113c brokast\u012bm un pirms gul\u0113tie&scaron;anas. Pirms lieto&scaron;anas r\u016bp\u012bgi not\u012br\u012bt zobus un izskalot muti. Uzkl\u0101t nelielu daudzumu uz zobu birstes un apstr\u0101d\u0101t zobus un smaganas. Izmantot m\u012bkstu zobu suku vai uzkl\u0101t ar t\u012bru pirkstu.<\/p>\n<p><strong>Kontrindik\u0101cijas:<\/strong> individu\u0101la sast\u0101vda\u013cu nepanesam\u012bba.<\/p>\n<p>Uzglab\u0101t temperat\u016br\u0101 no +2 &deg;C l\u012bdz +25 &deg;C.<br \/>\n&nbsp;<\/p>\n","protected":false},"excerpt":{"rendered":"<p>Mazina smaganu iekaisumu un asi\u0146o&scaron;anu. Kosm\u0113tikas l\u012bdzeklis. Lieto&scaron;ana: uzkl\u0101t 2 reizes dien\u0101 &ndash; p\u0113c brokast\u012bm un pirms gul\u0113tie&scaron;anas. Pirms lieto&scaron;anas r\u016bp\u012bgi not\u012br\u012bt zobus un izskalot muti. Uzkl\u0101t nelielu daudzumu uz zobu birstes un apstr\u0101d\u0101t zobus un smaganas. Izmantot m\u012bkstu zobu suku vai uzkl\u0101t ar t\u012bru pirkstu. Kontrindik\u0101cijas: individu\u0101la sast\u0101vda\u013cu nepanesam\u012bba. Uzglab\u0101t temperat\u016br\u0101 no +2 &deg;C [&#8230;]\n","protected":false},"featured_media":89438,"template":"","meta":[],"product_cat":[1306],"product_tag":[],"class_list":{"0":"post-43285","1":"product","2":"type-product","3":"status-publish","4":"has-post-thumbnail","6":"product_brand-elpis","7":"product_cat-zobu-pastas-un-zelejas","9":"first","10":"outofstock","11":"taxable","12":"shipping-taxable","13":"product-type-simple"},"_links":{"self":[{"href":"https:\/\/e.kosmolat.eu\/lv\/wp-json\/wp\/v2\/product\/43285","targetHints":{"allow":["GET"]}}],"collection":[{"href":"https:\/\/e.kosmolat.eu\/lv\/wp-json\/wp\/v2\/product"}],"about":[{"href":"https:\/\/e.kosmolat.eu\/lv\/wp-json\/wp\/v2\/types\/product"}],"wp:featuredmedia":[{"embeddable":true,"href":"https:\/\/e.kosmolat.eu\/lv\/wp-json\/wp\/v2\/media\/89438"}],"wp:attachment":[{"href":"https:\/\/e.kosmolat.eu\/lv\/wp-json\/wp\/v2\/media?parent=43285"}],"wp:term":[{"taxonomy":"product_cat","embeddable":true,"href":"https:\/\/e.kosmolat.eu\/lv\/wp-json\/wp\/v2\/product_cat?post=43285"},{"taxonomy":"product_tag","embeddable":true,"href":"https:\/\/e.kosmolat.eu\/lv\/wp-json\/wp\/v2\/product_tag?post=43285"}],"curies":[{"name":"wp","href":"https:\/\/api.w.org\/{rel}","templated":true}]}}