{"id":43253,"date":"2024-01-31T12:37:00","date_gmt":"2024-01-31T12:37:00","guid":{"rendered":"https:\/\/e.kosmolat.eu\/product\/cl-losj-toniks-kombin-adai-rudzupuke-100-ml\/"},"modified":"2025-09-20T01:48:20","modified_gmt":"2025-09-20T01:48:20","slug":"cl-losj-toniks-kombin-adai-rudzupuke-100-ml","status":"publish","type":"product","link":"https:\/\/e.kosmolat.eu\/lv\/product\/cl-losj-toniks-kombin-adai-rudzupuke-100-ml\/","title":{"rendered":"CL Losj.-toniks kombin. \u0101dai Rudzupu\u0137e, 100 ml"},"content":{"rendered":"<p>Satur 5 ekstraktu un e\u013c\u013cu (verbenas, peonijas, mande\u013cu, linu, ol\u012bvu e\u013c\u013cas) esenci Nature Plus. + hialurons. Mitrin\u0101&scaron;ana un svaigums. Rudzupu\u0137es ekstrakts toniz\u0113 \u0101du un uzlabo t\u0101s elast\u012bbu.<\/p>\n<p><strong>Lieto&scaron;ana:<\/strong> uzkl\u0101t losjonu-toniku uz vates diska un not\u012br\u012bt seju un kaklu gar mas\u0101\u017eas l\u012bnij\u0101m.<\/p>\n<p>Nav \u0101rstniecisks l\u012bdzeklis. Ir pie\u013caujamas nelielas nogulsnes sakar\u0101 ar dab\u012bg\u0101m l\u012bdzek\u013ca sast\u0101vda\u013c\u0101m. Tas neietekm\u0113 produkta kvalit\u0101ti un dro&scaron;umu. Ieteicams sakrat\u012bt pudel\u012bti pirms lieto&scaron;anas.<br \/>\n&nbsp;<\/p>\n","protected":false},"excerpt":{"rendered":"<p>Satur 5 ekstraktu un e\u013c\u013cu (verbenas, peonijas, mande\u013cu, linu, ol\u012bvu e\u013c\u013cas) esenci Nature Plus. + hialurons. Mitrin\u0101&scaron;ana un svaigums. Rudzupu\u0137es ekstrakts toniz\u0113 \u0101du un uzlabo t\u0101s elast\u012bbu. Lieto&scaron;ana: uzkl\u0101t losjonu-toniku uz vates diska un not\u012br\u012bt seju un kaklu gar mas\u0101\u017eas l\u012bnij\u0101m. Nav \u0101rstniecisks l\u012bdzeklis. Ir pie\u013caujamas nelielas nogulsnes sakar\u0101 ar dab\u012bg\u0101m l\u012bdzek\u013ca sast\u0101vda\u013c\u0101m. Tas neietekm\u0113 [&#8230;]\n","protected":false},"featured_media":89338,"template":"","meta":[],"product_cat":[1578],"product_tag":[],"class_list":{"0":"post-43253","1":"product","2":"type-product","3":"status-publish","4":"has-post-thumbnail","6":"product_brand-unilever-ua","7":"product_cat-losjoni-un-toniki","9":"first","10":"outofstock","11":"taxable","12":"shipping-taxable","13":"product-type-simple"},"_links":{"self":[{"href":"https:\/\/e.kosmolat.eu\/lv\/wp-json\/wp\/v2\/product\/43253","targetHints":{"allow":["GET"]}}],"collection":[{"href":"https:\/\/e.kosmolat.eu\/lv\/wp-json\/wp\/v2\/product"}],"about":[{"href":"https:\/\/e.kosmolat.eu\/lv\/wp-json\/wp\/v2\/types\/product"}],"wp:featuredmedia":[{"embeddable":true,"href":"https:\/\/e.kosmolat.eu\/lv\/wp-json\/wp\/v2\/media\/89338"}],"wp:attachment":[{"href":"https:\/\/e.kosmolat.eu\/lv\/wp-json\/wp\/v2\/media?parent=43253"}],"wp:term":[{"taxonomy":"product_cat","embeddable":true,"href":"https:\/\/e.kosmolat.eu\/lv\/wp-json\/wp\/v2\/product_cat?post=43253"},{"taxonomy":"product_tag","embeddable":true,"href":"https:\/\/e.kosmolat.eu\/lv\/wp-json\/wp\/v2\/product_tag?post=43253"}],"curies":[{"name":"wp","href":"https:\/\/api.w.org\/{rel}","templated":true}]}}