{"id":43237,"date":"2024-01-31T12:36:15","date_gmt":"2024-01-31T12:36:15","guid":{"rendered":"https:\/\/e.kosmolat.eu\/product\/belkosm-beauty-exp-acu-patc-hialuronsk-3-g\/"},"modified":"2025-09-20T01:45:29","modified_gmt":"2025-09-20T01:45:29","slug":"belkosm-beauty-exp-acu-patc-hialuronsk-3-g","status":"publish","type":"product","link":"https:\/\/e.kosmolat.eu\/lv\/product\/belkosm-beauty-exp-acu-patc-hialuronsk-3-g\/","title":{"rendered":"Belkosm. Beauty Exp. Acu pat\u010d Hialuronsk., 3 g"},"content":{"rendered":"<p>Pret grumb\u0101m un &ldquo;v\u0101rnu k\u0101ji\u0146\u0101m&rdquo;. Akt\u012bv\u0101s sast\u0101vda\u013cas: zemas un augstas molekulmasas hialuronsk\u0101be, niacinam\u012bds, elast\u012bns.&nbsp;<\/p>\n<p><strong>Lieto&scaron;ana:<\/strong> No\u0146emiet makij\u0101\u017eu un not\u012briet seju. Atveriet iepakojumu, iz\u0146emiet un uzkl\u0101jiet pat\u010dus uz iepriek&scaron; att\u012br\u012btas \u0101das ap ac\u012bm. P\u0113c 15-20 min\u016bt\u0113m no\u0146emiet pat\u010dus. Ar pirkstu gali\u0146iem viegli iemas\u0113jiet pat\u010du paliekas \u0101d\u0101. Ja v\u0113laties, var uzkl\u0101t acu kr\u0113mu.&nbsp;<\/p>\n<p><strong>Piesardz\u012bbas pas\u0101kumi:<\/strong> Vienreiz\u0113jai lieto&scaron;anai. P\u0113c pirmaj\u0101m diskomforta, dedzin\u0101&scaron;anas, tirp&scaron;anas, kairin\u0101juma paz\u012bm\u0113m maskas lieto&scaron;anas laik\u0101 nekav\u0113joties no\u0146emiet to un p\u0101rtrauciet lieto&scaron;anu. Pirmaj\u0101 lieto&scaron;anas reiz\u0113 ieteicams samazin\u0101t pat\u010du lieto&scaron;anas laiku un r\u016bp\u012bgi nov\u0113rot, vai nav kairin\u0101juma un diskomforta paz\u012bmju.&nbsp;<\/p>\n<p>Uzglab\u0101t temperat\u016br\u0101 no +5 &deg;\u0421 l\u012bdz +25 &deg;\u0421, sarg\u0101jot no tie&scaron;iem saules stariem.<br \/>\n&nbsp;<\/p>\n","protected":false},"excerpt":{"rendered":"<p>Pret grumb\u0101m un &ldquo;v\u0101rnu k\u0101ji\u0146\u0101m&rdquo;. Akt\u012bv\u0101s sast\u0101vda\u013cas: zemas un augstas molekulmasas hialuronsk\u0101be, niacinam\u012bds, elast\u012bns.&nbsp; Lieto&scaron;ana: No\u0146emiet makij\u0101\u017eu un not\u012briet seju. Atveriet iepakojumu, iz\u0146emiet un uzkl\u0101jiet pat\u010dus uz iepriek&scaron; att\u012br\u012btas \u0101das ap ac\u012bm. P\u0113c 15-20 min\u016bt\u0113m no\u0146emiet pat\u010dus. Ar pirkstu gali\u0146iem viegli iemas\u0113jiet pat\u010du paliekas \u0101d\u0101. Ja v\u0113laties, var uzkl\u0101t acu kr\u0113mu.&nbsp; Piesardz\u012bbas pas\u0101kumi: Vienreiz\u0113jai lieto&scaron;anai. [&#8230;]\n","protected":false},"featured_media":89290,"template":"","meta":[],"product_cat":[1367],"product_tag":[],"class_list":{"0":"post-43237","1":"product","2":"type-product","3":"status-publish","4":"has-post-thumbnail","6":"product_brand-belkosmex_by","7":"product_cat-sejas-maskas","9":"first","10":"outofstock","11":"taxable","12":"shipping-taxable","13":"product-type-simple"},"_links":{"self":[{"href":"https:\/\/e.kosmolat.eu\/lv\/wp-json\/wp\/v2\/product\/43237","targetHints":{"allow":["GET"]}}],"collection":[{"href":"https:\/\/e.kosmolat.eu\/lv\/wp-json\/wp\/v2\/product"}],"about":[{"href":"https:\/\/e.kosmolat.eu\/lv\/wp-json\/wp\/v2\/types\/product"}],"wp:featuredmedia":[{"embeddable":true,"href":"https:\/\/e.kosmolat.eu\/lv\/wp-json\/wp\/v2\/media\/89290"}],"wp:attachment":[{"href":"https:\/\/e.kosmolat.eu\/lv\/wp-json\/wp\/v2\/media?parent=43237"}],"wp:term":[{"taxonomy":"product_cat","embeddable":true,"href":"https:\/\/e.kosmolat.eu\/lv\/wp-json\/wp\/v2\/product_cat?post=43237"},{"taxonomy":"product_tag","embeddable":true,"href":"https:\/\/e.kosmolat.eu\/lv\/wp-json\/wp\/v2\/product_tag?post=43237"}],"curies":[{"name":"wp","href":"https:\/\/api.w.org\/{rel}","templated":true}]}}