{"id":43221,"date":"2024-01-31T12:35:33","date_gmt":"2024-01-31T12:35:33","guid":{"rendered":"https:\/\/e.kosmolat.eu\/product\/belkosm-beauty-exp-sejas-maska-magnijs-na-zn-mn-23-g\/"},"modified":"2025-09-20T01:44:54","modified_gmt":"2025-09-20T01:44:54","slug":"belkosm-beauty-exp-sejas-maska-magnijs-na-zn-mn-23-g","status":"publish","type":"product","link":"https:\/\/e.kosmolat.eu\/lv\/product\/belkosm-beauty-exp-sejas-maska-magnijs-na-zn-mn-23-g\/","title":{"rendered":"Belkosm. Beauty Exp. Sejas maska Magnijs + Na, Zn, Mn, 23 g"},"content":{"rendered":"<p>Mitrin\u0101&scaron;ana, liftings, att\u012br\u012b&scaron;ana.&nbsp;<\/p>\n<p>Akt\u012bv\u0101s sast\u0101vda\u013cas: n\u0101trija, magnija, cinka, mang\u0101na s\u0101\u013cu komplekss, augstmolekul\u0101r\u0101 hialuronsk\u0101be.&nbsp;<\/p>\n<p><strong>Lieto&scaron;ana:<\/strong> no\u0146emiet makij\u0101\u017eu un not\u012briet seju. Atveriet iepakojumu, iz\u0146emiet un uzkl\u0101jiet masku uz iepriek&scaron; att\u012br\u012btas sejas \u0101das, lai t\u0101 piegul\u0113tu \u0101dai p\u0113c iesp\u0113jas cie&scaron;\u0101k, atk\u0101rtojot sejas reljefu. P\u0113c 15-20 min\u016bt\u0113m no\u0146emiet masku. Ar pirkstu gali\u0146iem viegli iemas\u0113jiet maskas paliekas \u0101d\u0101. Nosl\u0113dziet proced\u016bru ar kr\u0113mu, kas atbilst j\u016bsu \u0101das tipam.&nbsp;<\/p>\n<p><strong>Piesardz\u012bbas pas\u0101kumi:<\/strong> Vienreiz\u0113jai lieto&scaron;anai. P\u0113c pirmaj\u0101m diskomforta, dedzin\u0101&scaron;anas, tirp&scaron;anas, kairin\u0101juma paz\u012bm\u0113m maskas lieto&scaron;anas laik\u0101 nekav\u0113joties no\u0146emiet to un p\u0101rtrauciet lieto&scaron;anu. Pirmaj\u0101 lieto&scaron;anas reiz\u0113 ieteicams samazin\u0101t maskas lieto&scaron;anas laiku un nov\u0113rot, vai nav kairin\u0101juma un diskomforta paz\u012bmju.&nbsp;<\/p>\n<p>Uzglab\u0101t temperat\u016br\u0101 no +5 &deg;\u0421 l\u012bdz +25 &deg;\u0421, sarg\u0101jot no tie&scaron;iem saules stariem.<br \/>\n&nbsp;<\/p>\n","protected":false},"excerpt":{"rendered":"<p>Mitrin\u0101&scaron;ana, liftings, att\u012br\u012b&scaron;ana.&nbsp; Akt\u012bv\u0101s sast\u0101vda\u013cas: n\u0101trija, magnija, cinka, mang\u0101na s\u0101\u013cu komplekss, augstmolekul\u0101r\u0101 hialuronsk\u0101be.&nbsp; Lieto&scaron;ana: no\u0146emiet makij\u0101\u017eu un not\u012briet seju. Atveriet iepakojumu, iz\u0146emiet un uzkl\u0101jiet masku uz iepriek&scaron; att\u012br\u012btas sejas \u0101das, lai t\u0101 piegul\u0113tu \u0101dai p\u0113c iesp\u0113jas cie&scaron;\u0101k, atk\u0101rtojot sejas reljefu. P\u0113c 15-20 min\u016bt\u0113m no\u0146emiet masku. Ar pirkstu gali\u0146iem viegli iemas\u0113jiet maskas paliekas \u0101d\u0101. Nosl\u0113dziet proced\u016bru [&#8230;]\n","protected":false},"featured_media":89282,"template":"","meta":[],"product_cat":[1367],"product_tag":[],"class_list":{"0":"post-43221","1":"product","2":"type-product","3":"status-publish","4":"has-post-thumbnail","6":"product_brand-belkosmex_by","7":"product_cat-sejas-maskas","9":"first","10":"outofstock","11":"taxable","12":"shipping-taxable","13":"product-type-simple"},"_links":{"self":[{"href":"https:\/\/e.kosmolat.eu\/lv\/wp-json\/wp\/v2\/product\/43221","targetHints":{"allow":["GET"]}}],"collection":[{"href":"https:\/\/e.kosmolat.eu\/lv\/wp-json\/wp\/v2\/product"}],"about":[{"href":"https:\/\/e.kosmolat.eu\/lv\/wp-json\/wp\/v2\/types\/product"}],"wp:featuredmedia":[{"embeddable":true,"href":"https:\/\/e.kosmolat.eu\/lv\/wp-json\/wp\/v2\/media\/89282"}],"wp:attachment":[{"href":"https:\/\/e.kosmolat.eu\/lv\/wp-json\/wp\/v2\/media?parent=43221"}],"wp:term":[{"taxonomy":"product_cat","embeddable":true,"href":"https:\/\/e.kosmolat.eu\/lv\/wp-json\/wp\/v2\/product_cat?post=43221"},{"taxonomy":"product_tag","embeddable":true,"href":"https:\/\/e.kosmolat.eu\/lv\/wp-json\/wp\/v2\/product_tag?post=43221"}],"curies":[{"name":"wp","href":"https:\/\/api.w.org\/{rel}","templated":true}]}}