{"id":43193,"date":"2024-01-31T12:34:12","date_gmt":"2024-01-31T12:34:12","guid":{"rendered":"https:\/\/e.kosmolat.eu\/product\/multi-masking-nakts-maska-pilings-60-g\/"},"modified":"2025-09-20T01:40:42","modified_gmt":"2025-09-20T01:40:42","slug":"multi-masking-nakts-maska-pilings-60-g","status":"publish","type":"product","link":"https:\/\/e.kosmolat.eu\/lv\/product\/multi-masking-nakts-maska-pilings-60-g\/","title":{"rendered":"Multi-masking Nakts maska-p\u012blings, 60 g"},"content":{"rendered":"<p>Noguru&scaron;as bl\u0101vas \u0101das atjauno&scaron;anai un izskata uzlabo&scaron;anai, nolobot atmiru&scaron;\u0101s &scaron;\u016bnas un izl\u012bdzinot grumbas. AHA sk\u0101bes stimul\u0113 \u0101das atjauno&scaron;an\u0101s procesus, izl\u012bdzina toni un reljefu. &Scaron;\u012b sviests, ananasa un \u0100zijas cent\u012blijas ekstrakti pastiprina maskas mitrino&scaron;o un atjaunojo&scaron;o efektu.&nbsp;<\/p>\n<p><strong>Lieto&scaron;ana:<\/strong> uzkl\u0101t uz att\u012br\u012btas \u0101das k\u0101 nakts kr\u0113mu. No r\u012bta uzkl\u0101t saules aizsargkr\u0113mu. Ieteicams lietot 1-2 reizes ned\u0113\u013c\u0101.&nbsp;<\/p>\n<p>Uzglab\u0101t temperat\u016br\u0101 no +5 &deg;\u0421 l\u012bdz +25 &deg;\u0421.<br \/>\n&nbsp;<\/p>\n","protected":false},"excerpt":{"rendered":"<p>Noguru&scaron;as bl\u0101vas \u0101das atjauno&scaron;anai un izskata uzlabo&scaron;anai, nolobot atmiru&scaron;\u0101s &scaron;\u016bnas un izl\u012bdzinot grumbas. AHA sk\u0101bes stimul\u0113 \u0101das atjauno&scaron;an\u0101s procesus, izl\u012bdzina toni un reljefu. &Scaron;\u012b sviests, ananasa un \u0100zijas cent\u012blijas ekstrakti pastiprina maskas mitrino&scaron;o un atjaunojo&scaron;o efektu.&nbsp; Lieto&scaron;ana: uzkl\u0101t uz att\u012br\u012btas \u0101das k\u0101 nakts kr\u0113mu. No r\u012bta uzkl\u0101t saules aizsargkr\u0113mu. Ieteicams lietot 1-2 reizes ned\u0113\u013c\u0101.&nbsp; Uzglab\u0101t [&#8230;]\n","protected":false},"featured_media":89218,"template":"","meta":[],"product_cat":[1367],"product_tag":[],"class_list":{"0":"post-43193","1":"product","2":"type-product","3":"status-publish","4":"has-post-thumbnail","6":"product_brand-belkosmex_by","7":"product_cat-sejas-maskas","9":"first","10":"outofstock","11":"taxable","12":"shipping-taxable","13":"product-type-simple"},"_links":{"self":[{"href":"https:\/\/e.kosmolat.eu\/lv\/wp-json\/wp\/v2\/product\/43193","targetHints":{"allow":["GET"]}}],"collection":[{"href":"https:\/\/e.kosmolat.eu\/lv\/wp-json\/wp\/v2\/product"}],"about":[{"href":"https:\/\/e.kosmolat.eu\/lv\/wp-json\/wp\/v2\/types\/product"}],"wp:featuredmedia":[{"embeddable":true,"href":"https:\/\/e.kosmolat.eu\/lv\/wp-json\/wp\/v2\/media\/89218"}],"wp:attachment":[{"href":"https:\/\/e.kosmolat.eu\/lv\/wp-json\/wp\/v2\/media?parent=43193"}],"wp:term":[{"taxonomy":"product_cat","embeddable":true,"href":"https:\/\/e.kosmolat.eu\/lv\/wp-json\/wp\/v2\/product_cat?post=43193"},{"taxonomy":"product_tag","embeddable":true,"href":"https:\/\/e.kosmolat.eu\/lv\/wp-json\/wp\/v2\/product_tag?post=43193"}],"curies":[{"name":"wp","href":"https:\/\/api.w.org\/{rel}","templated":true}]}}