{"id":43173,"date":"2024-01-31T12:33:13","date_gmt":"2024-01-31T12:33:13","guid":{"rendered":"https:\/\/e.kosmolat.eu\/product\/lv-nagu-laka-gel-shine-101-tonis\/"},"modified":"2025-09-20T01:37:40","modified_gmt":"2025-09-20T01:37:40","slug":"lv-nagu-laka-gel-shine-101-tonis","status":"publish","type":"product","link":"https:\/\/e.kosmolat.eu\/lv\/product\/lv-nagu-laka-gel-shine-101-tonis\/","title":{"rendered":"LV Nagu laka Gel Shine, 101 tonis"},"content":{"rendered":"<p><strong>Lieto&scaron;ana:<\/strong> sakratiet pudel\u012bti. Uzkl\u0101jiet 1-2 lakas k\u0101rtas ar oti\u0146as pal\u012bdz\u012bbu. \u013baujiet iz\u017e\u016bt.&nbsp;<\/p>\n<p>Uzglab\u0101t temperat\u016br\u0101 no +5 &deg;\u0421 l\u012bdz +25 &deg;\u0421 saus\u0101, labi v\u0113din\u0101m\u0101 viet\u0101 prom no apkures ier\u012bc\u0113m, sarg\u0101jot no tie&scaron;iem saules stariem.<br \/>\n&nbsp;<\/p>\n","protected":false},"excerpt":{"rendered":"<p>Lieto&scaron;ana: sakratiet pudel\u012bti. Uzkl\u0101jiet 1-2 lakas k\u0101rtas ar oti\u0146as pal\u012bdz\u012bbu. \u013baujiet iz\u017e\u016bt.&nbsp; Uzglab\u0101t temperat\u016br\u0101 no +5 &deg;\u0421 l\u012bdz +25 &deg;\u0421 saus\u0101, labi v\u0113din\u0101m\u0101 viet\u0101 prom no apkures ier\u012bc\u0113m, sarg\u0101jot no tie&scaron;iem saules stariem. &nbsp;<\/p>\n","protected":false},"featured_media":89170,"template":"","meta":[],"product_cat":[1515],"product_tag":[],"class_list":{"0":"post-43173","1":"product","2":"type-product","3":"status-publish","4":"has-post-thumbnail","6":"product_brand-lux-visage_by","7":"product_cat-nagu-lakas","9":"first","10":"outofstock","11":"taxable","12":"shipping-taxable","13":"product-type-simple"},"_links":{"self":[{"href":"https:\/\/e.kosmolat.eu\/lv\/wp-json\/wp\/v2\/product\/43173","targetHints":{"allow":["GET"]}}],"collection":[{"href":"https:\/\/e.kosmolat.eu\/lv\/wp-json\/wp\/v2\/product"}],"about":[{"href":"https:\/\/e.kosmolat.eu\/lv\/wp-json\/wp\/v2\/types\/product"}],"wp:featuredmedia":[{"embeddable":true,"href":"https:\/\/e.kosmolat.eu\/lv\/wp-json\/wp\/v2\/media\/89170"}],"wp:attachment":[{"href":"https:\/\/e.kosmolat.eu\/lv\/wp-json\/wp\/v2\/media?parent=43173"}],"wp:term":[{"taxonomy":"product_cat","embeddable":true,"href":"https:\/\/e.kosmolat.eu\/lv\/wp-json\/wp\/v2\/product_cat?post=43173"},{"taxonomy":"product_tag","embeddable":true,"href":"https:\/\/e.kosmolat.eu\/lv\/wp-json\/wp\/v2\/product_tag?post=43173"}],"curies":[{"name":"wp","href":"https:\/\/api.w.org\/{rel}","templated":true}]}}