{"id":43141,"date":"2024-01-31T12:30:02","date_gmt":"2024-01-31T12:30:02","guid":{"rendered":"https:\/\/e.kosmolat.eu\/product\/viriesu-smarzudens-viva-gladius-100-ml\/"},"modified":"2025-09-19T20:51:49","modified_gmt":"2025-09-19T20:51:49","slug":"viriesu-smarzudens-viva-gladius-100-ml","status":"publish","type":"product","link":"https:\/\/e.kosmolat.eu\/lv\/product\/viriesu-smarzudens-viva-gladius-100-ml\/","title":{"rendered":"V\u012brie\u0161u smar\u017e\u016bdens  VIVA GLADIUS 100 ml."},"content":{"rendered":"<div>Koknes-\u016bdens arom\u0101ts.<\/div>\n<div>S\u0101kuma notis: greipfr\u016bts, j\u016bras notis, mandar\u012bns.<\/div>\n<div>Vidus notis: laurs, jasm\u012bns.<\/div>\n<div>Beigu notis: gujaks, ozolu s\u016bnas, pa\u010d\u016blija, pel\u0113k\u0101 ambra.&nbsp;<\/div>\n","protected":false},"excerpt":{"rendered":"<p>Koknes-\u016bdens arom\u0101ts. S\u0101kuma notis: greipfr\u016bts, j\u016bras notis, mandar\u012bns. Vidus notis: laurs, jasm\u012bns. Beigu notis: gujaks, ozolu s\u016bnas, pa\u010d\u016blija, pel\u0113k\u0101 ambra.&nbsp;<\/p>\n","protected":false},"featured_media":78399,"template":"","meta":[],"product_cat":[1436],"product_tag":[],"class_list":{"0":"post-43141","1":"product","2":"type-product","3":"status-publish","4":"has-post-thumbnail","6":"product_brand-parfum-by","7":"product_cat-viriesu-smarzas-un-tualetes-udeni","9":"first","10":"outofstock","11":"taxable","12":"shipping-taxable","13":"product-type-simple"},"_links":{"self":[{"href":"https:\/\/e.kosmolat.eu\/lv\/wp-json\/wp\/v2\/product\/43141","targetHints":{"allow":["GET"]}}],"collection":[{"href":"https:\/\/e.kosmolat.eu\/lv\/wp-json\/wp\/v2\/product"}],"about":[{"href":"https:\/\/e.kosmolat.eu\/lv\/wp-json\/wp\/v2\/types\/product"}],"wp:featuredmedia":[{"embeddable":true,"href":"https:\/\/e.kosmolat.eu\/lv\/wp-json\/wp\/v2\/media\/78399"}],"wp:attachment":[{"href":"https:\/\/e.kosmolat.eu\/lv\/wp-json\/wp\/v2\/media?parent=43141"}],"wp:term":[{"taxonomy":"product_cat","embeddable":true,"href":"https:\/\/e.kosmolat.eu\/lv\/wp-json\/wp\/v2\/product_cat?post=43141"},{"taxonomy":"product_tag","embeddable":true,"href":"https:\/\/e.kosmolat.eu\/lv\/wp-json\/wp\/v2\/product_tag?post=43141"}],"curies":[{"name":"wp","href":"https:\/\/api.w.org\/{rel}","templated":true}]}}