{"id":43125,"date":"2024-01-31T12:29:09","date_gmt":"2024-01-31T12:29:09","guid":{"rendered":"https:\/\/e.kosmolat.eu\/product\/herbarica-sejas-un-plakstinu-krems-65-super-barosana-40-g\/"},"modified":"2025-09-19T21:43:51","modified_gmt":"2025-09-19T21:43:51","slug":"herbarica-sejas-un-plakstinu-krems-65-super-barosana-40-g","status":"publish","type":"product","link":"https:\/\/e.kosmolat.eu\/lv\/product\/herbarica-sejas-un-plakstinu-krems-65-super-barosana-40-g\/","title":{"rendered":"Herbarica Sejas un plaksti\u0146u kr\u0113ms 65+ Super baro\u0161ana, 40 g"},"content":{"rendered":"<p>Daudzfunkcion\u0101ls l\u012bdzeklis sejas \u0101das kop\u0161anai. Kokosriekstu un \u0161\u012b sviests intens\u012bvi baro sausu \u0101du, mitrina to un nov\u0113r\u0161 lob\u012b\u0161anos.\n<\/p>\n<p>\u017de\u0146\u0161e\u0146a un propolisa ekstrakti audu re\u0123ener\u0101ciju.\n<\/p>\n<p>Beta\u012bna un glicer\u012bna komplekss ir mitrin\u0101t\u0101ji, kuri pie\u0161\u0137ir \u0101dai svaigu izskatu un tvirtumu. <\/p>\n<p>Lieto\u0161ana: no r\u012bta un\/vai vakar\u0101 uzkl\u0101t uz att\u012br\u012btas sejas un kakla \u0101das.<\/p>\n<\/p><\/p>\n","protected":false},"excerpt":{"rendered":"<p>Daudzfunkcion\u0101ls l\u012bdzeklis sejas \u0101das kop\u0161anai. Kokosriekstu un \u0161\u012b sviests intens\u012bvi baro sausu \u0101du, mitrina to un nov\u0113r\u0161 lob\u012b\u0161anos. \u017de\u0146\u0161e\u0146a un propolisa ekstrakti audu re\u0123ener\u0101ciju. Beta\u012bna un glicer\u012bna komplekss ir mitrin\u0101t\u0101ji, kuri pie\u0161\u0137ir \u0101dai svaigu izskatu un tvirtumu. Lieto\u0161ana: no r\u012bta un\/vai vakar\u0101 uzkl\u0101t uz att\u012br\u012btas sejas un kakla \u0101das.<\/p>\n","protected":false},"featured_media":85322,"template":"","meta":[],"product_cat":[1320],"product_tag":[],"class_list":{"0":"post-43125","1":"product","2":"type-product","3":"status-publish","4":"has-post-thumbnail","6":"product_brand-belkosmex_by","7":"product_cat-sejas-kremi","9":"first","10":"outofstock","11":"taxable","12":"shipping-taxable","13":"product-type-simple"},"_links":{"self":[{"href":"https:\/\/e.kosmolat.eu\/lv\/wp-json\/wp\/v2\/product\/43125","targetHints":{"allow":["GET"]}}],"collection":[{"href":"https:\/\/e.kosmolat.eu\/lv\/wp-json\/wp\/v2\/product"}],"about":[{"href":"https:\/\/e.kosmolat.eu\/lv\/wp-json\/wp\/v2\/types\/product"}],"wp:featuredmedia":[{"embeddable":true,"href":"https:\/\/e.kosmolat.eu\/lv\/wp-json\/wp\/v2\/media\/85322"}],"wp:attachment":[{"href":"https:\/\/e.kosmolat.eu\/lv\/wp-json\/wp\/v2\/media?parent=43125"}],"wp:term":[{"taxonomy":"product_cat","embeddable":true,"href":"https:\/\/e.kosmolat.eu\/lv\/wp-json\/wp\/v2\/product_cat?post=43125"},{"taxonomy":"product_tag","embeddable":true,"href":"https:\/\/e.kosmolat.eu\/lv\/wp-json\/wp\/v2\/product_tag?post=43125"}],"curies":[{"name":"wp","href":"https:\/\/api.w.org\/{rel}","templated":true}]}}