{"id":43113,"date":"2024-01-31T12:28:31","date_gmt":"2024-01-31T12:28:31","guid":{"rendered":"https:\/\/e.kosmolat.eu\/product\/dr-s-cannabis-hair-maska-300-ml\/"},"modified":"2025-09-19T21:40:27","modified_gmt":"2025-09-19T21:40:27","slug":"i_dr-s-cannabis-hair-maska-300-ml","status":"publish","type":"product","link":"https:\/\/e.kosmolat.eu\/lv\/product\/i_dr-s-cannabis-hair-maska-300-ml\/","title":{"rendered":"I_Dr.S.Cannabis Hair Maska 300 ml"},"content":{"rendered":"<p>S\u0113rija Cannabis Hair ir piepild\u012bta ar sp\u0113ju un dabas ener\u0123iju &#8211; ka\u0146epju e\u013c\u013ca ir viena no v\u0113rt\u012bg\u0101k\u0101m un sabalans\u0113t\u0101k\u0101m 100% e\u013c\u013c\u0101m.<\/p>\n<p>Komplekss no 14 ultra svar\u012bg\u0101m aminosk\u0101b\u0113m matu atjauno&scaron;anai PRODEW 500 nov\u0113r&scaron; matu kutikulas virsmas boj\u0101jumus, stiprina matu strukt\u016b\u0157u. Maska baro un mitrina matus, atvieglo to \u0137emm\u0113&scaron;anu, nov\u0113r&scaron; matu sap\u012b&scaron;anos.<\/p>\n<ul>\n<li>Ka\u0146epju e\u013c\u013ca (satur vitam\u012bnus A, C, E, keram\u012bdus, prote\u012bnus, tauksk\u0101ves Omega-3, Omega-6, Omega-9, karot\u012bnu) kompleksi revitaliz\u0113 matus.<\/li>\n<li>Amlas e\u013c\u013ca kopj, mitrina matus, izl\u012bdzina. Mati ieg\u016bst glanc\u0113tu&nbsp;sp\u012bdumu.<\/li>\n<li>Alvejas sula &#8211; dab\u012bgs emolents, kas&nbsp;uztur nepiecie&scaron;amo&nbsp;mitruma l\u012bmeni.<\/li>\n<\/ul>\n<p><strong>Lieto&scaron;ana: <\/strong>uzkl\u0101t uz t\u012briem mitriem matiem. Atst\u0101t uz 5-10 min\u016bt\u0113m, tad r\u016bp\u012bgi nomazg\u0101t ar \u016bdeni.&nbsp;<\/p>\n<p><strong>Piesardz\u012bbas pas\u0101kumi: <\/strong>ja iek\u013c\u016bst ac\u012bs,izskalot ar \u016bdeni. Iesp\u0113jama paaugstin\u0101ta individu\u0101la jut\u012bba pret atsevi&scaron;\u0137\u0101m sast\u0101vda\u013c\u0101m.<\/p>\n","protected":false},"excerpt":{"rendered":"<p>S\u0113rija Cannabis Hair ir piepild\u012bta ar sp\u0113ju un dabas ener\u0123iju &#8211; ka\u0146epju e\u013c\u013ca ir viena no v\u0113rt\u012bg\u0101k\u0101m un sabalans\u0113t\u0101k\u0101m 100% e\u013c\u013c\u0101m. Komplekss no 14 ultra svar\u012bg\u0101m aminosk\u0101b\u0113m matu atjauno&scaron;anai PRODEW 500 nov\u0113r&scaron; matu kutikulas virsmas boj\u0101jumus, stiprina matu strukt\u016b\u0157u. Maska baro un mitrina matus, atvieglo to \u0137emm\u0113&scaron;anu, nov\u0113r&scaron; matu sap\u012b&scaron;anos. Ka\u0146epju e\u013c\u013ca (satur vitam\u012bnus A, [&#8230;]\n","protected":false},"featured_media":85262,"template":"","meta":[],"product_cat":[1254],"product_tag":[],"class_list":{"0":"post-43113","1":"product","2":"type-product","3":"status-publish","4":"has-post-thumbnail","6":"product_brand-elfa_ua","7":"product_cat-maskas-matiem","9":"first","10":"outofstock","11":"taxable","12":"shipping-taxable","13":"product-type-simple"},"_links":{"self":[{"href":"https:\/\/e.kosmolat.eu\/lv\/wp-json\/wp\/v2\/product\/43113","targetHints":{"allow":["GET"]}}],"collection":[{"href":"https:\/\/e.kosmolat.eu\/lv\/wp-json\/wp\/v2\/product"}],"about":[{"href":"https:\/\/e.kosmolat.eu\/lv\/wp-json\/wp\/v2\/types\/product"}],"wp:featuredmedia":[{"embeddable":true,"href":"https:\/\/e.kosmolat.eu\/lv\/wp-json\/wp\/v2\/media\/85262"}],"wp:attachment":[{"href":"https:\/\/e.kosmolat.eu\/lv\/wp-json\/wp\/v2\/media?parent=43113"}],"wp:term":[{"taxonomy":"product_cat","embeddable":true,"href":"https:\/\/e.kosmolat.eu\/lv\/wp-json\/wp\/v2\/product_cat?post=43113"},{"taxonomy":"product_tag","embeddable":true,"href":"https:\/\/e.kosmolat.eu\/lv\/wp-json\/wp\/v2\/product_tag?post=43113"}],"curies":[{"name":"wp","href":"https:\/\/api.w.org\/{rel}","templated":true}]}}