{"id":43109,"date":"2024-01-31T12:28:12","date_gmt":"2024-01-31T12:28:12","guid":{"rendered":"https:\/\/e.kosmolat.eu\/product\/green-oils-zeleja-putas-sejai-barosana-saudziga-attirisana-100-g\/"},"modified":"2025-09-19T20:43:02","modified_gmt":"2025-09-19T20:43:02","slug":"green-oils-zeleja-putas-sejai-barosana-saudziga-attirisana-100-g","status":"publish","type":"product","link":"https:\/\/e.kosmolat.eu\/lv\/product\/green-oils-zeleja-putas-sejai-barosana-saudziga-attirisana-100-g\/","title":{"rendered":"GREEN OILS \u017deleja-putas sejai Baro\u0161ana Saudz\u012bg\u0101 att\u012br\u012b\u0161ana, 100 g"},"content":{"rendered":"<p>Maigs produkts delik\u0101tai ikdienas sejas \u0101das att\u012br\u012b\u0161anai. \u017delejas-putu pamat\u0101 \u2013 maigas sast\u0101vda\u013cas un kokosriekstu sviesta b\u0101zes, kuri saudz\u012bgi likvid\u0113 net\u012brumus un kosm\u0113tikas p\u0101rpalikumus, uzturot dabisku mitruma l\u012bmeni un saglab\u0101jiet \u0101dai tuvu pH l\u012bmeni. V\u0113rt\u012bga v\u012bnogu kauli\u0146u e\u013c\u013ca atjauno \u0161\u016bnu re\u0123ener\u0101cijas sp\u0113jas, rezultat\u012bvi pretojas pret \u0101das noveco\u0161anu, pasarg\u0101 to pret sausuma un savilkt\u012bbas saj\u016btas par\u0101d\u012b\u0161anos. Za\u013c\u0101s t\u0113jas ekstrakts ir bag\u0101ts ar bioakt\u012bv\u0101m viel\u0101m (vitam\u012bniem, mikroelementiem, polifenoliem, lip\u012bdiem, aminosk\u0101b\u0113m). Tas atjauno \u0101das tvirtumu, piepilda ar ener\u0123iju un lielisku mirdzumu. Paredz\u0113ts visiem \u0101das tipiem. <\/p>\n<h4>Lieto\u0161ana: <\/h4>\n<p>uzkl\u0101t uz mitr\u0101s sejas \u0101das, pamas\u0113t viegl\u0101m mas\u0113jo\u0161\u0101m kust\u012bb\u0101m, nomazg\u0101t ar \u016bdeni.<\/p>\n","protected":false},"excerpt":{"rendered":"<p>Maigs produkts delik\u0101tai ikdienas sejas \u0101das att\u012br\u012b\u0161anai. \u017delejas-putu pamat\u0101 \u2013 maigas sast\u0101vda\u013cas un kokosriekstu sviesta b\u0101zes, kuri saudz\u012bgi likvid\u0113 net\u012brumus un kosm\u0113tikas p\u0101rpalikumus, uzturot dabisku mitruma l\u012bmeni un saglab\u0101jiet \u0101dai tuvu pH l\u012bmeni. V\u0113rt\u012bga v\u012bnogu kauli\u0146u e\u013c\u013ca atjauno \u0161\u016bnu re\u0123ener\u0101cijas sp\u0113jas, rezultat\u012bvi pretojas pret \u0101das noveco\u0161anu, pasarg\u0101 to pret sausuma un savilkt\u012bbas saj\u016btas par\u0101d\u012b\u0161anos. Za\u013c\u0101s [&#8230;]\n","protected":false},"featured_media":84226,"template":"","meta":[],"product_cat":[1575],"product_tag":[],"class_list":{"0":"post-43109","1":"product","2":"type-product","3":"status-publish","4":"has-post-thumbnail","6":"product_brand-belkosmex_by","7":"product_cat-zelejas","9":"first","10":"outofstock","11":"taxable","12":"shipping-taxable","13":"product-type-simple"},"_links":{"self":[{"href":"https:\/\/e.kosmolat.eu\/lv\/wp-json\/wp\/v2\/product\/43109","targetHints":{"allow":["GET"]}}],"collection":[{"href":"https:\/\/e.kosmolat.eu\/lv\/wp-json\/wp\/v2\/product"}],"about":[{"href":"https:\/\/e.kosmolat.eu\/lv\/wp-json\/wp\/v2\/types\/product"}],"wp:featuredmedia":[{"embeddable":true,"href":"https:\/\/e.kosmolat.eu\/lv\/wp-json\/wp\/v2\/media\/84226"}],"wp:attachment":[{"href":"https:\/\/e.kosmolat.eu\/lv\/wp-json\/wp\/v2\/media?parent=43109"}],"wp:term":[{"taxonomy":"product_cat","embeddable":true,"href":"https:\/\/e.kosmolat.eu\/lv\/wp-json\/wp\/v2\/product_cat?post=43109"},{"taxonomy":"product_tag","embeddable":true,"href":"https:\/\/e.kosmolat.eu\/lv\/wp-json\/wp\/v2\/product_tag?post=43109"}],"curies":[{"name":"wp","href":"https:\/\/api.w.org\/{rel}","templated":true}]}}