{"id":43105,"date":"2024-01-31T12:27:55","date_gmt":"2024-01-31T12:27:55","guid":{"rendered":"https:\/\/e.kosmolat.eu\/product\/green-oils-sejas-krems-55-ultrabarosana-adas-revitalizacija-40-g\/"},"modified":"2025-09-19T20:42:46","modified_gmt":"2025-09-19T20:42:46","slug":"green-oils-sejas-krems-55-ultrabarosana-adas-revitalizacija-40-g","status":"publish","type":"product","link":"https:\/\/e.kosmolat.eu\/lv\/product\/green-oils-sejas-krems-55-ultrabarosana-adas-revitalizacija-40-g\/","title":{"rendered":"GREEN OILS Sejas kr\u0113ms 55+ Ultrabaro\u0161ana \u0100das revitaliz\u0101cija, 40 g"},"content":{"rendered":"<ul>\n<li>Sezama s\u0113kli\u0146u organisk\u0101 e\u013c\u013ca atjauno hidrolip\u012bdu aizsargsl\u0101ni un nov\u0113r&scaron; sausumu un lob\u012b&scaron;anos, atjauno \u0101das gludumu, padara to neparasti maigu un z\u012bdainu.<\/li>\n<li>Kakao sviests un saldo mande\u013cu e\u013c\u013ca, nodro&scaron;ina &scaron;\u016bn\u0101m neaizvietojamas tauksk\u0101bes, A, E, B grupas vitam\u012bnus, toniz\u0113 \u0101du, izl\u012bdzina grumbas, pie&scaron;\u0137ir \u0101dai tvirtumu un elast\u012bbu.<\/li>\n<li>Super barojo&scaron;ais &scaron;\u012b sviests, hohobas un v\u012bnogu kauli\u0146u e\u013c\u013cas bag\u0101tina &scaron;\u016bnas ar ener\u0123iju, aktiviz\u0113 \u0101das sp\u0113jas pretoties \u0101r\u0113jiem faktoriem, kuri izsauc noveco&scaron;anu, atgrie\u017e nobriedu&scaron;ai \u0101dai svaigumu un skaistumu.<\/li>\n<\/ul>\n<p>Piem\u0113rots visiem \u0101das tipiem. Var lietot k\u0101 pamatu zem makij\u0101\u017eas.<\/p>\n<p><strong>Lieto&scaron;ana:<\/strong>&nbsp;no r\u012bta un vakar\u0101 uzkl\u0101t kr\u0113mu uz t\u012bras sejas un kakla \u0101das pa mas\u0101\u017eas l\u012bnij\u0101m.<\/p>\n","protected":false},"excerpt":{"rendered":"<p>Sezama s\u0113kli\u0146u organisk\u0101 e\u013c\u013ca atjauno hidrolip\u012bdu aizsargsl\u0101ni un nov\u0113r&scaron; sausumu un lob\u012b&scaron;anos, atjauno \u0101das gludumu, padara to neparasti maigu un z\u012bdainu. Kakao sviests un saldo mande\u013cu e\u013c\u013ca, nodro&scaron;ina &scaron;\u016bn\u0101m neaizvietojamas tauksk\u0101bes, A, E, B grupas vitam\u012bnus, toniz\u0113 \u0101du, izl\u012bdzina grumbas, pie&scaron;\u0137ir \u0101dai tvirtumu un elast\u012bbu. Super barojo&scaron;ais &scaron;\u012b sviests, hohobas un v\u012bnogu kauli\u0146u e\u013c\u013cas bag\u0101tina [&#8230;]\n","protected":false},"featured_media":84222,"template":"","meta":[],"product_cat":[1320],"product_tag":[],"class_list":{"0":"post-43105","1":"product","2":"type-product","3":"status-publish","4":"has-post-thumbnail","6":"product_brand-belkosmex_by","7":"product_cat-sejas-kremi","9":"first","10":"outofstock","11":"taxable","12":"shipping-taxable","13":"product-type-simple"},"_links":{"self":[{"href":"https:\/\/e.kosmolat.eu\/lv\/wp-json\/wp\/v2\/product\/43105","targetHints":{"allow":["GET"]}}],"collection":[{"href":"https:\/\/e.kosmolat.eu\/lv\/wp-json\/wp\/v2\/product"}],"about":[{"href":"https:\/\/e.kosmolat.eu\/lv\/wp-json\/wp\/v2\/types\/product"}],"wp:featuredmedia":[{"embeddable":true,"href":"https:\/\/e.kosmolat.eu\/lv\/wp-json\/wp\/v2\/media\/84222"}],"wp:attachment":[{"href":"https:\/\/e.kosmolat.eu\/lv\/wp-json\/wp\/v2\/media?parent=43105"}],"wp:term":[{"taxonomy":"product_cat","embeddable":true,"href":"https:\/\/e.kosmolat.eu\/lv\/wp-json\/wp\/v2\/product_cat?post=43105"},{"taxonomy":"product_tag","embeddable":true,"href":"https:\/\/e.kosmolat.eu\/lv\/wp-json\/wp\/v2\/product_tag?post=43105"}],"curies":[{"name":"wp","href":"https:\/\/api.w.org\/{rel}","templated":true}]}}