{"id":43093,"date":"2024-01-31T12:27:20","date_gmt":"2024-01-31T12:27:20","guid":{"rendered":"https:\/\/e.kosmolat.eu\/product\/omega-369-sejas-krems-sausai-un-jutigai-adai-48g\/"},"modified":"2025-09-19T19:39:36","modified_gmt":"2025-09-19T19:39:36","slug":"omega-369-sejas-krems-sausai-un-jutigai-adai-48g","status":"publish","type":"product","link":"https:\/\/e.kosmolat.eu\/lv\/product\/omega-369-sejas-krems-sausai-un-jutigai-adai-48g\/","title":{"rendered":"OMEGA 369 Sejas kr\u0113ms sausai un jut\u012bgai \u0101dai, 48g"},"content":{"rendered":"<p>100% organisk\u0101 e\u013c\u013ca Inca Omega Oil nodro\u0161ina sausai un jut\u012bgai \u0101dai \u012bpa\u0161u kop\u0161anu. T\u0101 normaliz\u0113 \u0101das st\u0101vokli: rezultat\u012bvi samazina kairin\u0101jumu, kas ir izsaukts ar hiperaktivit\u0101ti, sniedz ultra-barojo\u0161u iedarb\u012bbu, pies\u0101tinot \u0161\u016bnas ar omega3-6-9 tauksk\u0101b\u0113m; izl\u012bdzina grumbi\u0146as un atgrie\u017e \u0101dai tvirtumu; efekt\u012bvi pretojas priek\u0161laic\u012bgai noveco\u0161anai. Omega Plus \u2013 saulespu\u0137u, kukur\u016bzas, kun\u017euta, makad\u0101mijas un ol\u012bvas v\u0113rt\u012bgu e\u013c\u013cu komplekss nodro\u0161ina \u0101das lip\u012bdu barjera atjauno\u0161anu, rezultat\u012bvi samazina t\u0101s sausumu un savilkt\u012bbu, vecina \u0161\u016bnu re\u0123ener\u0101ciju, \u201cdz\u0113\u0161\u201d noguruma un stresa p\u0113das piepildot \u0101du ar skaistumu un mirdzumu. Kakao sviests aktiviz\u0113 \u0101das atjauno\u0161an\u0101s procesus, lieliski m\u012bkstina un atgrie\u017e tonusu, z\u012bdainu gludumu un maigumu. Bieza bag\u0101t\u012bga kr\u0113ma tekst\u016bra b\u016bs optim\u0101li piem\u0113rota saus\u0101s, \u013cot saus\u0101s un jut\u012bg\u0101s \u0101das kop\u0161anai. Piem\u0113rots lieto\u0161an\u0101 k\u0101 b\u0101ze zem makij\u0101\u017eas.\n<\/p>\n<p>\nLieto\u0161ana: no r\u012bta uzkl\u0101t kr\u0113mu pa mas\u0101\u017eas l\u012bnij\u0101m uz sejas un kakla \u0101das.\u00a0\u00a0<\/p>\n","protected":false},"excerpt":{"rendered":"<p>100% organisk\u0101 e\u013c\u013ca Inca Omega Oil nodro\u0161ina sausai un jut\u012bgai \u0101dai \u012bpa\u0161u kop\u0161anu. T\u0101 normaliz\u0113 \u0101das st\u0101vokli: rezultat\u012bvi samazina kairin\u0101jumu, kas ir izsaukts ar hiperaktivit\u0101ti, sniedz ultra-barojo\u0161u iedarb\u012bbu, pies\u0101tinot \u0161\u016bnas ar omega3-6-9 tauksk\u0101b\u0113m; izl\u012bdzina grumbi\u0146as un atgrie\u017e \u0101dai tvirtumu; efekt\u012bvi pretojas priek\u0161laic\u012bgai noveco\u0161anai. Omega Plus \u2013 saulespu\u0137u, kukur\u016bzas, kun\u017euta, makad\u0101mijas un ol\u012bvas v\u0113rt\u012bgu e\u013c\u013cu komplekss [&#8230;]\n","protected":false},"featured_media":83046,"template":"","meta":[],"product_cat":[1322],"product_tag":[],"class_list":{"0":"post-43093","1":"product","2":"type-product","3":"status-publish","4":"has-post-thumbnail","6":"product_brand-belkosmex_by","7":"product_cat-veido-kremai","9":"first","10":"outofstock","11":"taxable","12":"shipping-taxable","13":"product-type-simple"},"_links":{"self":[{"href":"https:\/\/e.kosmolat.eu\/lv\/wp-json\/wp\/v2\/product\/43093","targetHints":{"allow":["GET"]}}],"collection":[{"href":"https:\/\/e.kosmolat.eu\/lv\/wp-json\/wp\/v2\/product"}],"about":[{"href":"https:\/\/e.kosmolat.eu\/lv\/wp-json\/wp\/v2\/types\/product"}],"wp:featuredmedia":[{"embeddable":true,"href":"https:\/\/e.kosmolat.eu\/lv\/wp-json\/wp\/v2\/media\/83046"}],"wp:attachment":[{"href":"https:\/\/e.kosmolat.eu\/lv\/wp-json\/wp\/v2\/media?parent=43093"}],"wp:term":[{"taxonomy":"product_cat","embeddable":true,"href":"https:\/\/e.kosmolat.eu\/lv\/wp-json\/wp\/v2\/product_cat?post=43093"},{"taxonomy":"product_tag","embeddable":true,"href":"https:\/\/e.kosmolat.eu\/lv\/wp-json\/wp\/v2\/product_tag?post=43093"}],"curies":[{"name":"wp","href":"https:\/\/api.w.org\/{rel}","templated":true}]}}